{"id":466,"date":"2021-09-21T14:58:07","date_gmt":"2021-09-21T17:58:07","guid":{"rendered":"https:\/\/www.marquespiscinas.com.br\/loja\/?page_id=466"},"modified":"2021-09-21T14:58:09","modified_gmt":"2021-09-21T17:58:09","slug":"atendimento-ao-cliente","status":"publish","type":"page","link":"https:\/\/www.marquespiscinas.com.br\/loja\/atendimento-ao-cliente\/","title":{"rendered":"Atendimento ao Cliente"},"content":{"rendered":"\n<p>Precisa de alguma ajuda? Nosso atendimento ao cliente ajuda voc\u00ea.<\/p>\n\n\n\n<p>Nossos consultores est\u00e3o prontos para ajud\u00e1-lo com qualquer d\u00favida sobre seu pedido ou informa\u00e7\u00f5es gerais da loja on-line.<\/p>\n\n\n\n<p><strong>Hor\u00e1rio de Atendimento:<\/strong><br>Segunda \u00e0 Sexta, das 8h \u00e0s 17h<br>S\u00e1bado e Domingo n\u00e3o tem atendimento<\/p>\n\n\n\n<p><strong>Contatos:<\/strong><br>WhatsApp: <a href=\"https:\/\/api.whatsapp.com\/send?phone=5519995353582\">(19) 99535.3582<\/a><br><a href=\"mailto:contato@marquespiscinas.com.br\">contato@marquespiscinas.com.br<\/a><\/p>\n","protected":false},"excerpt":{"rendered":"<p>Precisa de alguma ajuda? Nosso atendimento ao cliente ajuda voc\u00ea. Nossos consultores est\u00e3o prontos para ajud\u00e1-lo com qualquer d\u00favida sobre seu pedido ou informa\u00e7\u00f5es gerais da loja on-line. Hor\u00e1rio de Atendimento:Segunda \u00e0 Sexta, das 8h \u00e0s 17hS\u00e1bado e Domingo n\u00e3o tem atendimento Contatos:WhatsApp: (19) 99535.3582contato@marquespiscinas.com.br<\/p>\n","protected":false},"author":1,"featured_media":0,"parent":0,"menu_order":0,"comment_status":"closed","ping_status":"closed","template":"","meta":{"footnotes":""},"class_list":["post-466","page","type-page","status-publish","hentry"],"jetpack_sharing_enabled":true,"_links":{"self":[{"href":"https:\/\/www.marquespiscinas.com.br\/loja\/wp-json\/wp\/v2\/pages\/466","targetHints":{"allow":["GET"]}}],"collection":[{"href":"https:\/\/www.marquespiscinas.com.br\/loja\/wp-json\/wp\/v2\/pages"}],"about":[{"href":"https:\/\/www.marquespiscinas.com.br\/loja\/wp-json\/wp\/v2\/types\/page"}],"author":[{"embeddable":true,"href":"https:\/\/www.marquespiscinas.com.br\/loja\/wp-json\/wp\/v2\/users\/1"}],"replies":[{"embeddable":true,"href":"https:\/\/www.marquespiscinas.com.br\/loja\/wp-json\/wp\/v2\/comments?post=466"}],"version-history":[{"count":1,"href":"https:\/\/www.marquespiscinas.com.br\/loja\/wp-json\/wp\/v2\/pages\/466\/revisions"}],"predecessor-version":[{"id":467,"href":"https:\/\/www.marquespiscinas.com.br\/loja\/wp-json\/wp\/v2\/pages\/466\/revisions\/467"}],"wp:attachment":[{"href":"https:\/\/www.marquespiscinas.com.br\/loja\/wp-json\/wp\/v2\/media?parent=466"}],"curies":[{"name":"wp","href":"https:\/\/api.w.org\/{rel}","templated":true}]}}