{"id":468,"date":"2021-09-21T15:04:20","date_gmt":"2021-09-21T18:04:20","guid":{"rendered":"https:\/\/www.marquespiscinas.com.br\/loja\/?page_id=468"},"modified":"2021-09-21T15:04:22","modified_gmt":"2021-09-21T18:04:22","slug":"entregas-e-fretes","status":"publish","type":"page","link":"https:\/\/www.marquespiscinas.com.br\/loja\/entregas-e-fretes\/","title":{"rendered":"Entregas e Fretes"},"content":{"rendered":"\n<p><strong>Entregas: <\/strong><\/p>\n\n\n\n<p>&#8211; As entregas da Marques Piscinas s\u00e3o realizadas via correios, onde o cliente pode escolher por PAC ou SEDEX, e o custo \u00e9 pago pelo cliente na finaliza\u00e7\u00e3o de compra. Para itens maiores, ser\u00e1 utilizada a plataforma Melhor Envio em conjunto com a JadLog.<\/p>\n\n\n\n<p><strong>Prazo de entrega: <\/strong><\/p>\n\n\n\n<p>&#8211; O prazo de entrega depende da localidade do endere\u00e7o de entrega do seu pedido.<\/p>\n\n\n\n<p>&#8211; Come\u00e7amos a contar a data da entrega a partir da data de confirma\u00e7\u00e3o de pagamento do seu pedido pela institui\u00e7\u00e3o financeira ou compensa\u00e7\u00e3o de seu boleto banc\u00e1rio e ap\u00f3s a confirma\u00e7\u00e3o dos seus dados cadastrais. No caso de pagamento via boleto banc\u00e1rio, o prazo de confirma\u00e7\u00e3o pode levar at\u00e9 3 ou 4 dias \u00fateis.<\/p>\n\n\n\n<p>&#8211; Alguns fatores clim\u00e1ticos ou situa\u00e7\u00f5es adversas podem interferir na entrega de suas compras. Nesses casos, verifique se ocorreram greves, paralisa\u00e7\u00f5es ou acidentes em sua localidade.<\/p>\n\n\n\n<p><strong>Regras e Restri\u00e7\u00f5es de Entrega:<\/strong><\/p>\n\n\n\n<p>\u2013 As entregas s\u00e3o realizadas de segunda a sexta das 9h \u00e0s 18h, exceto feriados.<\/p>\n\n\n\n<p>\u2013 Toda entrega dever\u00e1 ter o comprovante assinado pelo recebedor com preenchimento de data, nome leg\u00edvel e n\u00famero do RG.<\/p>\n\n\n\n<p>\u2013 Locais de destino com baixa popula\u00e7\u00e3o, de dif\u00edcil acesso ou distantes das capitais podem necessitar de mais prazo para a entrega ou serem retirados na ag\u00eancia dos Correios mais pr\u00f3xima.<\/p>\n\n\n\n<p>\u2013 Locais de destino sujeito a prazo diferenciado pelos Correios, com possibilidade de acr\u00e9scimo de at\u00e9 4 dias \u00fateis para a entrega ou serem retirados na ag\u00eancia dos Correios mais pr\u00f3xima. As entregas s\u00e3o realizadas apenas dentro do territ\u00f3rio nacional.<\/p>\n\n\n\n<p>\u2013 N\u00e3o haver\u00e1 reembolso do frete ao cliente em caso de uma segunda troca dos mesmos produtos ou pedido.<\/p>\n\n\n\n<p>\u2013 Em caso de d\u00favidas ou esclarecimentos, por favor, contate nosso servi\u00e7o de Atendimento ao Cliente do P\u00f3s Venda atrav\u00e9s do WhatsApp (19) 99535.3582 ou contato@marquespiscinas.com.br<\/p>\n\n\n\n<p><strong>Aus\u00eancia no Momento da Entrega ou Endere\u00e7o Incorreto:<\/strong><\/p>\n\n\n\n<p>&#8211; Para o sucesso de sua entrega, \u00e9 imprescind\u00edvel que as informa\u00e7\u00f5es de endere\u00e7o e telefone do seu cadastro estejam atualizadas. No caso de insucesso de entrega provocado por cliente ausente, dados cadastrais incorretos ou mudan\u00e7a de endere\u00e7o, o pedido ser\u00e1 devolvido \u00e0 nossa central de distribui\u00e7\u00e3o e seu pedido ser\u00e1 cancelado e reembolsado.<\/p>\n\n\n\n<p>&#8211; Caso o pedido retorne por endere\u00e7o incompleto ou destinat\u00e1rio ausente o valor do reenvio ser\u00e1 cobrado do cliente.<\/p>\n\n\n\n<p><strong>Acompanhamento do Pedido:<\/strong><\/p>\n\n\n\n<p>&#8211; Voc\u00ea pode acompanhar o seu pedido acessando a Sua Conta em Pedidos.<\/p>\n\n\n\n<p>&#8211; Voc\u00ea tamb\u00e9m receber\u00e1 no e-mail cadastrado o c\u00f3digo de rastreio.<\/p>\n\n\n\n<p>&#8211; A informa\u00e7\u00e3o do status de entrega estar\u00e1 dispon\u00edvel no site da transportadora um dia ap\u00f3s o envio do e-mail.Alguns pedidos s\u00e3o embalados em mais de uma caixa. Nesses casos, cada caixa ter\u00e1 um n\u00famero de postagem diferente para acompanhamento de entrega.<\/p>\n\n\n\n<p><strong>Hist\u00f3rico do Pedido:<\/strong><\/p>\n\n\n\n<p>&#8211; Para consultar os pedidos que voc\u00ea realizou no passado, v\u00e1 para \u00e1rea de sua Conta.<\/p>\n\n\n\n<p>&#8211; Voc\u00ea dever\u00e1 iniciar uma sess\u00e3o com seu nome de usu\u00e1rio e senha.<\/p>\n","protected":false},"excerpt":{"rendered":"<p>Entregas: &#8211; As entregas da Marques Piscinas s\u00e3o realizadas via correios, onde o cliente pode escolher por PAC ou SEDEX, e o custo \u00e9 pago pelo cliente na finaliza\u00e7\u00e3o de compra. Para itens maiores, ser\u00e1 utilizada a plataforma Melhor Envio em conjunto com a JadLog. Prazo de entrega: &#8211; O prazo de entrega depende da [&hellip;]<\/p>\n","protected":false},"author":1,"featured_media":0,"parent":0,"menu_order":0,"comment_status":"closed","ping_status":"closed","template":"","meta":{"footnotes":""},"class_list":["post-468","page","type-page","status-publish","hentry"],"jetpack_sharing_enabled":true,"_links":{"self":[{"href":"https:\/\/www.marquespiscinas.com.br\/loja\/wp-json\/wp\/v2\/pages\/468","targetHints":{"allow":["GET"]}}],"collection":[{"href":"https:\/\/www.marquespiscinas.com.br\/loja\/wp-json\/wp\/v2\/pages"}],"about":[{"href":"https:\/\/www.marquespiscinas.com.br\/loja\/wp-json\/wp\/v2\/types\/page"}],"author":[{"embeddable":true,"href":"https:\/\/www.marquespiscinas.com.br\/loja\/wp-json\/wp\/v2\/users\/1"}],"replies":[{"embeddable":true,"href":"https:\/\/www.marquespiscinas.com.br\/loja\/wp-json\/wp\/v2\/comments?post=468"}],"version-history":[{"count":1,"href":"https:\/\/www.marquespiscinas.com.br\/loja\/wp-json\/wp\/v2\/pages\/468\/revisions"}],"predecessor-version":[{"id":469,"href":"https:\/\/www.marquespiscinas.com.br\/loja\/wp-json\/wp\/v2\/pages\/468\/revisions\/469"}],"wp:attachment":[{"href":"https:\/\/www.marquespiscinas.com.br\/loja\/wp-json\/wp\/v2\/media?parent=468"}],"curies":[{"name":"wp","href":"https:\/\/api.w.org\/{rel}","templated":true}]}}