{"id":471,"date":"2021-09-21T15:10:47","date_gmt":"2021-09-21T18:10:47","guid":{"rendered":"https:\/\/www.marquespiscinas.com.br\/loja\/?page_id=471"},"modified":"2021-09-21T15:12:01","modified_gmt":"2021-09-21T18:12:01","slug":"trocas-e-reembolsos","status":"publish","type":"page","link":"https:\/\/www.marquespiscinas.com.br\/loja\/trocas-e-reembolsos\/","title":{"rendered":"Pol\u00edticas de Reembolso"},"content":{"rendered":"\n<p>Para solicitar reembolso por defeitos, trocas ou desist\u00eancia, entrar em contato via e-mail e detalhar o ocorrido para contato@marquespiscinas.com.br<\/p>\n\n\n\n<p>Ap\u00f3s o recebimento do produto na loja, passar\u00e1 por an\u00e1lise o valor ser\u00e1 reembolsado.<\/p>\n\n\n\n<p><strong>Trocas e Reembolso:<\/strong><\/p>\n\n\n\n<p>&#8211; Ap\u00f3s o recebimento do produto na loja, avaliar e verificar o ocorrido, o valor ser\u00e1 reembolsado pelo:<br>Cart\u00e3o de Cr\u00e9dito: estorno no cart\u00e3o diretamente pela institui\u00e7\u00e3o financeira<br>Boleto: transfer\u00eancia banc\u00e1ria agendada<br>PIX: transfer\u00eancia banc\u00e1ria agendada<br>Vale Compras: para ser utilizada em futuras compras<\/p>\n\n\n\n<p>Encaminhar o produto para:<br>Marques Piscinas &#8211; Av. Eng. Antonio Francisco de Paula Souza, 4233 &#8211; Campinas\/SP &#8211; CEP: 13045-137<\/p>\n\n\n\n<p><strong>Regras:<\/strong><\/p>\n\n\n\n<p>&#8211; O cliente tem o prazo de at\u00e9 15 dias \u00fateis ap\u00f3s o recebimento do pedido conforme Artigo 49 do C\u00f3digo de Defesa do Consumidor, mediante apresenta\u00e7\u00e3o da nota fiscal (N\u00c3O TROCAMOS SEM A APRESENTA\u00c7\u00c3O DO MESMO), por defeitos, trocas ou desist\u00eancia.<\/p>\n\n\n\n<p>N\u00e3o aceitamos troca\/devolu\u00e7\u00e3o se o produto tiver ind\u00edcios de uso, ou se o cliente comprou tamanho ou quantidade.<\/p>\n","protected":false},"excerpt":{"rendered":"<p>Para solicitar reembolso por defeitos, trocas ou desist\u00eancia, entrar em contato via e-mail e detalhar o ocorrido para contato@marquespiscinas.com.br Ap\u00f3s o recebimento do produto na loja, passar\u00e1 por an\u00e1lise o valor ser\u00e1 reembolsado. Trocas e Reembolso: &#8211; Ap\u00f3s o recebimento do produto na loja, avaliar e verificar o ocorrido, o valor ser\u00e1 reembolsado pelo:Cart\u00e3o de [&hellip;]<\/p>\n","protected":false},"author":1,"featured_media":0,"parent":0,"menu_order":0,"comment_status":"closed","ping_status":"closed","template":"","meta":{"footnotes":""},"class_list":["post-471","page","type-page","status-publish","hentry"],"jetpack_sharing_enabled":true,"_links":{"self":[{"href":"https:\/\/www.marquespiscinas.com.br\/loja\/wp-json\/wp\/v2\/pages\/471","targetHints":{"allow":["GET"]}}],"collection":[{"href":"https:\/\/www.marquespiscinas.com.br\/loja\/wp-json\/wp\/v2\/pages"}],"about":[{"href":"https:\/\/www.marquespiscinas.com.br\/loja\/wp-json\/wp\/v2\/types\/page"}],"author":[{"embeddable":true,"href":"https:\/\/www.marquespiscinas.com.br\/loja\/wp-json\/wp\/v2\/users\/1"}],"replies":[{"embeddable":true,"href":"https:\/\/www.marquespiscinas.com.br\/loja\/wp-json\/wp\/v2\/comments?post=471"}],"version-history":[{"count":3,"href":"https:\/\/www.marquespiscinas.com.br\/loja\/wp-json\/wp\/v2\/pages\/471\/revisions"}],"predecessor-version":[{"id":474,"href":"https:\/\/www.marquespiscinas.com.br\/loja\/wp-json\/wp\/v2\/pages\/471\/revisions\/474"}],"wp:attachment":[{"href":"https:\/\/www.marquespiscinas.com.br\/loja\/wp-json\/wp\/v2\/media?parent=471"}],"curies":[{"name":"wp","href":"https:\/\/api.w.org\/{rel}","templated":true}]}}