{"id":103,"date":"2021-01-19T15:55:34","date_gmt":"2021-01-19T18:55:34","guid":{"rendered":"https:\/\/www.marquespiscinas.com.br\/loja\/?post_type=product&#038;p=103"},"modified":"2022-09-19T17:21:10","modified_gmt":"2022-09-19T20:21:10","slug":"2-em-1-floc-plus-hidroazul-1l","status":"publish","type":"product","link":"https:\/\/www.marquespiscinas.com.br\/loja\/produto\/2-em-1-floc-plus-hidroazul-1l\/","title":{"rendered":"2 em 1 Floc Plus Hidroazul 1L"},"content":{"rendered":"<p><strong>MODO DE USAR (para decantar):<br \/>\n<\/strong>1 -Separe quantidade de algicida\u00a0proporcional a quantidade de litros que tem a sua piscina, de deve ser igual a:\u00a012 \u00e0 15ml por 1000L.<br \/>\n2 &#8211; Deixe a piscina em repouso por 12 horas\u00a0e aspire a sujeira no modo DRENAR.<\/p>\n<p>&nbsp;<\/p>\n<p>&nbsp;<\/p>\n","protected":false},"excerpt":{"rendered":"<p>O Floc Plus 2 em 1 \u00e9 um produto de alta versatilidade, pois \u00e9 um\u00a0decantador\u00a0e\u00a0clarificante\u00a0em um \u00fanico produto,\u00a0indicado para todos os tipos de piscinas. N\u00e3o altera o pH. Verifique se a alcalinidade total da \u00e1gua e o pH est\u00e3o corretos.<\/p>\n<p>&nbsp;<\/p>\n","protected":false},"featured_media":529,"comment_status":"open","ping_status":"closed","template":"","meta":[],"product_brand":[],"product_cat":[24],"product_tag":[],"class_list":{"0":"post-103","1":"product","2":"type-product","3":"status-publish","4":"has-post-thumbnail","6":"product_cat-tratamento","8":"first","9":"instock","10":"shipping-taxable","11":"purchasable","12":"product-type-simple"},"jetpack_sharing_enabled":true,"_links":{"self":[{"href":"https:\/\/www.marquespiscinas.com.br\/loja\/wp-json\/wp\/v2\/product\/103","targetHints":{"allow":["GET"]}}],"collection":[{"href":"https:\/\/www.marquespiscinas.com.br\/loja\/wp-json\/wp\/v2\/product"}],"about":[{"href":"https:\/\/www.marquespiscinas.com.br\/loja\/wp-json\/wp\/v2\/types\/product"}],"replies":[{"embeddable":true,"href":"https:\/\/www.marquespiscinas.com.br\/loja\/wp-json\/wp\/v2\/comments?post=103"}],"wp:featuredmedia":[{"embeddable":true,"href":"https:\/\/www.marquespiscinas.com.br\/loja\/wp-json\/wp\/v2\/media\/529"}],"wp:attachment":[{"href":"https:\/\/www.marquespiscinas.com.br\/loja\/wp-json\/wp\/v2\/media?parent=103"}],"wp:term":[{"taxonomy":"product_brand","embeddable":true,"href":"https:\/\/www.marquespiscinas.com.br\/loja\/wp-json\/wp\/v2\/product_brand?post=103"},{"taxonomy":"product_cat","embeddable":true,"href":"https:\/\/www.marquespiscinas.com.br\/loja\/wp-json\/wp\/v2\/product_cat?post=103"},{"taxonomy":"product_tag","embeddable":true,"href":"https:\/\/www.marquespiscinas.com.br\/loja\/wp-json\/wp\/v2\/product_tag?post=103"}],"curies":[{"name":"wp","href":"https:\/\/api.w.org\/{rel}","templated":true}]}}