{"id":110,"date":"2021-01-20T09:01:50","date_gmt":"2021-01-20T12:01:50","guid":{"rendered":"https:\/\/www.marquespiscinas.com.br\/loja\/?post_type=product&#038;p=110"},"modified":"2025-10-13T17:52:27","modified_gmt":"2025-10-13T20:52:27","slug":"flocgel-hidroazul","status":"publish","type":"product","link":"https:\/\/www.marquespiscinas.com.br\/loja\/produto\/flocgel-hidroazul\/","title":{"rendered":"FlocGel Hidroazul"},"content":{"rendered":"<p>MODO DE USO:<\/p>\n<p>1 &#8211; Assegure-se que os n\u00edveis de alcalinidade, pH e cloro est\u00e3o corretos.<br \/>\n2 &#8211;\u00a0 Fa\u00e7a uma retrolavagem no filtro (lavar), seguida da r\u00e9-filtragem (enxaguar).<br \/>\n3 &#8211; Remova a embalagem pl\u00e1stica e coloque um cubo na cesta do filtro ou skimmer e, se necess\u00e1rio, fa\u00e7a uma limpeza retirando as folhas e sujeiras.<br \/>\n4 &#8211; Filtrar por um per\u00edodo m\u00ednimo de 6 horas, ou de acordo com a indica\u00e7\u00e3o do fabricante do filtro.<br \/>\n5 &#8211;\u00a0 A press\u00e3o da bomba poder\u00e1 aumentar, pois haver\u00e1 mais sujeiras que o usual. Quando isso ocorrer, proceder de acordo com o item 2.<br \/>\n6 &#8211; Coloque novos cubos quando necess\u00e1rio para manter a \u00e1gua cristalina. Um cubo pode clarificar at\u00e9 90.000 litros de \u00e1gua por 15 dias.<\/p>\n<p>&nbsp;<\/p>\n","protected":false},"excerpt":{"rendered":"<p>Aplica\u00e7\u00e3o\u00a0<b>Floc Gel<\/b>\u00a0\u00e9 um produto em\u00a0<b>gel<\/b>, 100% poliacrilamida, atua atraindo e aglomerando micropart\u00edculas retirando assim aquelas sujeiras que n\u00e3o s\u00e3o retiradas por filtra\u00e7\u00e3o ou decanta\u00e7\u00e3o por serem muito pequenas. Aumenta a efici\u00eancia do filtro deixando a \u00e1gua cristalina.<\/p>\n","protected":false},"featured_media":111,"comment_status":"open","ping_status":"closed","template":"","meta":[],"product_brand":[],"product_cat":[24],"product_tag":[],"class_list":{"0":"post-110","1":"product","2":"type-product","3":"status-publish","4":"has-post-thumbnail","6":"product_cat-tratamento","8":"first","9":"outofstock","10":"shipping-taxable","11":"purchasable","12":"product-type-simple"},"jetpack_sharing_enabled":true,"_links":{"self":[{"href":"https:\/\/www.marquespiscinas.com.br\/loja\/wp-json\/wp\/v2\/product\/110","targetHints":{"allow":["GET"]}}],"collection":[{"href":"https:\/\/www.marquespiscinas.com.br\/loja\/wp-json\/wp\/v2\/product"}],"about":[{"href":"https:\/\/www.marquespiscinas.com.br\/loja\/wp-json\/wp\/v2\/types\/product"}],"replies":[{"embeddable":true,"href":"https:\/\/www.marquespiscinas.com.br\/loja\/wp-json\/wp\/v2\/comments?post=110"}],"wp:featuredmedia":[{"embeddable":true,"href":"https:\/\/www.marquespiscinas.com.br\/loja\/wp-json\/wp\/v2\/media\/111"}],"wp:attachment":[{"href":"https:\/\/www.marquespiscinas.com.br\/loja\/wp-json\/wp\/v2\/media?parent=110"}],"wp:term":[{"taxonomy":"product_brand","embeddable":true,"href":"https:\/\/www.marquespiscinas.com.br\/loja\/wp-json\/wp\/v2\/product_brand?post=110"},{"taxonomy":"product_cat","embeddable":true,"href":"https:\/\/www.marquespiscinas.com.br\/loja\/wp-json\/wp\/v2\/product_cat?post=110"},{"taxonomy":"product_tag","embeddable":true,"href":"https:\/\/www.marquespiscinas.com.br\/loja\/wp-json\/wp\/v2\/product_tag?post=110"}],"curies":[{"name":"wp","href":"https:\/\/api.w.org\/{rel}","templated":true}]}}