{"id":112,"date":"2021-01-20T10:44:23","date_gmt":"2021-01-20T13:44:23","guid":{"rendered":"https:\/\/www.marquespiscinas.com.br\/loja\/?post_type=product&#038;p=112"},"modified":"2022-05-13T17:04:23","modified_gmt":"2022-05-13T20:04:23","slug":"weekend-hidroazul-24-kg","status":"publish","type":"product","link":"https:\/\/www.marquespiscinas.com.br\/loja\/produto\/weekend-hidroazul-24-kg\/","title":{"rendered":"Weekend Hidroazul 2,4 kg"},"content":{"rendered":"<p>Revolucion\u00e1rio tratamento para piscinas com \u00e1gua muito verde ou sem uso h\u00e1 muito tempo. Dispensa a aplica\u00e7\u00e3o de outros produtos. Limpa a piscina da noite para o dia. Pr\u00e9-dosado para piscinas de at\u00e9 30.000 litros<\/p>\n<p>O Weekend possui em sua formula\u00e7\u00e3o um composto clorado, excelente bactericida na forma de p\u00f3. Fonte de cloro dispon\u00edvel para desinfec\u00e7\u00e3o e sanitiza\u00e7\u00e3o imediata de piscinas. Possui tamb\u00e9m um floculante\/decantador de alta performance desenvolvido especialmente para piscinas.<br \/>\nPode ser utilizado para a destina\u00e7\u00e3o domiciliar ou institucional. \u00c9 pr\u00f3prio para a elimina\u00e7\u00e3o dos microorganismos da \u00e1gua da piscina, em especial algas que deixam a \u00e1gua verde, oxida\u00e7\u00e3o de mat\u00e9ria org\u00e2nica, inibi\u00e7\u00e3o de odores desagrad\u00e1veis e para a preven\u00e7\u00e3o das mais diversas doen\u00e7as infecciosas.<br \/>\nDesenvolvido para atuar em \u00e1guas desequilibradas quimicamente, o Weekend ajusta o pH da \u00e1gua e deixa cloro dispon\u00edvel para o uso da piscina.<\/p>\n<p>&nbsp;<\/p>\n","protected":false},"excerpt":{"rendered":"<p>Revolucion\u00e1rio tratamento para piscinas com \u00e1gua muito verde ou sem uso h\u00e1 muito tempo. Dispensa a aplica\u00e7\u00e3o de outros produtos. Limpa a piscina da noite para o dia. Pr\u00e9-dosado para piscinas de at\u00e9 30.000 litros O Weekend possui em sua formula\u00e7\u00e3o um composto clorado, excelente bactericida na forma de p\u00f3. Fonte de cloro dispon\u00edvel para [&hellip;]<\/p>\n","protected":false},"featured_media":114,"comment_status":"open","ping_status":"closed","template":"","meta":[],"product_brand":[],"product_cat":[24],"product_tag":[],"class_list":{"0":"post-112","1":"product","2":"type-product","3":"status-publish","4":"has-post-thumbnail","6":"product_cat-tratamento","8":"first","9":"instock","10":"shipping-taxable","11":"purchasable","12":"product-type-simple"},"jetpack_sharing_enabled":true,"_links":{"self":[{"href":"https:\/\/www.marquespiscinas.com.br\/loja\/wp-json\/wp\/v2\/product\/112","targetHints":{"allow":["GET"]}}],"collection":[{"href":"https:\/\/www.marquespiscinas.com.br\/loja\/wp-json\/wp\/v2\/product"}],"about":[{"href":"https:\/\/www.marquespiscinas.com.br\/loja\/wp-json\/wp\/v2\/types\/product"}],"replies":[{"embeddable":true,"href":"https:\/\/www.marquespiscinas.com.br\/loja\/wp-json\/wp\/v2\/comments?post=112"}],"wp:featuredmedia":[{"embeddable":true,"href":"https:\/\/www.marquespiscinas.com.br\/loja\/wp-json\/wp\/v2\/media\/114"}],"wp:attachment":[{"href":"https:\/\/www.marquespiscinas.com.br\/loja\/wp-json\/wp\/v2\/media?parent=112"}],"wp:term":[{"taxonomy":"product_brand","embeddable":true,"href":"https:\/\/www.marquespiscinas.com.br\/loja\/wp-json\/wp\/v2\/product_brand?post=112"},{"taxonomy":"product_cat","embeddable":true,"href":"https:\/\/www.marquespiscinas.com.br\/loja\/wp-json\/wp\/v2\/product_cat?post=112"},{"taxonomy":"product_tag","embeddable":true,"href":"https:\/\/www.marquespiscinas.com.br\/loja\/wp-json\/wp\/v2\/product_tag?post=112"}],"curies":[{"name":"wp","href":"https:\/\/api.w.org\/{rel}","templated":true}]}}