{"id":118,"date":"2021-01-19T14:19:13","date_gmt":"2021-01-19T17:19:13","guid":{"rendered":"https:\/\/www.marquespiscinas.com.br\/loja\/?post_type=product&#038;p=118"},"modified":"2025-10-13T17:52:27","modified_gmt":"2025-10-13T20:52:27","slug":"elimina-oleosidade-hth-1l","status":"publish","type":"product","link":"https:\/\/www.marquespiscinas.com.br\/loja\/produto\/elimina-oleosidade-hth-1l\/","title":{"rendered":"Elimina Oleosidade HTH 1L"},"content":{"rendered":"<p>O Elimina Oleosidade da hth, foi\u00a0desenvolvido para manter a qualidade da \u00e1gua de <strong><a href=\"https:\/\/www.petz.com.br\/casa-e-jardim\">piscinas<\/a><\/strong>\u00a0de forma simples e segura. Assim, os banhistas podem aproveitar tranquilamente o mergulho. A seguir, vamos apresentar os principais benef\u00edcios da solu\u00e7\u00e3o:<br \/>\n&#8211; Cont\u00e9m enzimas que eliminam res\u00edduos de protetor solar e cosm\u00e9ticos;<br \/>\n&#8211; Protege a cristalinidade da \u00e1gua;<br \/>\n&#8211; Pode ser utilizada simultaneamente com outros itens.<\/p>\n","protected":false},"excerpt":{"rendered":"<p>O\u00a0Eliminador de Oleosidade\u00a0\u00e9 um produto \u00e0 base de enzimas naturais que previne a forma\u00e7\u00e3o de oleosidade na superf\u00edcie da \u00e1gua ocasionada pelo uso de protetor solar e bronzeador, reduzindo tamb\u00e9m o acumulo de sujeiras nas bordas das piscinas e nos equipamentos (filtros, pr\u00e9-filtro e\u00a0<em>skimmer<\/em>). N\u00e3o altera o pH e a alcalinidade da \u00e1gua. Libera o uso de protetor solar e bronzeador na piscina<\/p>\n","protected":false},"featured_media":553,"comment_status":"open","ping_status":"closed","template":"","meta":[],"product_brand":[],"product_cat":[24],"product_tag":[],"class_list":{"0":"post-118","1":"product","2":"type-product","3":"status-publish","4":"has-post-thumbnail","6":"product_cat-tratamento","8":"first","9":"instock","10":"shipping-taxable","11":"purchasable","12":"product-type-simple"},"jetpack_sharing_enabled":true,"_links":{"self":[{"href":"https:\/\/www.marquespiscinas.com.br\/loja\/wp-json\/wp\/v2\/product\/118","targetHints":{"allow":["GET"]}}],"collection":[{"href":"https:\/\/www.marquespiscinas.com.br\/loja\/wp-json\/wp\/v2\/product"}],"about":[{"href":"https:\/\/www.marquespiscinas.com.br\/loja\/wp-json\/wp\/v2\/types\/product"}],"replies":[{"embeddable":true,"href":"https:\/\/www.marquespiscinas.com.br\/loja\/wp-json\/wp\/v2\/comments?post=118"}],"wp:featuredmedia":[{"embeddable":true,"href":"https:\/\/www.marquespiscinas.com.br\/loja\/wp-json\/wp\/v2\/media\/553"}],"wp:attachment":[{"href":"https:\/\/www.marquespiscinas.com.br\/loja\/wp-json\/wp\/v2\/media?parent=118"}],"wp:term":[{"taxonomy":"product_brand","embeddable":true,"href":"https:\/\/www.marquespiscinas.com.br\/loja\/wp-json\/wp\/v2\/product_brand?post=118"},{"taxonomy":"product_cat","embeddable":true,"href":"https:\/\/www.marquespiscinas.com.br\/loja\/wp-json\/wp\/v2\/product_cat?post=118"},{"taxonomy":"product_tag","embeddable":true,"href":"https:\/\/www.marquespiscinas.com.br\/loja\/wp-json\/wp\/v2\/product_tag?post=118"}],"curies":[{"name":"wp","href":"https:\/\/api.w.org\/{rel}","templated":true}]}}