{"id":123,"date":"2021-01-19T14:36:40","date_gmt":"2021-01-19T17:36:40","guid":{"rendered":"https:\/\/www.marquespiscinas.com.br\/loja\/?post_type=product&#038;p=123"},"modified":"2022-09-20T09:48:34","modified_gmt":"2022-09-20T12:48:34","slug":"maxfloc-hth-1l","status":"publish","type":"product","link":"https:\/\/www.marquespiscinas.com.br\/loja\/produto\/maxfloc-hth-1l\/","title":{"rendered":"MaxFloc HTH 1L"},"content":{"rendered":"<p>O\u00a0<strong>clarificante Hth\u00a0<\/strong>\u00e9 um produto usado para deixar a \u00e1gua da piscina sempre limpa, clarinha e pronta para pessoas se divertirem dentro dela.<\/p>\n<p>Para saber se a\u00a0<strong>piscina<\/strong>\u00a0est\u00e1 suja e precisa desse item t\u00e3o essencial, \u00e9 preciso observar alguns pontos. Nesse caso, observa-se:<\/p>\n<p>&#8211; A \u00e1gua turva;<br \/>\n&#8211; H\u00e1 muita sujeira na piscina;<br \/>\n&#8211; Toda a sua extens\u00e3o esbranqui\u00e7ada,<br \/>\n&#8211; N\u00e3o est\u00e1 t\u00e3o cristalina como deveria.<\/p>\n","protected":false},"excerpt":{"rendered":"<p>O hth Clarifica <b>Maxfloc<\/b>\u00a0protege a cristalinidade da \u00e1gua. Seu uso regular preserva a beleza atrav\u00e9s da clarifica\u00e7\u00e3o cont\u00ednua, pois sua f\u00f3rmula aglomera e flocula os res\u00edduos em micro-part\u00edculas, eliminando-as na filtra\u00e7\u00e3o.<\/p>\n","protected":false},"featured_media":547,"comment_status":"open","ping_status":"closed","template":"","meta":[],"product_brand":[],"product_cat":[24],"product_tag":[],"class_list":{"0":"post-123","1":"product","2":"type-product","3":"status-publish","4":"has-post-thumbnail","6":"product_cat-tratamento","8":"first","9":"instock","10":"shipping-taxable","11":"purchasable","12":"product-type-simple"},"jetpack_sharing_enabled":true,"_links":{"self":[{"href":"https:\/\/www.marquespiscinas.com.br\/loja\/wp-json\/wp\/v2\/product\/123","targetHints":{"allow":["GET"]}}],"collection":[{"href":"https:\/\/www.marquespiscinas.com.br\/loja\/wp-json\/wp\/v2\/product"}],"about":[{"href":"https:\/\/www.marquespiscinas.com.br\/loja\/wp-json\/wp\/v2\/types\/product"}],"replies":[{"embeddable":true,"href":"https:\/\/www.marquespiscinas.com.br\/loja\/wp-json\/wp\/v2\/comments?post=123"}],"wp:featuredmedia":[{"embeddable":true,"href":"https:\/\/www.marquespiscinas.com.br\/loja\/wp-json\/wp\/v2\/media\/547"}],"wp:attachment":[{"href":"https:\/\/www.marquespiscinas.com.br\/loja\/wp-json\/wp\/v2\/media?parent=123"}],"wp:term":[{"taxonomy":"product_brand","embeddable":true,"href":"https:\/\/www.marquespiscinas.com.br\/loja\/wp-json\/wp\/v2\/product_brand?post=123"},{"taxonomy":"product_cat","embeddable":true,"href":"https:\/\/www.marquespiscinas.com.br\/loja\/wp-json\/wp\/v2\/product_cat?post=123"},{"taxonomy":"product_tag","embeddable":true,"href":"https:\/\/www.marquespiscinas.com.br\/loja\/wp-json\/wp\/v2\/product_tag?post=123"}],"curies":[{"name":"wp","href":"https:\/\/api.w.org\/{rel}","templated":true}]}}