{"id":125,"date":"2021-01-19T14:18:18","date_gmt":"2021-01-19T17:18:18","guid":{"rendered":"https:\/\/www.marquespiscinas.com.br\/loja\/?post_type=product&#038;p=125"},"modified":"2022-09-20T10:39:37","modified_gmt":"2022-09-20T13:39:37","slug":"limpa-bordas-hth-1l","status":"publish","type":"product","link":"https:\/\/www.marquespiscinas.com.br\/loja\/produto\/limpa-bordas-hth-1l\/","title":{"rendered":"Limpa Bordas HTH 1L"},"content":{"rendered":"<p>MODO DE USO:<\/p>\n<p>1. Antes de aplicar o hth\u00ae Limpa Bordas, certifique-se que os par\u00e2metros da \u00e1gua j\u00e1 foram avaliados com a hth\u00ae Fita Teste e ajustados;<br \/>\n2. Coloque o hth\u00ae Limpa Bordas numa esponja, esfregue as bordas, enxague a esponja em um balde com \u00e1gua da pr\u00f3pria piscina. Ligue a filtra\u00e7\u00e3o por 6 horas. Fa\u00e7a isso sempre que houver ac\u00famulo de sujeira nas bordas da piscina.<br \/>\n3. O hth\u00ae Limpa Bordas pode ser aplicado ao mesmo tempo em que outros produtos. A piscina pode ser utilizada logo ap\u00f3s a aplica\u00e7\u00e3o do produto.<br \/>\n4. O produto Limpa Bordas \u00e9 para limpeza de manuten\u00e7\u00e3o, se a borda estiver muito encardida, muito tempo sem limpar, entre em contato com a hth\u00ae.<\/p>\n","protected":false},"excerpt":{"rendered":"<p>O hth <b>Limpa Bordas<\/b>\u00a0cont\u00e9m tensoativo biodegrad\u00e1vel e possui uma a\u00e7\u00e3o detergente que \u00e9 pr\u00f3pria para a\u00a0<b>borda<\/b>\u00a0de piscina de fibra, vinil ou azulejo. Sua f\u00f3rmula remove a sujeira impregnada sem fazer espuma e sem interferir na purifica\u00e7\u00e3o da \u00e1gua.<\/p>\n","protected":false},"featured_media":555,"comment_status":"open","ping_status":"closed","template":"","meta":[],"product_brand":[],"product_cat":[24],"product_tag":[],"class_list":{"0":"post-125","1":"product","2":"type-product","3":"status-publish","4":"has-post-thumbnail","6":"product_cat-tratamento","8":"first","9":"instock","10":"shipping-taxable","11":"purchasable","12":"product-type-simple"},"jetpack_sharing_enabled":true,"_links":{"self":[{"href":"https:\/\/www.marquespiscinas.com.br\/loja\/wp-json\/wp\/v2\/product\/125","targetHints":{"allow":["GET"]}}],"collection":[{"href":"https:\/\/www.marquespiscinas.com.br\/loja\/wp-json\/wp\/v2\/product"}],"about":[{"href":"https:\/\/www.marquespiscinas.com.br\/loja\/wp-json\/wp\/v2\/types\/product"}],"replies":[{"embeddable":true,"href":"https:\/\/www.marquespiscinas.com.br\/loja\/wp-json\/wp\/v2\/comments?post=125"}],"wp:featuredmedia":[{"embeddable":true,"href":"https:\/\/www.marquespiscinas.com.br\/loja\/wp-json\/wp\/v2\/media\/555"}],"wp:attachment":[{"href":"https:\/\/www.marquespiscinas.com.br\/loja\/wp-json\/wp\/v2\/media?parent=125"}],"wp:term":[{"taxonomy":"product_brand","embeddable":true,"href":"https:\/\/www.marquespiscinas.com.br\/loja\/wp-json\/wp\/v2\/product_brand?post=125"},{"taxonomy":"product_cat","embeddable":true,"href":"https:\/\/www.marquespiscinas.com.br\/loja\/wp-json\/wp\/v2\/product_cat?post=125"},{"taxonomy":"product_tag","embeddable":true,"href":"https:\/\/www.marquespiscinas.com.br\/loja\/wp-json\/wp\/v2\/product_tag?post=125"}],"curies":[{"name":"wp","href":"https:\/\/api.w.org\/{rel}","templated":true}]}}