{"id":131,"date":"2021-01-19T14:40:02","date_gmt":"2021-01-19T17:40:02","guid":{"rendered":"https:\/\/www.marquespiscinas.com.br\/loja\/?post_type=product&#038;p=131"},"modified":"2022-09-20T09:41:39","modified_gmt":"2022-09-20T12:41:39","slug":"solucao-agua-verde-hth-1l","status":"publish","type":"product","link":"https:\/\/www.marquespiscinas.com.br\/loja\/produto\/solucao-agua-verde-hth-1l\/","title":{"rendered":"Solu\u00e7\u00e3o \u00c1gua verde HTH 1L"},"content":{"rendered":"<p>MODO DE USO:<\/p>\n<p>1. Antes de aplicar o produto, avalie os par\u00e2metros da \u00e1gua com a hth\u00ae Fita Teste e ajuste-os, se necess\u00e1rio: alcalinidade total entre 80 e 120 ppm e pH entre 7,0 e 7,4.<br \/>\n2. Escove toda a superf\u00edcie da piscina. Verifique se sua escova \u00e9 apropriada para o seu tipo de piscina.<br \/>\n3. Acione a filtra\u00e7\u00e3o e dose 7 ml do hth\u00ae Solu\u00e7\u00e3o \u00c1gua Verde &#8211; Algicida Choque por 1.000 litros de \u00e1gua.<br \/>\n4. Dilua o produto em um balde com \u00e1gua e espalhe a mistura na piscina.<br \/>\n5. Filtre a \u00e1gua diariamente por um per\u00edodo m\u00ednimo de 6 horas.<br \/>\n6. Aspire o fundo da piscina e efetue uma retrolagem do filtro quando necess\u00e1rio.<\/p>\n","protected":false},"excerpt":{"rendered":"<p>O\u00a0hth<strong> Solu\u00e7\u00e3o \u00c1gua Verde &#8211; Algicida Choque<\/strong>\u00a0um produto concentrado que elimina as algas de piscinas\u200b infestadas.\u200b F\u00f3rmula livre de cobre, n\u00e3o deixa manchas esverdeadas no cabelo\u200b e no revestimento.\u200b<\/p>\n","protected":false},"featured_media":545,"comment_status":"open","ping_status":"closed","template":"","meta":[],"product_brand":[],"product_cat":[24],"product_tag":[],"class_list":{"0":"post-131","1":"product","2":"type-product","3":"status-publish","4":"has-post-thumbnail","6":"product_cat-tratamento","8":"first","9":"instock","10":"shipping-taxable","11":"purchasable","12":"product-type-simple"},"jetpack_sharing_enabled":true,"_links":{"self":[{"href":"https:\/\/www.marquespiscinas.com.br\/loja\/wp-json\/wp\/v2\/product\/131","targetHints":{"allow":["GET"]}}],"collection":[{"href":"https:\/\/www.marquespiscinas.com.br\/loja\/wp-json\/wp\/v2\/product"}],"about":[{"href":"https:\/\/www.marquespiscinas.com.br\/loja\/wp-json\/wp\/v2\/types\/product"}],"replies":[{"embeddable":true,"href":"https:\/\/www.marquespiscinas.com.br\/loja\/wp-json\/wp\/v2\/comments?post=131"}],"wp:featuredmedia":[{"embeddable":true,"href":"https:\/\/www.marquespiscinas.com.br\/loja\/wp-json\/wp\/v2\/media\/545"}],"wp:attachment":[{"href":"https:\/\/www.marquespiscinas.com.br\/loja\/wp-json\/wp\/v2\/media?parent=131"}],"wp:term":[{"taxonomy":"product_brand","embeddable":true,"href":"https:\/\/www.marquespiscinas.com.br\/loja\/wp-json\/wp\/v2\/product_brand?post=131"},{"taxonomy":"product_cat","embeddable":true,"href":"https:\/\/www.marquespiscinas.com.br\/loja\/wp-json\/wp\/v2\/product_cat?post=131"},{"taxonomy":"product_tag","embeddable":true,"href":"https:\/\/www.marquespiscinas.com.br\/loja\/wp-json\/wp\/v2\/product_tag?post=131"}],"curies":[{"name":"wp","href":"https:\/\/api.w.org\/{rel}","templated":true}]}}