{"id":133,"date":"2021-01-19T14:41:21","date_gmt":"2021-01-19T17:41:21","guid":{"rendered":"https:\/\/www.marquespiscinas.com.br\/loja\/?post_type=product&#038;p=133"},"modified":"2022-09-20T08:58:48","modified_gmt":"2022-09-20T11:58:48","slug":"previne-agua-verde-hth-5l","status":"publish","type":"product","link":"https:\/\/www.marquespiscinas.com.br\/loja\/produto\/previne-agua-verde-hth-5l\/","title":{"rendered":"Previne \u00c1gua verde HTH 5L"},"content":{"rendered":"<p>MODO DE USO:<\/p>\n<p>1. Antes de aplicar o hth\u00ae Previne \u00c1gua Verde, certifique-se que os par\u00e2metros da \u00e1gua j\u00e1 foram avaliados com a hth\u00ae Fita Teste e ajustados;<br \/>\n2. Ap\u00f3s 10 minutos da aplica\u00e7\u00e3o do cloro, aplique o hth\u00ae Previne \u00c1gua Verde. Com a filtra\u00e7\u00e3o ligada, dose 5 ml por 1.000 litros de \u00e1gua diretamente na piscina. Fa\u00e7a isso uma vez por semana.<br \/>\n3. A piscina pode ser utilizada 1 hora ap\u00f3s a adi\u00e7\u00e3o de produto. Libere a piscina para uso somente ap\u00f3s a aspira\u00e7\u00e3o e ajustes de par\u00e2metros. Este produto pode ser aplicado em conjunto com outros produtos.<\/p>\n","protected":false},"excerpt":{"rendered":"<p>O hth\u00a0<b>Previne \u00c1gua Verde<\/b>\u00a0Protege a piscina prevenindo o surgimento de algas. Sua formula avan\u00e7ada \u00e9 livre de cobre, evita manchas na piscina e cabelos esverdeados.<\/p>\n","protected":false},"featured_media":542,"comment_status":"open","ping_status":"closed","template":"","meta":[],"product_brand":[],"product_cat":[24],"product_tag":[],"class_list":{"0":"post-133","1":"product","2":"type-product","3":"status-publish","4":"has-post-thumbnail","6":"product_cat-tratamento","8":"first","9":"instock","10":"sale","11":"shipping-taxable","12":"purchasable","13":"product-type-simple"},"jetpack_sharing_enabled":true,"_links":{"self":[{"href":"https:\/\/www.marquespiscinas.com.br\/loja\/wp-json\/wp\/v2\/product\/133","targetHints":{"allow":["GET"]}}],"collection":[{"href":"https:\/\/www.marquespiscinas.com.br\/loja\/wp-json\/wp\/v2\/product"}],"about":[{"href":"https:\/\/www.marquespiscinas.com.br\/loja\/wp-json\/wp\/v2\/types\/product"}],"replies":[{"embeddable":true,"href":"https:\/\/www.marquespiscinas.com.br\/loja\/wp-json\/wp\/v2\/comments?post=133"}],"wp:featuredmedia":[{"embeddable":true,"href":"https:\/\/www.marquespiscinas.com.br\/loja\/wp-json\/wp\/v2\/media\/542"}],"wp:attachment":[{"href":"https:\/\/www.marquespiscinas.com.br\/loja\/wp-json\/wp\/v2\/media?parent=133"}],"wp:term":[{"taxonomy":"product_brand","embeddable":true,"href":"https:\/\/www.marquespiscinas.com.br\/loja\/wp-json\/wp\/v2\/product_brand?post=133"},{"taxonomy":"product_cat","embeddable":true,"href":"https:\/\/www.marquespiscinas.com.br\/loja\/wp-json\/wp\/v2\/product_cat?post=133"},{"taxonomy":"product_tag","embeddable":true,"href":"https:\/\/www.marquespiscinas.com.br\/loja\/wp-json\/wp\/v2\/product_tag?post=133"}],"curies":[{"name":"wp","href":"https:\/\/api.w.org\/{rel}","templated":true}]}}