{"id":138,"date":"2021-01-19T14:42:03","date_gmt":"2021-01-19T17:42:03","guid":{"rendered":"https:\/\/www.marquespiscinas.com.br\/loja\/?post_type=product&#038;p=138"},"modified":"2022-09-20T08:55:07","modified_gmt":"2022-09-20T11:55:07","slug":"maxfloc-hth-5l","status":"publish","type":"product","link":"https:\/\/www.marquespiscinas.com.br\/loja\/produto\/maxfloc-hth-5l\/","title":{"rendered":"MaxFloc HTH 5L"},"content":{"rendered":"<p>MODO DE USAR:<\/p>\n<p>1. Antes de aplicar o hth\u00ae Clarifica Maxfloc, certifique-se que os par\u00e2metros da \u00e1gua j\u00e1 foram avaliados com a hth\u00ae Fita Teste e ajustados;<br \/>\n2. Ap\u00f3s 10 minutos da aplica\u00e7\u00e3o do cloro, aplique hth \u00ae Clarifica Maxfloc conforme a condi\u00e7\u00e3o da \u00e1gua:<\/p>\n<p>Para manuten\u00e7\u00e3o da \u00e1gua (a\u00e7\u00e3o carificante): Com a filtra\u00e7\u00e3o ligada, dose 1,5 ml por 1.000 litros de \u00e1gua diretamente na piscina, ap\u00f3s a dosagem do cloro. Fa\u00e7a isso uma vez por semana.<\/p>\n<p>\u00c1gua Suja (a\u00e7\u00e3o floculante): com a recircula\u00e7\u00e3o ligada, dose 6 ml por 1.000 litros de \u00e1gua diretamente na piscina. Recircule a \u00e1gua de 5 a 10 minutos, desligue e deixe a \u00e1gua da piscina em repouso por 12 horas. Em seguida, aspire o fundo com o filtro na posi\u00e7\u00e3o drenar.<\/p>\n<p>\u00c1gua Muito Suja (a\u00e7\u00e3o reparadora): utilize o hth\u00ae Solu\u00e7\u00e3o \u00c1gua Turva da linha hth\u00ae Solu\u00e7\u00f5es.<b>3.<\/b>\u00a0A piscina pode ser utilizada 1 hora ap\u00f3s a adi\u00e7\u00e3o do produto. Em caso de piscina muito suja (flocula\u00e7\u00e3o), libere a piscina somente ap\u00f3s a aspira\u00e7\u00e3o do fundo e ajuste dos par\u00e2metros. Este produto pode ser aplicado em conjunto com outros produtos.<\/p>\n","protected":false},"excerpt":{"rendered":"<p>O\u00a0hth\u00a0Clarifica\u00a0<b>Maxfloc<\/b>\u00a0protege a cristalinidade da \u00e1gua. Seu uso regular preserva a beleza atrav\u00e9s da clarifica\u00e7\u00e3o cont\u00ednua, pois sua f\u00f3rmula aglomera e flocula os res\u00edduos em micro-part\u00edculas, eliminando-as na filtra\u00e7\u00e3o.<\/p>\n","protected":false},"featured_media":540,"comment_status":"open","ping_status":"closed","template":"","meta":[],"product_brand":[],"product_cat":[24],"product_tag":[],"class_list":{"0":"post-138","1":"product","2":"type-product","3":"status-publish","4":"has-post-thumbnail","6":"product_cat-tratamento","8":"first","9":"instock","10":"sale","11":"shipping-taxable","12":"purchasable","13":"product-type-simple"},"jetpack_sharing_enabled":true,"_links":{"self":[{"href":"https:\/\/www.marquespiscinas.com.br\/loja\/wp-json\/wp\/v2\/product\/138","targetHints":{"allow":["GET"]}}],"collection":[{"href":"https:\/\/www.marquespiscinas.com.br\/loja\/wp-json\/wp\/v2\/product"}],"about":[{"href":"https:\/\/www.marquespiscinas.com.br\/loja\/wp-json\/wp\/v2\/types\/product"}],"replies":[{"embeddable":true,"href":"https:\/\/www.marquespiscinas.com.br\/loja\/wp-json\/wp\/v2\/comments?post=138"}],"wp:featuredmedia":[{"embeddable":true,"href":"https:\/\/www.marquespiscinas.com.br\/loja\/wp-json\/wp\/v2\/media\/540"}],"wp:attachment":[{"href":"https:\/\/www.marquespiscinas.com.br\/loja\/wp-json\/wp\/v2\/media?parent=138"}],"wp:term":[{"taxonomy":"product_brand","embeddable":true,"href":"https:\/\/www.marquespiscinas.com.br\/loja\/wp-json\/wp\/v2\/product_brand?post=138"},{"taxonomy":"product_cat","embeddable":true,"href":"https:\/\/www.marquespiscinas.com.br\/loja\/wp-json\/wp\/v2\/product_cat?post=138"},{"taxonomy":"product_tag","embeddable":true,"href":"https:\/\/www.marquespiscinas.com.br\/loja\/wp-json\/wp\/v2\/product_tag?post=138"}],"curies":[{"name":"wp","href":"https:\/\/api.w.org\/{rel}","templated":true}]}}