{"id":140,"date":"2021-01-26T15:07:33","date_gmt":"2021-01-26T18:07:33","guid":{"rendered":"https:\/\/www.marquespiscinas.com.br\/loja\/?post_type=product&#038;p=140"},"modified":"2023-01-27T16:48:12","modified_gmt":"2023-01-27T19:48:12","slug":"filtro-para-piscina-fm-50-p-ate-78-mil-litros-codigo-000813","status":"publish","type":"product","link":"https:\/\/www.marquespiscinas.com.br\/loja\/produto\/filtro-para-piscina-fm-50-p-ate-78-mil-litros-codigo-000813\/","title":{"rendered":"Filtro para piscina FM-50 p\/ at\u00e9 78 mil litros"},"content":{"rendered":"<p>O Filtro para Piscina FM-50 conta com um tanque fabricado em termopl\u00e1stico, e apresenta muita qualidade e efici\u00eancia na limpeza e purifica\u00e7\u00e3o da \u00e1gua de sua piscina. O tanque do modelo possui um design discreto e ergon\u00f4mico, fazendo com que o seu desempenho seja excelente, pois o mesmo distribui a \u00e1gua que entre nele de maneira homog\u00eanea, direcionando a \u00e1gua para as paredes da piscina, fazendo com que ela passe por mais camadas de areia, a qual est\u00e1 presente dentro do Filtro para Piscina FM-50, tornando a sua \u00e1gua mais limpa e pura. Por ser feito em materiais de excelente qualidade, o Filtro para Piscina FM-50 \u00e9 muito dur\u00e1vel e resistente, n\u00e3o se desgastando com produtos qu\u00edmicos presentes na \u00e1gua.<\/p>\n<p>&nbsp;<\/p>\n<h3><strong>Benef\u00edcios do Filtro para Piscina FM-50<\/strong><\/h3>\n<p>Manter a sua piscina sempre limpa \u00e9 muito importante, e com o Filtro para Piscina FM-50 esta tarefa se torna extremamente pr\u00e1tica e f\u00e1cil de se fazer. O modelo apresenta uma efic\u00e1cia \u00fanica, sendo ideal para purificar a \u00e1gua de sua piscina com muita facilidade. E toda esta efici\u00eancia e qualidade est\u00e3o dispon\u00edveis por um pre\u00e7o baixo e que cabe eu seu or\u00e7amento.<\/p>\n<p>&nbsp;<\/p>\n<div>Os filtros Sodramar s\u00e3o compostos de tanques termopl\u00e1sticos , anticorrosivos , extremamente resistentes as press\u00f5es internas a que s\u00e3o submetidos devido a uma rigorosa bateria de testes feitos ap\u00f3s a sua rotomoldagem. Possuem design exclusivo que prima pela est\u00e9tica , ergonomia e um melhor desempenho na filtra\u00e7\u00e3o da \u00e1gua da sua piscina. \u00a0A sua v\u00e1lvula foi especialmente projetada para que a \u00e1gua , ao entrar no tanque , seja distribu\u00edda de forma homog\u00eanea , direcionando-a para as paredes do tanque e consequentemente , passando por mais camadas de areia , resultando em uma melhor qualidade de filtra\u00e7\u00e3o.<\/div>\n","protected":false},"excerpt":{"rendered":"<p>O Filtro para Piscina FM-50 conta com um tanque fabricado em termopl\u00e1stico, e apresenta muita qualidade e efici\u00eancia na limpeza e purifica\u00e7\u00e3o da \u00e1gua de sua piscina. O tanque do modelo possui um design discreto e ergon\u00f4mico, fazendo com que o seu desempenho seja excelente, pois o mesmo distribui a \u00e1gua que entre nele de [&hellip;]<\/p>\n","protected":false},"featured_media":141,"comment_status":"open","ping_status":"closed","template":"","meta":[],"product_brand":[],"product_cat":[21],"product_tag":[],"class_list":{"0":"post-140","1":"product","2":"type-product","3":"status-publish","4":"has-post-thumbnail","6":"product_cat-filtros","8":"first","9":"onbackorder","10":"shipping-taxable","11":"purchasable","12":"product-type-simple"},"jetpack_sharing_enabled":true,"_links":{"self":[{"href":"https:\/\/www.marquespiscinas.com.br\/loja\/wp-json\/wp\/v2\/product\/140","targetHints":{"allow":["GET"]}}],"collection":[{"href":"https:\/\/www.marquespiscinas.com.br\/loja\/wp-json\/wp\/v2\/product"}],"about":[{"href":"https:\/\/www.marquespiscinas.com.br\/loja\/wp-json\/wp\/v2\/types\/product"}],"replies":[{"embeddable":true,"href":"https:\/\/www.marquespiscinas.com.br\/loja\/wp-json\/wp\/v2\/comments?post=140"}],"wp:featuredmedia":[{"embeddable":true,"href":"https:\/\/www.marquespiscinas.com.br\/loja\/wp-json\/wp\/v2\/media\/141"}],"wp:attachment":[{"href":"https:\/\/www.marquespiscinas.com.br\/loja\/wp-json\/wp\/v2\/media?parent=140"}],"wp:term":[{"taxonomy":"product_brand","embeddable":true,"href":"https:\/\/www.marquespiscinas.com.br\/loja\/wp-json\/wp\/v2\/product_brand?post=140"},{"taxonomy":"product_cat","embeddable":true,"href":"https:\/\/www.marquespiscinas.com.br\/loja\/wp-json\/wp\/v2\/product_cat?post=140"},{"taxonomy":"product_tag","embeddable":true,"href":"https:\/\/www.marquespiscinas.com.br\/loja\/wp-json\/wp\/v2\/product_tag?post=140"}],"curies":[{"name":"wp","href":"https:\/\/api.w.org\/{rel}","templated":true}]}}