{"id":157,"date":"2021-01-26T14:36:31","date_gmt":"2021-01-26T17:36:31","guid":{"rendered":"https:\/\/www.marquespiscinas.com.br\/loja\/?post_type=product&#038;p=157"},"modified":"2026-01-06T05:37:04","modified_gmt":"2026-01-06T08:37:04","slug":"bomba-1-cv-bmc-100-p-piscinas-de-ate-113-mil-litros-codigo-011132","status":"publish","type":"product","link":"https:\/\/www.marquespiscinas.com.br\/loja\/produto\/bomba-1-cv-bmc-100-p-piscinas-de-ate-113-mil-litros-codigo-011132\/","title":{"rendered":"Bomba 1 cv BMC-100 p\/ piscinas de at\u00e9 113 mil litros"},"content":{"rendered":"<p>A Sodramar oferece o que h\u00e1 de mais avan\u00e7ado em tecnologia de motobombas, purificando a \u00e1gua e priorizando a qualidade do lazer e a sa\u00fade dos usu\u00e1rios. As motobombas residenciais Sodramar, s\u00e3o constitu\u00eddas de material resistente e a prova de corros\u00e3o, possuem alta vaz\u00e3o, atuando com efici\u00eancia e seguran\u00e7a; al\u00e9m de serem auto-escorvantes, permitindo que trabalhem acima do n\u00edvel da \u00e1gua. Os modelos variam de 1\/4 \u00e0 3,0cv e sem d\u00favidas, este produto atender\u00e1 sua necessidade de forma satisfat\u00f3ria.<\/p>\n<p>* Produto acompanhado de 02 uni\u00f5es de 1.1\/2.<\/p>\n","protected":false},"excerpt":{"rendered":"<p>A Sodramar oferece o que h\u00e1 de mais avan\u00e7ado em tecnologia de motobombas, purificando a \u00e1gua e priorizando a qualidade do lazer e a sa\u00fade dos usu\u00e1rios. As motobombas residenciais Sodramar, s\u00e3o constitu\u00eddas de material resistente e a prova de corros\u00e3o, possuem alta vaz\u00e3o, atuando com efici\u00eancia e seguran\u00e7a; al\u00e9m de serem auto-escorvantes, permitindo que [&hellip;]<\/p>\n","protected":false},"featured_media":589,"comment_status":"open","ping_status":"closed","template":"","meta":[],"product_brand":[],"product_cat":[22],"product_tag":[],"class_list":{"0":"post-157","1":"product","2":"type-product","3":"status-publish","4":"has-post-thumbnail","6":"product_cat-bombas","8":"first","9":"onbackorder","10":"shipping-taxable","11":"purchasable","12":"product-type-simple"},"jetpack_sharing_enabled":true,"_links":{"self":[{"href":"https:\/\/www.marquespiscinas.com.br\/loja\/wp-json\/wp\/v2\/product\/157","targetHints":{"allow":["GET"]}}],"collection":[{"href":"https:\/\/www.marquespiscinas.com.br\/loja\/wp-json\/wp\/v2\/product"}],"about":[{"href":"https:\/\/www.marquespiscinas.com.br\/loja\/wp-json\/wp\/v2\/types\/product"}],"replies":[{"embeddable":true,"href":"https:\/\/www.marquespiscinas.com.br\/loja\/wp-json\/wp\/v2\/comments?post=157"}],"wp:featuredmedia":[{"embeddable":true,"href":"https:\/\/www.marquespiscinas.com.br\/loja\/wp-json\/wp\/v2\/media\/589"}],"wp:attachment":[{"href":"https:\/\/www.marquespiscinas.com.br\/loja\/wp-json\/wp\/v2\/media?parent=157"}],"wp:term":[{"taxonomy":"product_brand","embeddable":true,"href":"https:\/\/www.marquespiscinas.com.br\/loja\/wp-json\/wp\/v2\/product_brand?post=157"},{"taxonomy":"product_cat","embeddable":true,"href":"https:\/\/www.marquespiscinas.com.br\/loja\/wp-json\/wp\/v2\/product_cat?post=157"},{"taxonomy":"product_tag","embeddable":true,"href":"https:\/\/www.marquespiscinas.com.br\/loja\/wp-json\/wp\/v2\/product_tag?post=157"}],"curies":[{"name":"wp","href":"https:\/\/api.w.org\/{rel}","templated":true}]}}