{"id":173,"date":"2021-01-19T11:00:56","date_gmt":"2021-01-19T14:00:56","guid":{"rendered":"https:\/\/www.marquespiscinas.com.br\/loja\/?post_type=product&#038;p=173"},"modified":"2022-09-20T10:52:57","modified_gmt":"2022-09-20T13:52:57","slug":"elevador-de-alcalinidade-cris-agua-2-kg","status":"publish","type":"product","link":"https:\/\/www.marquespiscinas.com.br\/loja\/produto\/elevador-de-alcalinidade-cris-agua-2-kg\/","title":{"rendered":"Elevador de Alcalinidade Cris \u00c1gua 2 kg"},"content":{"rendered":"<p>Procedimento para aplicar o CRIS ALCALINIDADE (Elevador de Alcalinidade):<br \/>\n1 \u2013 Me\u00e7a a alcalinidade total que dever\u00e1 estar entre 80 a 120 ppm, me\u00e7a com aux\u00edlio do\u00a0<strong><a href=\"https:\/\/crisagua.ind.br\/estojo-de-analise-de-alcalinidade-2\/\">Estojo de Alcalinidade CRIS \u00c1GUA<\/a><\/strong>;<br \/>\n2 \u2013 Se estiver abaixo do 80 ppm, proceder conforme instru\u00e7\u00f5es a seguir;<br \/>\n3 \u2013 Adicione 17g de CRIS ALCALINIDADE (Elevador de Alcalinidade) para cada 1000 litros de \u00e1gua. Essa dosagem aumentar\u00e1 a alcalinidade total em aproximadamente 10 ppm;<br \/>\n4 \u2013 Dissolva pouco a pouco a dosagem recomendada do produto num balde com \u00e1gua da piscina e espalhe de maneira uniforme sobre toda sua extens\u00e3o;<br \/>\n5 \u2013 Filtre por um per\u00edodo entre 3 a 6 horas. Consulte o fabricante do filtro para saber o tempo ideal.<br \/>\n6 \u2013 Me\u00e7a novamente a alcalinidade total. Caso necess\u00e1rio, repita o procedimento.<\/p>\n","protected":false},"excerpt":{"rendered":"<p>O\u00a0<b>Elevador de Alcalinidade<\/b>\u00a0Cris \u00c1gua \u00e9 indicado para recompor o balanceamento da\u00a0<b>alcalinidade<\/b>\u00a0total da \u00e1gua da piscina, ideal para piscinas de azulejo, fibra ou vinil, estabilizando a\u00a0<b>alcalinidade<\/b>\u00a0da \u00e1gua, gerando assim maior economia no tratamento.<\/p>\n","protected":false},"featured_media":175,"comment_status":"open","ping_status":"closed","template":"","meta":[],"product_brand":[],"product_cat":[24],"product_tag":[],"class_list":{"0":"post-173","1":"product","2":"type-product","3":"status-publish","4":"has-post-thumbnail","6":"product_cat-tratamento","8":"first","9":"instock","10":"shipping-taxable","11":"purchasable","12":"product-type-simple"},"jetpack_sharing_enabled":true,"_links":{"self":[{"href":"https:\/\/www.marquespiscinas.com.br\/loja\/wp-json\/wp\/v2\/product\/173","targetHints":{"allow":["GET"]}}],"collection":[{"href":"https:\/\/www.marquespiscinas.com.br\/loja\/wp-json\/wp\/v2\/product"}],"about":[{"href":"https:\/\/www.marquespiscinas.com.br\/loja\/wp-json\/wp\/v2\/types\/product"}],"replies":[{"embeddable":true,"href":"https:\/\/www.marquespiscinas.com.br\/loja\/wp-json\/wp\/v2\/comments?post=173"}],"wp:featuredmedia":[{"embeddable":true,"href":"https:\/\/www.marquespiscinas.com.br\/loja\/wp-json\/wp\/v2\/media\/175"}],"wp:attachment":[{"href":"https:\/\/www.marquespiscinas.com.br\/loja\/wp-json\/wp\/v2\/media?parent=173"}],"wp:term":[{"taxonomy":"product_brand","embeddable":true,"href":"https:\/\/www.marquespiscinas.com.br\/loja\/wp-json\/wp\/v2\/product_brand?post=173"},{"taxonomy":"product_cat","embeddable":true,"href":"https:\/\/www.marquespiscinas.com.br\/loja\/wp-json\/wp\/v2\/product_cat?post=173"},{"taxonomy":"product_tag","embeddable":true,"href":"https:\/\/www.marquespiscinas.com.br\/loja\/wp-json\/wp\/v2\/product_tag?post=173"}],"curies":[{"name":"wp","href":"https:\/\/api.w.org\/{rel}","templated":true}]}}