{"id":176,"date":"2021-01-19T11:00:13","date_gmt":"2021-01-19T14:00:13","guid":{"rendered":"https:\/\/www.marquespiscinas.com.br\/loja\/?post_type=product&#038;p=176"},"modified":"2022-09-20T10:50:56","modified_gmt":"2022-09-20T13:50:56","slug":"elevador-de-ph-cris-agua-2-kg","status":"publish","type":"product","link":"https:\/\/www.marquespiscinas.com.br\/loja\/produto\/elevador-de-ph-cris-agua-2-kg\/","title":{"rendered":"Elevador de pH Cris \u00c1gua 2 kg"},"content":{"rendered":"<p>Procedimento para aplicar o Elevador de pH\u00a0 CRIS \u00c1GUA (BARRILHA LEVE):<br \/>\n1 \u2013 Coloque o filtro na posi\u00e7\u00e3o recircular;<br \/>\n2 \u2013 Adicione o Elevador de pH\u00a0 CRIS \u00c1GUA (BARRILHA LEVE) em um balde pl\u00e1stico com \u00e1gua em seguida jogue sobre a superf\u00edcie da piscina;<br \/>\n3 \u2013 Deixe o filtro da piscina ligado no m\u00ednimo duas horas;<br \/>\n4 \u2013 Ap\u00f3s 12 horas confira novamente o pH e corrija se for necess\u00e1rio.<\/p>\n","protected":false},"excerpt":{"rendered":"<p>Considerada a melhor op\u00e7\u00e3o para ajustar o\u00a0<b>pH<\/b>\u00a0da piscina, o\u00a0<b>Elevador de pH CRIS \u00c1GUA<\/b>\u00a0(<b>BARRILHA<\/b>\u00a0LEVE), \u00e9 um produto destinado para elevar o\u00a0<b>pH<\/b>\u00a0da\u00a0<b>\u00e1gua<\/b>, \u00e9 altamente sol\u00favel e isenta de impurezas. Ideal para todos os tipos de piscinas<\/p>\n","protected":false},"featured_media":178,"comment_status":"open","ping_status":"closed","template":"","meta":[],"product_brand":[],"product_cat":[24],"product_tag":[],"class_list":{"0":"post-176","1":"product","2":"type-product","3":"status-publish","4":"has-post-thumbnail","6":"product_cat-tratamento","8":"first","9":"instock","10":"shipping-taxable","11":"purchasable","12":"product-type-simple"},"jetpack_sharing_enabled":true,"_links":{"self":[{"href":"https:\/\/www.marquespiscinas.com.br\/loja\/wp-json\/wp\/v2\/product\/176","targetHints":{"allow":["GET"]}}],"collection":[{"href":"https:\/\/www.marquespiscinas.com.br\/loja\/wp-json\/wp\/v2\/product"}],"about":[{"href":"https:\/\/www.marquespiscinas.com.br\/loja\/wp-json\/wp\/v2\/types\/product"}],"replies":[{"embeddable":true,"href":"https:\/\/www.marquespiscinas.com.br\/loja\/wp-json\/wp\/v2\/comments?post=176"}],"wp:featuredmedia":[{"embeddable":true,"href":"https:\/\/www.marquespiscinas.com.br\/loja\/wp-json\/wp\/v2\/media\/178"}],"wp:attachment":[{"href":"https:\/\/www.marquespiscinas.com.br\/loja\/wp-json\/wp\/v2\/media?parent=176"}],"wp:term":[{"taxonomy":"product_brand","embeddable":true,"href":"https:\/\/www.marquespiscinas.com.br\/loja\/wp-json\/wp\/v2\/product_brand?post=176"},{"taxonomy":"product_cat","embeddable":true,"href":"https:\/\/www.marquespiscinas.com.br\/loja\/wp-json\/wp\/v2\/product_cat?post=176"},{"taxonomy":"product_tag","embeddable":true,"href":"https:\/\/www.marquespiscinas.com.br\/loja\/wp-json\/wp\/v2\/product_tag?post=176"}],"curies":[{"name":"wp","href":"https:\/\/api.w.org\/{rel}","templated":true}]}}