{"id":179,"date":"2021-01-19T10:59:26","date_gmt":"2021-01-19T13:59:26","guid":{"rendered":"https:\/\/www.marquespiscinas.com.br\/loja\/?post_type=product&#038;p=179"},"modified":"2022-09-20T10:53:46","modified_gmt":"2022-09-20T13:53:46","slug":"decantador-cris-agua-2-kg","status":"publish","type":"product","link":"https:\/\/www.marquespiscinas.com.br\/loja\/produto\/decantador-cris-agua-2-kg\/","title":{"rendered":"Decantador Cris \u00c1gua 2 kg"},"content":{"rendered":"<p>Procedimento para aplicar o Decantador CRIS \u00c1GUA (Sulfato de Alum\u00ednio):<br \/>\n1 \u2013 Confira o valor do pH da \u00e1gua que dever\u00e1 estar na faixa 7,2 a 7,6. Acerte se necess\u00e1rio;<br \/>\n2 \u2013 Ligue o filtro com a alavanca na posi\u00e7\u00e3o RECIRCULAR;<br \/>\n3 \u2013 Dissolva o Decantador CRIS \u00c1GUA (Sulfato de Alum\u00ednio) em um balde com \u00e1gua de acordo com a tabela de adi\u00e7\u00e3o, e espalhe sobre a superf\u00edcie da piscina;<br \/>\n4 \u2013 Dissolva a seguir o Elevador de pH\u00a0 CRIS \u00c1GUA (BARRILHA LEVE) de acordo com a tabela de adi\u00e7\u00e3o conforme as instru\u00e7\u00f5es na embalagem do produto e recircule por 1 hora;<br \/>\n5 \u2013 Desligue o filtro, deixe a \u00e1gua em repouso por 12 a 24 horas para que as impurezas sejam decantadas;<br \/>\n6 \u2013 Aspire o res\u00edduo do fundo da piscina com o filtro na posi\u00e7\u00e3o drenar;<br \/>\n7 \u2013 Fa\u00e7a a clora\u00e7\u00e3o de rotina diariamente ou a cada 2 dias.<\/p>\n","protected":false},"excerpt":{"rendered":"<p>O\u00a0<b>Decantador CRIS \u00c1GUA<\/b>\u00a0(Sulfato de Alum\u00ednio) \u00e9 indicado para decantar a\u00a0<b>\u00e1gua<\/b>\u00a0da piscina em conjunto com o Elevador de pH\u00a0<b>CRIS \u00c1GUA<\/b>\u00a0(BARRILHA LEVE). A manuten\u00e7\u00e3o do pH correto reduz a quantidade de cloro necess\u00e1ria \u00e0 desinfec\u00e7\u00e3o da piscina.<\/p>\n","protected":false},"featured_media":180,"comment_status":"open","ping_status":"closed","template":"","meta":[],"product_brand":[],"product_cat":[24],"product_tag":[],"class_list":{"0":"post-179","1":"product","2":"type-product","3":"status-publish","4":"has-post-thumbnail","6":"product_cat-tratamento","8":"first","9":"instock","10":"shipping-taxable","11":"purchasable","12":"product-type-simple"},"jetpack_sharing_enabled":true,"_links":{"self":[{"href":"https:\/\/www.marquespiscinas.com.br\/loja\/wp-json\/wp\/v2\/product\/179","targetHints":{"allow":["GET"]}}],"collection":[{"href":"https:\/\/www.marquespiscinas.com.br\/loja\/wp-json\/wp\/v2\/product"}],"about":[{"href":"https:\/\/www.marquespiscinas.com.br\/loja\/wp-json\/wp\/v2\/types\/product"}],"replies":[{"embeddable":true,"href":"https:\/\/www.marquespiscinas.com.br\/loja\/wp-json\/wp\/v2\/comments?post=179"}],"wp:featuredmedia":[{"embeddable":true,"href":"https:\/\/www.marquespiscinas.com.br\/loja\/wp-json\/wp\/v2\/media\/180"}],"wp:attachment":[{"href":"https:\/\/www.marquespiscinas.com.br\/loja\/wp-json\/wp\/v2\/media?parent=179"}],"wp:term":[{"taxonomy":"product_brand","embeddable":true,"href":"https:\/\/www.marquespiscinas.com.br\/loja\/wp-json\/wp\/v2\/product_brand?post=179"},{"taxonomy":"product_cat","embeddable":true,"href":"https:\/\/www.marquespiscinas.com.br\/loja\/wp-json\/wp\/v2\/product_cat?post=179"},{"taxonomy":"product_tag","embeddable":true,"href":"https:\/\/www.marquespiscinas.com.br\/loja\/wp-json\/wp\/v2\/product_tag?post=179"}],"curies":[{"name":"wp","href":"https:\/\/api.w.org\/{rel}","templated":true}]}}