{"id":202,"date":"2021-01-21T09:43:53","date_gmt":"2021-01-21T12:43:53","guid":{"rendered":"https:\/\/www.marquespiscinas.com.br\/loja\/?post_type=product&#038;p=202"},"modified":"2021-08-10T16:21:15","modified_gmt":"2021-08-10T19:21:15","slug":"clorador-margarida-stylus","status":"publish","type":"product","link":"https:\/\/www.marquespiscinas.com.br\/loja\/produto\/clorador-margarida-stylus\/","title":{"rendered":"Clorador Margarida Stylus"},"content":{"rendered":"<p>Possibilitam o tratamento da piscina mesmo quando n\u00e3o houver a manuten\u00e7\u00e3o peri\u00f3dica fornecendo assim mais comodidade e seguran\u00e7a na qualidade da \u00e1gua. \u00c9 necess\u00e1rio apenas manter o acess\u00f3rio abastecido com as pastilhas de cloro.<\/p>\n","protected":false},"excerpt":{"rendered":"<p>Possibilitam o tratamento da piscina mesmo quando n\u00e3o houver a manuten\u00e7\u00e3o peri\u00f3dica fornecendo assim mais comodidade e seguran\u00e7a na qualidade da \u00e1gua. \u00c9 necess\u00e1rio apenas manter o acess\u00f3rio abastecido com as pastilhas de cloro.<\/p>\n","protected":false},"featured_media":203,"comment_status":"open","ping_status":"closed","template":"","meta":[],"product_brand":[],"product_cat":[25],"product_tag":[],"class_list":{"0":"post-202","1":"product","2":"type-product","3":"status-publish","4":"has-post-thumbnail","6":"product_cat-acessorios-2","8":"first","9":"instock","10":"shipping-taxable","11":"purchasable","12":"product-type-simple"},"jetpack_sharing_enabled":true,"_links":{"self":[{"href":"https:\/\/www.marquespiscinas.com.br\/loja\/wp-json\/wp\/v2\/product\/202","targetHints":{"allow":["GET"]}}],"collection":[{"href":"https:\/\/www.marquespiscinas.com.br\/loja\/wp-json\/wp\/v2\/product"}],"about":[{"href":"https:\/\/www.marquespiscinas.com.br\/loja\/wp-json\/wp\/v2\/types\/product"}],"replies":[{"embeddable":true,"href":"https:\/\/www.marquespiscinas.com.br\/loja\/wp-json\/wp\/v2\/comments?post=202"}],"wp:featuredmedia":[{"embeddable":true,"href":"https:\/\/www.marquespiscinas.com.br\/loja\/wp-json\/wp\/v2\/media\/203"}],"wp:attachment":[{"href":"https:\/\/www.marquespiscinas.com.br\/loja\/wp-json\/wp\/v2\/media?parent=202"}],"wp:term":[{"taxonomy":"product_brand","embeddable":true,"href":"https:\/\/www.marquespiscinas.com.br\/loja\/wp-json\/wp\/v2\/product_brand?post=202"},{"taxonomy":"product_cat","embeddable":true,"href":"https:\/\/www.marquespiscinas.com.br\/loja\/wp-json\/wp\/v2\/product_cat?post=202"},{"taxonomy":"product_tag","embeddable":true,"href":"https:\/\/www.marquespiscinas.com.br\/loja\/wp-json\/wp\/v2\/product_tag?post=202"}],"curies":[{"name":"wp","href":"https:\/\/api.w.org\/{rel}","templated":true}]}}