{"id":217,"date":"2021-01-26T14:15:57","date_gmt":"2021-01-26T17:15:57","guid":{"rendered":"https:\/\/www.marquespiscinas.com.br\/loja\/?post_type=product&#038;p=217"},"modified":"2023-01-28T09:36:03","modified_gmt":"2023-01-28T12:36:03","slug":"bomba-d-agua-periferica-bivolt-1cv-750watts-idb-50-ferrari","status":"publish","type":"product","link":"https:\/\/www.marquespiscinas.com.br\/loja\/produto\/bomba-d-agua-periferica-bivolt-1cv-750watts-idb-50-ferrari\/","title":{"rendered":"Bomba D \u00c1gua Perif\u00e9rica Bivolt 1cv 750watts Idb-50 Ferrari"},"content":{"rendered":"<p>&nbsp;<\/p>\n<table class=\"andes-table\">\n<tbody class=\"andes-table__body\">\n<tr class=\"andes-table__row\">\n<th class=\"andes-table__header andes-table__header--left ui-pdp-specs__table__column ui-pdp-specs__table__column-title\">Marca<\/th>\n<td class=\"andes-table__column andes-table__column--left ui-pdp-specs__table__column\"><span class=\"andes-table__column--value\">Ferrari<\/span><\/td>\n<\/tr>\n<tr class=\"andes-table__row\">\n<th class=\"andes-table__header andes-table__header--left ui-pdp-specs__table__column ui-pdp-specs__table__column-title\">Modelo<\/th>\n<td class=\"andes-table__column andes-table__column--left ui-pdp-specs__table__column\"><span class=\"andes-table__column--value\">IDB-50<\/span><\/td>\n<\/tr>\n<tr class=\"andes-table__row\">\n<th class=\"andes-table__header andes-table__header--left ui-pdp-specs__table__column ui-pdp-specs__table__column-title\">Cor<\/th>\n<td class=\"andes-table__column andes-table__column--left ui-pdp-specs__table__column\"><span class=\"andes-table__column--value\">Amarelo<\/span><\/td>\n<\/tr>\n<tr class=\"andes-table__row\">\n<th class=\"andes-table__header andes-table__header--left ui-pdp-specs__table__column ui-pdp-specs__table__column-title\">Voltagem<\/th>\n<td class=\"andes-table__column andes-table__column--left ui-pdp-specs__table__column\"><span class=\"andes-table__column--value\">110V\/220V<\/span><\/td>\n<\/tr>\n<tr class=\"andes-table__row\">\n<th class=\"andes-table__header andes-table__header--left ui-pdp-specs__table__column ui-pdp-specs__table__column-title\">Pot\u00eancia<\/th>\n<td class=\"andes-table__column andes-table__column--left ui-pdp-specs__table__column\"><span class=\"andes-table__column--value\">750 W<\/span><\/td>\n<\/tr>\n<\/tbody>\n<\/table>\n<p>Especifica\u00e7\u00f5es T\u00e9cnicas:<br \/>\nTens\u00e3o: Bivolt;<br \/>\nMotor: 1 CV;<br \/>\nPot\u00eancia: 750 W;<br \/>\nPeso: 9,03 kg;<br \/>\nRota\u00e7\u00e3o m\u00e1xima: 3.500 rpm;<br \/>\nVaz\u00e3o m\u00e1xima (Q): 3.000 l\/hora;<br \/>\nAltura manom\u00e9trica m\u00e1xima (Hm): 55 mca;<br \/>\nSuc\u00e7\u00e3o m\u00e1xima. (Hs): 7 mca;<br \/>\nRecalque\/Suc\u00e7\u00e3o: 1&#8242;;<br \/>\nDimens\u00f5es do produto: 320 mm x 175 mm x 170 mm;<br \/>\nDimens\u00f5es da embalagem: 340 mm x 205 mm x 180 mm.<\/p>\n","protected":false},"excerpt":{"rendered":"<p>&nbsp; Marca Ferrari Modelo IDB-50 Cor Amarelo Voltagem 110V\/220V Pot\u00eancia 750 W Especifica\u00e7\u00f5es T\u00e9cnicas: Tens\u00e3o: Bivolt; Motor: 1 CV; Pot\u00eancia: 750 W; Peso: 9,03 kg; Rota\u00e7\u00e3o m\u00e1xima: 3.500 rpm; Vaz\u00e3o m\u00e1xima (Q): 3.000 l\/hora; Altura manom\u00e9trica m\u00e1xima (Hm): 55 mca; Suc\u00e7\u00e3o m\u00e1xima. (Hs): 7 mca; Recalque\/Suc\u00e7\u00e3o: 1&#8242;; Dimens\u00f5es do produto: 320 mm x 175 mm [&hellip;]<\/p>\n","protected":false},"featured_media":218,"comment_status":"open","ping_status":"closed","template":"","meta":[],"product_brand":[],"product_cat":[22],"product_tag":[],"class_list":{"0":"post-217","1":"product","2":"type-product","3":"status-publish","4":"has-post-thumbnail","6":"product_cat-bombas","8":"first","9":"outofstock","10":"shipping-taxable","11":"purchasable","12":"product-type-simple"},"jetpack_sharing_enabled":true,"_links":{"self":[{"href":"https:\/\/www.marquespiscinas.com.br\/loja\/wp-json\/wp\/v2\/product\/217","targetHints":{"allow":["GET"]}}],"collection":[{"href":"https:\/\/www.marquespiscinas.com.br\/loja\/wp-json\/wp\/v2\/product"}],"about":[{"href":"https:\/\/www.marquespiscinas.com.br\/loja\/wp-json\/wp\/v2\/types\/product"}],"replies":[{"embeddable":true,"href":"https:\/\/www.marquespiscinas.com.br\/loja\/wp-json\/wp\/v2\/comments?post=217"}],"wp:featuredmedia":[{"embeddable":true,"href":"https:\/\/www.marquespiscinas.com.br\/loja\/wp-json\/wp\/v2\/media\/218"}],"wp:attachment":[{"href":"https:\/\/www.marquespiscinas.com.br\/loja\/wp-json\/wp\/v2\/media?parent=217"}],"wp:term":[{"taxonomy":"product_brand","embeddable":true,"href":"https:\/\/www.marquespiscinas.com.br\/loja\/wp-json\/wp\/v2\/product_brand?post=217"},{"taxonomy":"product_cat","embeddable":true,"href":"https:\/\/www.marquespiscinas.com.br\/loja\/wp-json\/wp\/v2\/product_cat?post=217"},{"taxonomy":"product_tag","embeddable":true,"href":"https:\/\/www.marquespiscinas.com.br\/loja\/wp-json\/wp\/v2\/product_tag?post=217"}],"curies":[{"name":"wp","href":"https:\/\/api.w.org\/{rel}","templated":true}]}}