{"id":219,"date":"2021-08-03T13:56:18","date_gmt":"2021-08-03T16:56:18","guid":{"rendered":"https:\/\/www.marquespiscinas.com.br\/loja\/?post_type=product&#038;p=219"},"modified":"2022-02-14T11:57:21","modified_gmt":"2022-02-14T14:57:21","slug":"aspirador-3-rodas-p-piscinas-de-fibra-e-alvenaria-codigo-000455","status":"publish","type":"product","link":"https:\/\/www.marquespiscinas.com.br\/loja\/produto\/aspirador-3-rodas-p-piscinas-de-fibra-e-alvenaria-codigo-000455\/","title":{"rendered":"Aspirador 3 Rodas p\/ piscinas de fibra e alvenaria"},"content":{"rendered":"<p>Indicado para piscinas de fibra e alvenaria. Fabricado em termopl\u00e1stico (ABS) injetado o que garante longa efici\u00eancia e durabilidade. Possui peso aproximado de 2,085 Kg, equipado com engate girat\u00f3rio, o que possibilita o movimento bi-direcional da conex\u00e3o, evitando assim tor\u00e7\u00f5es da mangueira durante a opera\u00e7\u00e3o, que s\u00e3o prejudiciais \u00e0 vida \u00fatil da mesma e ao rendimento e desempenho da aspira\u00e7\u00e3o. Al\u00e9m disso o aspirador Jumbo Limp \u00e9 dotado de um sistema de regulagem da altura, o que permite ao usu\u00e1rio o controle da suc\u00e7\u00e3o do aspirador, consequentemente o rendimento da aspira\u00e7\u00e3o.<\/p>\n","protected":false},"excerpt":{"rendered":"<p>Indicado para piscinas de fibra e alvenaria. Fabricado em termopl\u00e1stico (ABS) injetado o que garante longa efici\u00eancia e durabilidade. Possui peso aproximado de 2,085 Kg, equipado com engate girat\u00f3rio, o que possibilita o movimento bi-direcional da conex\u00e3o, evitando assim tor\u00e7\u00f5es da mangueira durante a opera\u00e7\u00e3o, que s\u00e3o prejudiciais \u00e0 vida \u00fatil da mesma e ao [&hellip;]<\/p>\n","protected":false},"featured_media":220,"comment_status":"open","ping_status":"closed","template":"","meta":[],"product_brand":[],"product_cat":[15],"product_tag":[],"class_list":{"0":"post-219","1":"product","2":"type-product","3":"status-publish","4":"has-post-thumbnail","6":"product_cat-sem-categoria","8":"first","9":"outofstock","10":"shipping-taxable","11":"purchasable","12":"product-type-simple"},"jetpack_sharing_enabled":true,"_links":{"self":[{"href":"https:\/\/www.marquespiscinas.com.br\/loja\/wp-json\/wp\/v2\/product\/219","targetHints":{"allow":["GET"]}}],"collection":[{"href":"https:\/\/www.marquespiscinas.com.br\/loja\/wp-json\/wp\/v2\/product"}],"about":[{"href":"https:\/\/www.marquespiscinas.com.br\/loja\/wp-json\/wp\/v2\/types\/product"}],"replies":[{"embeddable":true,"href":"https:\/\/www.marquespiscinas.com.br\/loja\/wp-json\/wp\/v2\/comments?post=219"}],"wp:featuredmedia":[{"embeddable":true,"href":"https:\/\/www.marquespiscinas.com.br\/loja\/wp-json\/wp\/v2\/media\/220"}],"wp:attachment":[{"href":"https:\/\/www.marquespiscinas.com.br\/loja\/wp-json\/wp\/v2\/media?parent=219"}],"wp:term":[{"taxonomy":"product_brand","embeddable":true,"href":"https:\/\/www.marquespiscinas.com.br\/loja\/wp-json\/wp\/v2\/product_brand?post=219"},{"taxonomy":"product_cat","embeddable":true,"href":"https:\/\/www.marquespiscinas.com.br\/loja\/wp-json\/wp\/v2\/product_cat?post=219"},{"taxonomy":"product_tag","embeddable":true,"href":"https:\/\/www.marquespiscinas.com.br\/loja\/wp-json\/wp\/v2\/product_tag?post=219"}],"curies":[{"name":"wp","href":"https:\/\/api.w.org\/{rel}","templated":true}]}}