{"id":221,"date":"2021-01-26T14:28:32","date_gmt":"2021-01-26T17:28:32","guid":{"rendered":"https:\/\/www.marquespiscinas.com.br\/loja\/?post_type=product&#038;p=221"},"modified":"2021-08-10T15:04:58","modified_gmt":"2021-08-10T18:04:58","slug":"aspirador-jumbo-escova-p-piscinas-de-vinil-fibra-e-alvenaria","status":"publish","type":"product","link":"https:\/\/www.marquespiscinas.com.br\/loja\/produto\/aspirador-jumbo-escova-p-piscinas-de-vinil-fibra-e-alvenaria\/","title":{"rendered":"Aspirador Jumbo Escova p\/ piscinas de vinil, fibra e alvenaria"},"content":{"rendered":"<p>A fun\u00e7\u00e3o espec\u00edfica dos aspiradores, al\u00e9m de proporcionar ampla movimenta\u00e7\u00e3o na \u00e1gua, \u00e9 de eliminar por completo sujeira e detritos acumulados no fundo da piscina, que succionada atrav\u00e9s do aspirador permite uma limpeza uniforme , inclusive nas regi\u00f5es menos favorecidas como cantos e superf\u00edcies rasas da piscina. A Sodramar fabrica uma variedade de modelos que se adequam a situa\u00e7\u00f5es e tipos de piscinas.<\/p>\n","protected":false},"excerpt":{"rendered":"<p>A fun\u00e7\u00e3o espec\u00edfica dos aspiradores, al\u00e9m de proporcionar ampla movimenta\u00e7\u00e3o na \u00e1gua, \u00e9 de eliminar por completo sujeira e detritos acumulados no fundo da piscina, que succionada atrav\u00e9s do aspirador permite uma limpeza uniforme , inclusive nas regi\u00f5es menos favorecidas como cantos e superf\u00edcies rasas da piscina. A Sodramar fabrica uma variedade de modelos que [&hellip;]<\/p>\n","protected":false},"featured_media":222,"comment_status":"open","ping_status":"closed","template":"","meta":[],"product_brand":[],"product_cat":[25],"product_tag":[],"class_list":{"0":"post-221","1":"product","2":"type-product","3":"status-publish","4":"has-post-thumbnail","6":"product_cat-acessorios-2","8":"first","9":"outofstock","10":"shipping-taxable","11":"purchasable","12":"product-type-simple"},"jetpack_sharing_enabled":true,"_links":{"self":[{"href":"https:\/\/www.marquespiscinas.com.br\/loja\/wp-json\/wp\/v2\/product\/221","targetHints":{"allow":["GET"]}}],"collection":[{"href":"https:\/\/www.marquespiscinas.com.br\/loja\/wp-json\/wp\/v2\/product"}],"about":[{"href":"https:\/\/www.marquespiscinas.com.br\/loja\/wp-json\/wp\/v2\/types\/product"}],"replies":[{"embeddable":true,"href":"https:\/\/www.marquespiscinas.com.br\/loja\/wp-json\/wp\/v2\/comments?post=221"}],"wp:featuredmedia":[{"embeddable":true,"href":"https:\/\/www.marquespiscinas.com.br\/loja\/wp-json\/wp\/v2\/media\/222"}],"wp:attachment":[{"href":"https:\/\/www.marquespiscinas.com.br\/loja\/wp-json\/wp\/v2\/media?parent=221"}],"wp:term":[{"taxonomy":"product_brand","embeddable":true,"href":"https:\/\/www.marquespiscinas.com.br\/loja\/wp-json\/wp\/v2\/product_brand?post=221"},{"taxonomy":"product_cat","embeddable":true,"href":"https:\/\/www.marquespiscinas.com.br\/loja\/wp-json\/wp\/v2\/product_cat?post=221"},{"taxonomy":"product_tag","embeddable":true,"href":"https:\/\/www.marquespiscinas.com.br\/loja\/wp-json\/wp\/v2\/product_tag?post=221"}],"curies":[{"name":"wp","href":"https:\/\/api.w.org\/{rel}","templated":true}]}}