{"id":223,"date":"2021-01-26T15:06:01","date_gmt":"2021-01-26T18:06:01","guid":{"rendered":"https:\/\/www.marquespiscinas.com.br\/loja\/?post_type=product&#038;p=223"},"modified":"2023-01-27T16:47:53","modified_gmt":"2023-01-27T19:47:53","slug":"filtro-para-piscina-fm-36-p-ate-40-mil-litros-codigo-000809","status":"publish","type":"product","link":"https:\/\/www.marquespiscinas.com.br\/loja\/produto\/filtro-para-piscina-fm-36-p-ate-40-mil-litros-codigo-000809\/","title":{"rendered":"Filtro para piscina FM-36 p\/ at\u00e9 40 mil litros"},"content":{"rendered":"<p>Os filtros Sodramar s\u00e3o compostos de tanques termopl\u00e1sticos , anticorrosivos , extremamente resistentes as press\u00f5es internas a que s\u00e3o submetidos devido a uma rigorosa bateria de testes feitos ap\u00f3s a sua rotomoldagem. Possuem design exclusivo que prima pela est\u00e9tica , ergonomia e um melhor desempenho na filtra\u00e7\u00e3o da \u00e1gua da sua piscina. \u00a0A sua v\u00e1lvula foi especialmente projetada para que a \u00e1gua , ao entrar no tanque , seja distribu\u00edda de forma homog\u00eanea , direcionando-a para as paredes do tanque e consequentemente , passando por mais camadas de areia , resultando em uma melhor qualidade de filtra\u00e7\u00e3o.<\/p>\n","protected":false},"excerpt":{"rendered":"<p>Os filtros Sodramar s\u00e3o compostos de tanques termopl\u00e1sticos , anticorrosivos , extremamente resistentes as press\u00f5es internas a que s\u00e3o submetidos devido a uma rigorosa bateria de testes feitos ap\u00f3s a sua rotomoldagem. Possuem design exclusivo que prima pela est\u00e9tica , ergonomia e um melhor desempenho na filtra\u00e7\u00e3o da \u00e1gua da sua piscina. \u00a0A sua v\u00e1lvula [&hellip;]<\/p>\n","protected":false},"featured_media":128,"comment_status":"open","ping_status":"closed","template":"","meta":[],"product_brand":[],"product_cat":[15,21],"product_tag":[],"class_list":{"0":"post-223","1":"product","2":"type-product","3":"status-publish","4":"has-post-thumbnail","6":"product_cat-sem-categoria","7":"product_cat-filtros","9":"first","10":"onbackorder","11":"shipping-taxable","12":"purchasable","13":"product-type-simple"},"jetpack_sharing_enabled":true,"_links":{"self":[{"href":"https:\/\/www.marquespiscinas.com.br\/loja\/wp-json\/wp\/v2\/product\/223","targetHints":{"allow":["GET"]}}],"collection":[{"href":"https:\/\/www.marquespiscinas.com.br\/loja\/wp-json\/wp\/v2\/product"}],"about":[{"href":"https:\/\/www.marquespiscinas.com.br\/loja\/wp-json\/wp\/v2\/types\/product"}],"replies":[{"embeddable":true,"href":"https:\/\/www.marquespiscinas.com.br\/loja\/wp-json\/wp\/v2\/comments?post=223"}],"wp:featuredmedia":[{"embeddable":true,"href":"https:\/\/www.marquespiscinas.com.br\/loja\/wp-json\/wp\/v2\/media\/128"}],"wp:attachment":[{"href":"https:\/\/www.marquespiscinas.com.br\/loja\/wp-json\/wp\/v2\/media?parent=223"}],"wp:term":[{"taxonomy":"product_brand","embeddable":true,"href":"https:\/\/www.marquespiscinas.com.br\/loja\/wp-json\/wp\/v2\/product_brand?post=223"},{"taxonomy":"product_cat","embeddable":true,"href":"https:\/\/www.marquespiscinas.com.br\/loja\/wp-json\/wp\/v2\/product_cat?post=223"},{"taxonomy":"product_tag","embeddable":true,"href":"https:\/\/www.marquespiscinas.com.br\/loja\/wp-json\/wp\/v2\/product_tag?post=223"}],"curies":[{"name":"wp","href":"https:\/\/api.w.org\/{rel}","templated":true}]}}