{"id":227,"date":"2021-01-28T10:25:16","date_gmt":"2021-01-28T13:25:16","guid":{"rendered":"https:\/\/www.marquespiscinas.com.br\/loja\/?post_type=product&#038;p=227"},"modified":"2024-04-30T11:19:50","modified_gmt":"2024-04-30T14:19:50","slug":"aspirador-esfera-sodramar","status":"publish","type":"product","link":"https:\/\/www.marquespiscinas.com.br\/loja\/produto\/aspirador-esfera-sodramar\/","title":{"rendered":"Aspirador Esfera Sodramar"},"content":{"rendered":"<p>Fabricado em termopl\u00e1stico (ABS) injetado, possue peso aproximado de 1,58 Kg, sendo indicado para piscinas de fibra e de alvenaria. Sua maior qualidade \u00e9 o sistema de esfera que possibilita movimentos multi direcionais tornando mais pr\u00e1tica a opera\u00e7\u00e3o de aspira\u00e7\u00e3o e limpeza da piscina.<\/p>\n","protected":false},"excerpt":{"rendered":"<p>Fabricado em termopl\u00e1stico (ABS) injetado, possue peso aproximado de 1,58 Kg, sendo indicado para piscinas de fibra e de alvenaria. Sua maior qualidade \u00e9 o sistema de esfera que possibilita movimentos multi direcionais tornando mais pr\u00e1tica a opera\u00e7\u00e3o de aspira\u00e7\u00e3o e limpeza da piscina.<\/p>\n","protected":false},"featured_media":229,"comment_status":"open","ping_status":"closed","template":"","meta":[],"product_brand":[],"product_cat":[25],"product_tag":[],"class_list":{"0":"post-227","1":"product","2":"type-product","3":"status-publish","4":"has-post-thumbnail","6":"product_cat-acessorios-2","8":"first","9":"onbackorder","10":"shipping-taxable","11":"purchasable","12":"product-type-simple"},"jetpack_sharing_enabled":true,"_links":{"self":[{"href":"https:\/\/www.marquespiscinas.com.br\/loja\/wp-json\/wp\/v2\/product\/227","targetHints":{"allow":["GET"]}}],"collection":[{"href":"https:\/\/www.marquespiscinas.com.br\/loja\/wp-json\/wp\/v2\/product"}],"about":[{"href":"https:\/\/www.marquespiscinas.com.br\/loja\/wp-json\/wp\/v2\/types\/product"}],"replies":[{"embeddable":true,"href":"https:\/\/www.marquespiscinas.com.br\/loja\/wp-json\/wp\/v2\/comments?post=227"}],"wp:featuredmedia":[{"embeddable":true,"href":"https:\/\/www.marquespiscinas.com.br\/loja\/wp-json\/wp\/v2\/media\/229"}],"wp:attachment":[{"href":"https:\/\/www.marquespiscinas.com.br\/loja\/wp-json\/wp\/v2\/media?parent=227"}],"wp:term":[{"taxonomy":"product_brand","embeddable":true,"href":"https:\/\/www.marquespiscinas.com.br\/loja\/wp-json\/wp\/v2\/product_brand?post=227"},{"taxonomy":"product_cat","embeddable":true,"href":"https:\/\/www.marquespiscinas.com.br\/loja\/wp-json\/wp\/v2\/product_cat?post=227"},{"taxonomy":"product_tag","embeddable":true,"href":"https:\/\/www.marquespiscinas.com.br\/loja\/wp-json\/wp\/v2\/product_tag?post=227"}],"curies":[{"name":"wp","href":"https:\/\/api.w.org\/{rel}","templated":true}]}}