{"id":23,"date":"2021-01-26T15:22:24","date_gmt":"2021-01-26T18:22:24","guid":{"rendered":"https:\/\/www.marquespiscinas.com.br\/loja\/?post_type=product&#038;p=23"},"modified":"2023-01-27T15:24:08","modified_gmt":"2023-01-27T18:24:08","slug":"filtro-fm-36-e-bomba-1-3cv-bmc-33-mono-p-piscinas-de-ate-40-mil-litros-codigo-80911129","status":"publish","type":"product","link":"https:\/\/www.marquespiscinas.com.br\/loja\/produto\/filtro-fm-36-e-bomba-1-3cv-bmc-33-mono-p-piscinas-de-ate-40-mil-litros-codigo-80911129\/","title":{"rendered":"Filtro FM-36 e Bomba 1\/3cv BMC-33 Mono p\/ piscinas de at\u00e9 40 mil litros"},"content":{"rendered":"<p>Os filtros Sodramar s\u00e3o compostos de tanques termopl\u00e1sticos , anticorrosivos , extremamente resistentes \u00e0s press\u00f5es internas a quais s\u00e3o submetidos devido a uma rigorosa bateria de testes feitos ap\u00f3s o seu processo de fabrica\u00e7\u00e3o por rotomoldagem. Possuem design exclusivo que prima pela est\u00e9tica , ergonomia e um melhor desempenho na filtra\u00e7\u00e3o da \u00e1gua da sua piscina.\u00a0 A sua v\u00e1lvula foi especialmente projetada para que a \u00e1gua ao entrar no tanque , seja distribu\u00edda de forma homog\u00eanea , direcionando-a para as paredes do tanque e consequentemente , passando por mais camadas de areia , resultando em uma melhor qualidade de filtra\u00e7\u00e3o.<br \/>\nA Sodramar oferece o que h\u00e1 de mais avan\u00e7ado em tecnologia de motobombas, purificando a \u00e1gua e priorizando a qualidade do lazer e a sa\u00fade dos usu\u00e1rios. As motobombas residenciais Sodramar, s\u00e3o constitu\u00eddas de material resistente e a prova de corros\u00e3o, possuem alta vaz\u00e3o, atuando com efici\u00eancia e seguran\u00e7a; al\u00e9m de serem auto-escorvantes, permitindo que trabalhem acima do n\u00edvel da \u00e1gua. Os modelos variam de 1\/4 \u00e0 3,0 cv e sem d\u00favidas, estes produtos ir\u00e3o atender sua necessidade de forma satisfat\u00f3ria.<\/p>\n","protected":false},"excerpt":{"rendered":"<p>Os filtros Sodramar s\u00e3o compostos de tanques termopl\u00e1sticos , anticorrosivos , extremamente resistentes \u00e0s press\u00f5es internas a quais s\u00e3o submetidos devido a uma rigorosa bateria de testes feitos ap\u00f3s o seu processo de fabrica\u00e7\u00e3o por rotomoldagem. Possuem design exclusivo que prima pela est\u00e9tica , ergonomia e um melhor desempenho na filtra\u00e7\u00e3o da \u00e1gua da sua [&hellip;]<\/p>\n","protected":false},"featured_media":24,"comment_status":"open","ping_status":"closed","template":"","meta":[],"product_brand":[],"product_cat":[22,21],"product_tag":[],"class_list":{"0":"post-23","1":"product","2":"type-product","3":"status-publish","4":"has-post-thumbnail","6":"product_cat-bombas","7":"product_cat-filtros","9":"first","10":"onbackorder","11":"shipping-taxable","12":"purchasable","13":"product-type-simple"},"jetpack_sharing_enabled":true,"_links":{"self":[{"href":"https:\/\/www.marquespiscinas.com.br\/loja\/wp-json\/wp\/v2\/product\/23","targetHints":{"allow":["GET"]}}],"collection":[{"href":"https:\/\/www.marquespiscinas.com.br\/loja\/wp-json\/wp\/v2\/product"}],"about":[{"href":"https:\/\/www.marquespiscinas.com.br\/loja\/wp-json\/wp\/v2\/types\/product"}],"replies":[{"embeddable":true,"href":"https:\/\/www.marquespiscinas.com.br\/loja\/wp-json\/wp\/v2\/comments?post=23"}],"wp:featuredmedia":[{"embeddable":true,"href":"https:\/\/www.marquespiscinas.com.br\/loja\/wp-json\/wp\/v2\/media\/24"}],"wp:attachment":[{"href":"https:\/\/www.marquespiscinas.com.br\/loja\/wp-json\/wp\/v2\/media?parent=23"}],"wp:term":[{"taxonomy":"product_brand","embeddable":true,"href":"https:\/\/www.marquespiscinas.com.br\/loja\/wp-json\/wp\/v2\/product_brand?post=23"},{"taxonomy":"product_cat","embeddable":true,"href":"https:\/\/www.marquespiscinas.com.br\/loja\/wp-json\/wp\/v2\/product_cat?post=23"},{"taxonomy":"product_tag","embeddable":true,"href":"https:\/\/www.marquespiscinas.com.br\/loja\/wp-json\/wp\/v2\/product_tag?post=23"}],"curies":[{"name":"wp","href":"https:\/\/api.w.org\/{rel}","templated":true}]}}