{"id":230,"date":"2021-01-28T10:52:02","date_gmt":"2021-01-28T13:52:02","guid":{"rendered":"https:\/\/www.marquespiscinas.com.br\/loja\/?post_type=product&#038;p=230"},"modified":"2024-04-30T11:19:37","modified_gmt":"2024-04-30T14:19:37","slug":"aspirador-boomerang-sodramar","status":"publish","type":"product","link":"https:\/\/www.marquespiscinas.com.br\/loja\/produto\/aspirador-boomerang-sodramar\/","title":{"rendered":"Aspirador Boomerang  Sodramar"},"content":{"rendered":"<p>Fabricado em termopl\u00e1stico ABS injetado, possue cerdas na parte inferior que possibilitam as fun\u00e7\u00f5es de escava\u00e7\u00e3o e aspira\u00e7\u00e3o simultaneamente, resultando em uma melhor a\u00e7\u00e3o de limpeza na piscina, inclusive nos cantos. Pesando 1,710 Kg, tem uma maior estabilidade na aspira\u00e7\u00e3o.<\/p>\n","protected":false},"excerpt":{"rendered":"<p>Fabricado em termopl\u00e1stico ABS injetado, possue cerdas na parte inferior que possibilitam as fun\u00e7\u00f5es de escava\u00e7\u00e3o e aspira\u00e7\u00e3o simultaneamente, resultando em uma melhor a\u00e7\u00e3o de limpeza na piscina, inclusive nos cantos. Pesando 1,710 Kg, tem uma maior estabilidade na aspira\u00e7\u00e3o.<\/p>\n","protected":false},"featured_media":232,"comment_status":"open","ping_status":"closed","template":"","meta":[],"product_brand":[],"product_cat":[25],"product_tag":[],"class_list":{"0":"post-230","1":"product","2":"type-product","3":"status-publish","4":"has-post-thumbnail","6":"product_cat-acessorios-2","8":"first","9":"onbackorder","10":"shipping-taxable","11":"purchasable","12":"product-type-simple"},"jetpack_sharing_enabled":true,"_links":{"self":[{"href":"https:\/\/www.marquespiscinas.com.br\/loja\/wp-json\/wp\/v2\/product\/230","targetHints":{"allow":["GET"]}}],"collection":[{"href":"https:\/\/www.marquespiscinas.com.br\/loja\/wp-json\/wp\/v2\/product"}],"about":[{"href":"https:\/\/www.marquespiscinas.com.br\/loja\/wp-json\/wp\/v2\/types\/product"}],"replies":[{"embeddable":true,"href":"https:\/\/www.marquespiscinas.com.br\/loja\/wp-json\/wp\/v2\/comments?post=230"}],"wp:featuredmedia":[{"embeddable":true,"href":"https:\/\/www.marquespiscinas.com.br\/loja\/wp-json\/wp\/v2\/media\/232"}],"wp:attachment":[{"href":"https:\/\/www.marquespiscinas.com.br\/loja\/wp-json\/wp\/v2\/media?parent=230"}],"wp:term":[{"taxonomy":"product_brand","embeddable":true,"href":"https:\/\/www.marquespiscinas.com.br\/loja\/wp-json\/wp\/v2\/product_brand?post=230"},{"taxonomy":"product_cat","embeddable":true,"href":"https:\/\/www.marquespiscinas.com.br\/loja\/wp-json\/wp\/v2\/product_cat?post=230"},{"taxonomy":"product_tag","embeddable":true,"href":"https:\/\/www.marquespiscinas.com.br\/loja\/wp-json\/wp\/v2\/product_tag?post=230"}],"curies":[{"name":"wp","href":"https:\/\/api.w.org\/{rel}","templated":true}]}}