{"id":240,"date":"2021-02-02T09:43:45","date_gmt":"2021-02-02T12:43:45","guid":{"rendered":"https:\/\/www.marquespiscinas.com.br\/loja\/?post_type=product&#038;p=240"},"modified":"2025-10-13T17:52:14","modified_gmt":"2025-10-13T20:52:14","slug":"dispositivo-de-hidromassagem-abs-inox-pratic-1-1-2-para-piscinas-de-alvenaria-tubo-de-50","status":"publish","type":"product","link":"https:\/\/www.marquespiscinas.com.br\/loja\/produto\/dispositivo-de-hidromassagem-abs-inox-pratic-1-1-2-para-piscinas-de-alvenaria-tubo-de-50\/","title":{"rendered":"Dispositivo de Hidromassagem ABS\/Inox Pratic 1 1\/2\u00b4\u00b4 para Piscinas de Alvenaria (tubo de 50)"},"content":{"rendered":"<div class=\"descResumida text-center large-text-left\">\n<p>Para que voc\u00ea possa desfrutar ainda mais de seus momentos de lazer em sua piscina, o Dispositivo de Hidromassagem para Piscina de Alvenaria \u00e9 um produto que garante uma excelente op\u00e7\u00e3o de relaxamento e divers\u00e3o para seus momentos com a sua fam\u00edlia e amigos na piscina. O produto conta com um discreto e moderno design, que n\u00e3o chama muito a aten\u00e7\u00e3o. Dispositivo de Hidromassagem para Piscina de Alvenaria gera um jato de \u00e1gua que massageia o corpo do banhista, garantindo muito relaxamento e divers\u00e3o.<\/p>\n<p>A Sodramar criou a linha pratic para dispositivos e ilumina\u00e7\u00e3o. Os produtos da linha pratic, s\u00e3o extremamente f\u00e1ceis de serem instalados.<br \/>\nOs dispositivos foram adaptados para instala\u00e7\u00e3o no tubo de 50mm ou de 60mm e possui um design moderno e discreto. A linha inox traz muito mais beleza para quem deseja um acabamento refinado<br \/>\nOs dispositivos de Hidromassagem possuem jato direcional podendo ser ajustado dentro de um \u00e2ngulo de 25\u00ba partindo do centro, sa\u00edda para acoplamento da tubula\u00e7\u00e3o de 40 mm de di\u00e2metro col\u00e1vel e di\u00e2metro externo de 50 mm permitindo a conex\u00e3o de luva para tubula\u00e7\u00e3o de 50 mm.<\/p>\n<p>O Dispositivo de Hidromassagem para Piscina de Alvenaria retorna para a piscina o volume de ar\/\u00e1gua suficientes para massagear o corpo da pessoa. O produto conta com uma vaz\u00e3o m\u00e1xima de 7,9 m\u00b3\/h, enquanto a sua vaz\u00e3o m\u00ednima \u00e9 de 3,4 m\u00b3\/h. Por ser um produto que faz parte da linha Pratic, o tudo para a instala\u00e7\u00e3o do Dispositivo de Hidromassagem para Piscina de Alvenaria deve ser de 50 mm. A altura m\u00e1xima do Dispositivo de Hidromassagem para Piscina de Alvenaria \u00e9 de 45 cm. O Dispositivo de Hidromassagem para Piscina de Alvenaria \u00e9 extremamente eficiente e ainda conta com um belo e simples design.<\/p>\n<\/div>\n<div class=\"ancoraDescricao\"><\/div>\n","protected":false},"excerpt":{"rendered":"<p>Para que voc\u00ea possa desfrutar ainda mais de seus momentos de lazer em sua piscina, o Dispositivo de Hidromassagem para Piscina de Alvenaria \u00e9 um produto que garante uma excelente op\u00e7\u00e3o de relaxamento e divers\u00e3o para seus momentos com a sua fam\u00edlia e amigos na piscina. O produto conta com um discreto e moderno design, [&hellip;]<\/p>\n","protected":false},"featured_media":242,"comment_status":"open","ping_status":"closed","template":"","meta":[],"product_brand":[],"product_cat":[25],"product_tag":[],"class_list":{"0":"post-240","1":"product","2":"type-product","3":"status-publish","4":"has-post-thumbnail","6":"product_cat-acessorios-2","8":"first","9":"onbackorder","10":"sale","11":"shipping-taxable","12":"purchasable","13":"product-type-simple"},"jetpack_sharing_enabled":true,"_links":{"self":[{"href":"https:\/\/www.marquespiscinas.com.br\/loja\/wp-json\/wp\/v2\/product\/240","targetHints":{"allow":["GET"]}}],"collection":[{"href":"https:\/\/www.marquespiscinas.com.br\/loja\/wp-json\/wp\/v2\/product"}],"about":[{"href":"https:\/\/www.marquespiscinas.com.br\/loja\/wp-json\/wp\/v2\/types\/product"}],"replies":[{"embeddable":true,"href":"https:\/\/www.marquespiscinas.com.br\/loja\/wp-json\/wp\/v2\/comments?post=240"}],"wp:featuredmedia":[{"embeddable":true,"href":"https:\/\/www.marquespiscinas.com.br\/loja\/wp-json\/wp\/v2\/media\/242"}],"wp:attachment":[{"href":"https:\/\/www.marquespiscinas.com.br\/loja\/wp-json\/wp\/v2\/media?parent=240"}],"wp:term":[{"taxonomy":"product_brand","embeddable":true,"href":"https:\/\/www.marquespiscinas.com.br\/loja\/wp-json\/wp\/v2\/product_brand?post=240"},{"taxonomy":"product_cat","embeddable":true,"href":"https:\/\/www.marquespiscinas.com.br\/loja\/wp-json\/wp\/v2\/product_cat?post=240"},{"taxonomy":"product_tag","embeddable":true,"href":"https:\/\/www.marquespiscinas.com.br\/loja\/wp-json\/wp\/v2\/product_tag?post=240"}],"curies":[{"name":"wp","href":"https:\/\/api.w.org\/{rel}","templated":true}]}}