{"id":243,"date":"2021-02-02T09:48:26","date_gmt":"2021-02-02T12:48:26","guid":{"rendered":"https:\/\/www.marquespiscinas.com.br\/loja\/?post_type=product&#038;p=243"},"modified":"2024-04-30T11:18:42","modified_gmt":"2024-04-30T14:18:42","slug":"dispositivo-de-retorno-abs-inox-pratic-1-1-2-para-piscinas-de-alvenaria-tubo-de-50","status":"publish","type":"product","link":"https:\/\/www.marquespiscinas.com.br\/loja\/produto\/dispositivo-de-retorno-abs-inox-pratic-1-1-2-para-piscinas-de-alvenaria-tubo-de-50\/","title":{"rendered":"Dispositivo de Retorno ABS\/Inox Pratic 1 1\/2\u00b4\u00b4 para Piscinas de Alvenaria (tubo de 50)"},"content":{"rendered":"<p>O Dispositivo de Retorno para Piscina de Alvenaria \u00e9 um produto de excelente qualidade e que tem como principal fun\u00e7\u00e3o fazer o retorno do volume de \u00e1gua para a piscina gerado pela motobomba. O produto atua em conjunto com o dispositivo de hidromassagem, que \u00e9 perfeito para massagear o corpo do banhista por meio do retorno de ar\/\u00e1gua para a piscina e o dispositivo de aspira\u00e7\u00e3o, que capta a \u00e1gua da piscina para alimentar o sistema filtrante da mesma, e que deve servir de acoplamento de aspira\u00e7\u00e3o do fundo da piscina. Ao comprar o seu Dispositivo de Retorno para Piscina de Alvenaria voc\u00ea contar\u00e1 com uma entrega r\u00e1pida e segura at\u00e9 a porta de sua casa.<\/p>\n<p>O tubo de encaixe do Dispositivo de Retorno para Piscina de Alvenaria deve ser de 50 mm. A vaz\u00e3o m\u00ednima deste modelo \u00e9 de 2,2 m\u00b3\/h, enquanto a vaz\u00e3o m\u00e1xima \u00e9 de 3,8 m\u00b3\/h. A altura do Dispositivo de Retorno para Piscina de Alvenaria \u00e9 de 40 cm. O modelo faz parte da linha Pratic, a qual traz um novo conceito de instala\u00e7\u00e3o de diversos dispositivos e acess\u00f3rios em piscinas de alvenaria. Os modelos que fazem parte da linha Pratic oferecem novas solu\u00e7\u00f5es e muita praticidade, al\u00e9m de diversas possibilidades e muita funcionalidade.<\/p>\n<p>O Dispositivo de Retorno pratic pode ser instalado diretamente no tubo . Ele ainda possui uma canopla de acabamento em inox.<\/p>\n","protected":false},"excerpt":{"rendered":"<p>O Dispositivo de Retorno para Piscina de Alvenaria \u00e9 um produto de excelente qualidade e que tem como principal fun\u00e7\u00e3o fazer o retorno do volume de \u00e1gua para a piscina gerado pela motobomba. O produto atua em conjunto com o dispositivo de hidromassagem, que \u00e9 perfeito para massagear o corpo do banhista por meio do [&hellip;]<\/p>\n","protected":false},"featured_media":244,"comment_status":"open","ping_status":"closed","template":"","meta":[],"product_brand":[],"product_cat":[25],"product_tag":[],"class_list":{"0":"post-243","1":"product","2":"type-product","3":"status-publish","4":"has-post-thumbnail","6":"product_cat-acessorios-2","8":"first","9":"onbackorder","10":"sale","11":"shipping-taxable","12":"purchasable","13":"product-type-simple"},"jetpack_sharing_enabled":true,"_links":{"self":[{"href":"https:\/\/www.marquespiscinas.com.br\/loja\/wp-json\/wp\/v2\/product\/243","targetHints":{"allow":["GET"]}}],"collection":[{"href":"https:\/\/www.marquespiscinas.com.br\/loja\/wp-json\/wp\/v2\/product"}],"about":[{"href":"https:\/\/www.marquespiscinas.com.br\/loja\/wp-json\/wp\/v2\/types\/product"}],"replies":[{"embeddable":true,"href":"https:\/\/www.marquespiscinas.com.br\/loja\/wp-json\/wp\/v2\/comments?post=243"}],"wp:featuredmedia":[{"embeddable":true,"href":"https:\/\/www.marquespiscinas.com.br\/loja\/wp-json\/wp\/v2\/media\/244"}],"wp:attachment":[{"href":"https:\/\/www.marquespiscinas.com.br\/loja\/wp-json\/wp\/v2\/media?parent=243"}],"wp:term":[{"taxonomy":"product_brand","embeddable":true,"href":"https:\/\/www.marquespiscinas.com.br\/loja\/wp-json\/wp\/v2\/product_brand?post=243"},{"taxonomy":"product_cat","embeddable":true,"href":"https:\/\/www.marquespiscinas.com.br\/loja\/wp-json\/wp\/v2\/product_cat?post=243"},{"taxonomy":"product_tag","embeddable":true,"href":"https:\/\/www.marquespiscinas.com.br\/loja\/wp-json\/wp\/v2\/product_tag?post=243"}],"curies":[{"name":"wp","href":"https:\/\/api.w.org\/{rel}","templated":true}]}}