{"id":248,"date":"2021-02-02T10:39:24","date_gmt":"2021-02-02T13:39:24","guid":{"rendered":"https:\/\/www.marquespiscinas.com.br\/loja\/?post_type=product&#038;p=248"},"modified":"2024-04-30T11:18:06","modified_gmt":"2024-04-30T14:18:06","slug":"kit-teste-p-limpeza-de-piscina-3-em-1-ph-cloro-alcalinidade","status":"publish","type":"product","link":"https:\/\/www.marquespiscinas.com.br\/loja\/produto\/kit-teste-p-limpeza-de-piscina-3-em-1-ph-cloro-alcalinidade\/","title":{"rendered":"Kit Teste P\/ Limpeza De Piscina 3 Em 1 Ph Cloro Alcalinidade"},"content":{"rendered":"<p>O Kit Teste 3 em 1 \u00e9 composto de um pr\u00e1tico estojo pl\u00e1stico contendo reagentes e recipientes para avalia\u00e7\u00e3o do cloro, pH, Alcalinidade.<\/p>\n<p>Um diagn\u00f3stico completo para sua piscina !!<\/p>\n<p>Teste Por Reagentes<br \/>\n&#8211; Resultados precisos;<br \/>\n&#8211; Auxiliam no controle de qualidade de \u00e1gua;<br \/>\n&#8211; Indicam dosagem para corre\u00e7\u00e3o;<br \/>\n&#8211; F\u00e1cil leitura dos resultados.<\/p>\n<p>Kit teste pH (tampa vermelha) e Cloro (tampa amarela) para teste<br \/>\nem \u00e1guas.<\/p>\n","protected":false},"excerpt":{"rendered":"<p>O Kit Teste 3 em 1 \u00e9 composto de um pr\u00e1tico estojo pl\u00e1stico contendo reagentes e recipientes para avalia\u00e7\u00e3o do cloro, pH, Alcalinidade. Um diagn\u00f3stico completo para sua piscina !! Teste Por Reagentes &#8211; Resultados precisos; &#8211; Auxiliam no controle de qualidade de \u00e1gua; &#8211; Indicam dosagem para corre\u00e7\u00e3o; &#8211; F\u00e1cil leitura dos resultados. Kit [&hellip;]<\/p>\n","protected":false},"featured_media":249,"comment_status":"open","ping_status":"closed","template":"","meta":[],"product_brand":[],"product_cat":[25,24],"product_tag":[],"class_list":{"0":"post-248","1":"product","2":"type-product","3":"status-publish","4":"has-post-thumbnail","6":"product_cat-acessorios-2","7":"product_cat-tratamento","9":"first","10":"onbackorder","11":"shipping-taxable","12":"purchasable","13":"product-type-simple"},"jetpack_sharing_enabled":true,"_links":{"self":[{"href":"https:\/\/www.marquespiscinas.com.br\/loja\/wp-json\/wp\/v2\/product\/248","targetHints":{"allow":["GET"]}}],"collection":[{"href":"https:\/\/www.marquespiscinas.com.br\/loja\/wp-json\/wp\/v2\/product"}],"about":[{"href":"https:\/\/www.marquespiscinas.com.br\/loja\/wp-json\/wp\/v2\/types\/product"}],"replies":[{"embeddable":true,"href":"https:\/\/www.marquespiscinas.com.br\/loja\/wp-json\/wp\/v2\/comments?post=248"}],"wp:featuredmedia":[{"embeddable":true,"href":"https:\/\/www.marquespiscinas.com.br\/loja\/wp-json\/wp\/v2\/media\/249"}],"wp:attachment":[{"href":"https:\/\/www.marquespiscinas.com.br\/loja\/wp-json\/wp\/v2\/media?parent=248"}],"wp:term":[{"taxonomy":"product_brand","embeddable":true,"href":"https:\/\/www.marquespiscinas.com.br\/loja\/wp-json\/wp\/v2\/product_brand?post=248"},{"taxonomy":"product_cat","embeddable":true,"href":"https:\/\/www.marquespiscinas.com.br\/loja\/wp-json\/wp\/v2\/product_cat?post=248"},{"taxonomy":"product_tag","embeddable":true,"href":"https:\/\/www.marquespiscinas.com.br\/loja\/wp-json\/wp\/v2\/product_tag?post=248"}],"curies":[{"name":"wp","href":"https:\/\/api.w.org\/{rel}","templated":true}]}}