{"id":25,"date":"2021-01-19T11:15:14","date_gmt":"2021-01-19T14:15:14","guid":{"rendered":"https:\/\/www.marquespiscinas.com.br\/loja\/?post_type=product&#038;p=25"},"modified":"2023-05-12T09:56:04","modified_gmt":"2023-05-12T12:56:04","slug":"cloro-hth-10-kg-tradicional","status":"publish","type":"product","link":"https:\/\/www.marquespiscinas.com.br\/loja\/produto\/cloro-hth-10-kg-tradicional\/","title":{"rendered":"Cloro HTH 10 kg tradicional"},"content":{"rendered":"<p>O\u00a0<b>hth<\/b> <b>Cloro<\/b>\u00a0Concentrado\u00a0<b>tradicional<\/b>\u00a0possui 65% de\u00a0<b>cloro<\/b>\u00a0ativo e \u00e9 uma f\u00f3rmula altamente eficaz na elimina\u00e7\u00e3o de bact\u00e9rias da \u00e1gua da piscina. Al\u00e9m disso, possui A\u00e7\u00e3o Superior do Ativo, que significa que todo o\u00a0<b>cloro<\/b>\u00a0est\u00e1 dispon\u00edvel para agir na purifica\u00e7\u00e3o da \u00e1gua. Ideal para piscinas com grande fluxo de pessoas.<\/p>\n<h1 class=\"ui-pdp-specs__title\"><\/h1>\n<div class=\"ui-pdp-specs__table\"><\/div>\n","protected":false},"excerpt":{"rendered":"<p>O\u00a0hth Cloro\u00a0Concentrado\u00a0tradicional\u00a0possui 65% de\u00a0cloro\u00a0ativo e \u00e9 uma f\u00f3rmula altamente eficaz na elimina\u00e7\u00e3o de bact\u00e9rias da \u00e1gua da piscina. Al\u00e9m disso, possui A\u00e7\u00e3o Superior do Ativo, que significa que todo o\u00a0cloro\u00a0est\u00e1 dispon\u00edvel para agir na purifica\u00e7\u00e3o da \u00e1gua. Ideal para piscinas com grande fluxo de pessoas.<\/p>\n","protected":false},"featured_media":26,"comment_status":"open","ping_status":"closed","template":"","meta":[],"product_brand":[],"product_cat":[24],"product_tag":[],"class_list":{"0":"post-25","1":"product","2":"type-product","3":"status-publish","4":"has-post-thumbnail","6":"product_cat-tratamento","8":"first","9":"instock","10":"shipping-taxable","11":"purchasable","12":"product-type-simple"},"jetpack_sharing_enabled":true,"_links":{"self":[{"href":"https:\/\/www.marquespiscinas.com.br\/loja\/wp-json\/wp\/v2\/product\/25","targetHints":{"allow":["GET"]}}],"collection":[{"href":"https:\/\/www.marquespiscinas.com.br\/loja\/wp-json\/wp\/v2\/product"}],"about":[{"href":"https:\/\/www.marquespiscinas.com.br\/loja\/wp-json\/wp\/v2\/types\/product"}],"replies":[{"embeddable":true,"href":"https:\/\/www.marquespiscinas.com.br\/loja\/wp-json\/wp\/v2\/comments?post=25"}],"wp:featuredmedia":[{"embeddable":true,"href":"https:\/\/www.marquespiscinas.com.br\/loja\/wp-json\/wp\/v2\/media\/26"}],"wp:attachment":[{"href":"https:\/\/www.marquespiscinas.com.br\/loja\/wp-json\/wp\/v2\/media?parent=25"}],"wp:term":[{"taxonomy":"product_brand","embeddable":true,"href":"https:\/\/www.marquespiscinas.com.br\/loja\/wp-json\/wp\/v2\/product_brand?post=25"},{"taxonomy":"product_cat","embeddable":true,"href":"https:\/\/www.marquespiscinas.com.br\/loja\/wp-json\/wp\/v2\/product_cat?post=25"},{"taxonomy":"product_tag","embeddable":true,"href":"https:\/\/www.marquespiscinas.com.br\/loja\/wp-json\/wp\/v2\/product_tag?post=25"}],"curies":[{"name":"wp","href":"https:\/\/api.w.org\/{rel}","templated":true}]}}