{"id":259,"date":"2021-02-02T14:43:25","date_gmt":"2021-02-02T17:43:25","guid":{"rendered":"https:\/\/www.marquespiscinas.com.br\/loja\/?post_type=product&#038;p=259"},"modified":"2024-04-30T11:16:41","modified_gmt":"2024-04-30T14:16:41","slug":"dispostivo-de-retorno-premium-flat-aco-inox-316","status":"publish","type":"product","link":"https:\/\/www.marquespiscinas.com.br\/loja\/produto\/dispostivo-de-retorno-premium-flat-aco-inox-316\/","title":{"rendered":"Dispostivo de Retorno Premium flat a\u00e7o inox 316"},"content":{"rendered":"<p>O Dispositivo de Retorno para Piscina de Alvenaria \u00e9 um produto de excelente qualidade e que tem como principal fun\u00e7\u00e3o fazer o retorno do volume de \u00e1gua para a piscina gerado pela motobomba. O produto atua em conjunto com o dispositivo de hidromassagem, que \u00e9 perfeito para massagear o corpo do banhista por meio do retorno de ar\/\u00e1gua para a piscina e o dispositivo de aspira\u00e7\u00e3o, que capta a \u00e1gua da piscina para alimentar o sistema filtrante da mesma, e que deve servir de acoplamento de aspira\u00e7\u00e3o do fundo da piscina. Ao comprar o seu Dispositivo de Retorno para Piscina de Alvenaria voc\u00ea contar\u00e1 com uma entrega r\u00e1pida e segura at\u00e9 a porta de sua casa.<\/p>\n","protected":false},"excerpt":{"rendered":"<p>O Dispositivo de Retorno para Piscina de Alvenaria \u00e9 um produto de excelente qualidade e que tem como principal fun\u00e7\u00e3o fazer o retorno do volume de \u00e1gua para a piscina gerado pela motobomba. O produto atua em conjunto com o dispositivo de hidromassagem, que \u00e9 perfeito para massagear o corpo do banhista por meio do [&hellip;]<\/p>\n","protected":false},"featured_media":260,"comment_status":"open","ping_status":"closed","template":"","meta":[],"product_brand":[],"product_cat":[25],"product_tag":[],"class_list":{"0":"post-259","1":"product","2":"type-product","3":"status-publish","4":"has-post-thumbnail","6":"product_cat-acessorios-2","8":"first","9":"onbackorder","10":"shipping-taxable","11":"purchasable","12":"product-type-simple"},"jetpack_sharing_enabled":true,"_links":{"self":[{"href":"https:\/\/www.marquespiscinas.com.br\/loja\/wp-json\/wp\/v2\/product\/259","targetHints":{"allow":["GET"]}}],"collection":[{"href":"https:\/\/www.marquespiscinas.com.br\/loja\/wp-json\/wp\/v2\/product"}],"about":[{"href":"https:\/\/www.marquespiscinas.com.br\/loja\/wp-json\/wp\/v2\/types\/product"}],"replies":[{"embeddable":true,"href":"https:\/\/www.marquespiscinas.com.br\/loja\/wp-json\/wp\/v2\/comments?post=259"}],"wp:featuredmedia":[{"embeddable":true,"href":"https:\/\/www.marquespiscinas.com.br\/loja\/wp-json\/wp\/v2\/media\/260"}],"wp:attachment":[{"href":"https:\/\/www.marquespiscinas.com.br\/loja\/wp-json\/wp\/v2\/media?parent=259"}],"wp:term":[{"taxonomy":"product_brand","embeddable":true,"href":"https:\/\/www.marquespiscinas.com.br\/loja\/wp-json\/wp\/v2\/product_brand?post=259"},{"taxonomy":"product_cat","embeddable":true,"href":"https:\/\/www.marquespiscinas.com.br\/loja\/wp-json\/wp\/v2\/product_cat?post=259"},{"taxonomy":"product_tag","embeddable":true,"href":"https:\/\/www.marquespiscinas.com.br\/loja\/wp-json\/wp\/v2\/product_tag?post=259"}],"curies":[{"name":"wp","href":"https:\/\/api.w.org\/{rel}","templated":true}]}}