{"id":263,"date":"2021-02-02T14:54:36","date_gmt":"2021-02-02T17:54:36","guid":{"rendered":"https:\/\/www.marquespiscinas.com.br\/loja\/?post_type=product&#038;p=263"},"modified":"2024-04-30T11:16:29","modified_gmt":"2024-04-30T14:16:29","slug":"dispostivo-de-hidromassagem-premium-flat-aco-inox-316","status":"publish","type":"product","link":"https:\/\/www.marquespiscinas.com.br\/loja\/produto\/dispostivo-de-hidromassagem-premium-flat-aco-inox-316\/","title":{"rendered":"Dispostivo de hidromassagem Premium flat a\u00e7o inox 316"},"content":{"rendered":"<p>Para que voc\u00ea possa desfrutar ainda mais de seus momentos de lazer em sua piscina, o Dispositivo de Hidromassagem para Piscina de Alvenaria \u00e9 um produto que garante uma excelente op\u00e7\u00e3o de relaxamento e divers\u00e3o para seus momentos com a sua fam\u00edlia e amigos na piscina. O produto conta com um discreto e moderno design, que n\u00e3o chama muito a aten\u00e7\u00e3o. Dispositivo de Hidromassagem para Piscina de Alvenaria gera um jato de \u00e1gua que massageia o corpo do banhista, garantindo muito relaxamento e divers\u00e3o.<\/p>\n","protected":false},"excerpt":{"rendered":"<p>Para que voc\u00ea possa desfrutar ainda mais de seus momentos de lazer em sua piscina, o Dispositivo de Hidromassagem para Piscina de Alvenaria \u00e9 um produto que garante uma excelente op\u00e7\u00e3o de relaxamento e divers\u00e3o para seus momentos com a sua fam\u00edlia e amigos na piscina. O produto conta com um discreto e moderno design, [&hellip;]<\/p>\n","protected":false},"featured_media":264,"comment_status":"open","ping_status":"closed","template":"","meta":[],"product_brand":[],"product_cat":[25],"product_tag":[],"class_list":{"0":"post-263","1":"product","2":"type-product","3":"status-publish","4":"has-post-thumbnail","6":"product_cat-acessorios-2","8":"first","9":"onbackorder","10":"shipping-taxable","11":"purchasable","12":"product-type-simple"},"jetpack_sharing_enabled":true,"_links":{"self":[{"href":"https:\/\/www.marquespiscinas.com.br\/loja\/wp-json\/wp\/v2\/product\/263","targetHints":{"allow":["GET"]}}],"collection":[{"href":"https:\/\/www.marquespiscinas.com.br\/loja\/wp-json\/wp\/v2\/product"}],"about":[{"href":"https:\/\/www.marquespiscinas.com.br\/loja\/wp-json\/wp\/v2\/types\/product"}],"replies":[{"embeddable":true,"href":"https:\/\/www.marquespiscinas.com.br\/loja\/wp-json\/wp\/v2\/comments?post=263"}],"wp:featuredmedia":[{"embeddable":true,"href":"https:\/\/www.marquespiscinas.com.br\/loja\/wp-json\/wp\/v2\/media\/264"}],"wp:attachment":[{"href":"https:\/\/www.marquespiscinas.com.br\/loja\/wp-json\/wp\/v2\/media?parent=263"}],"wp:term":[{"taxonomy":"product_brand","embeddable":true,"href":"https:\/\/www.marquespiscinas.com.br\/loja\/wp-json\/wp\/v2\/product_brand?post=263"},{"taxonomy":"product_cat","embeddable":true,"href":"https:\/\/www.marquespiscinas.com.br\/loja\/wp-json\/wp\/v2\/product_cat?post=263"},{"taxonomy":"product_tag","embeddable":true,"href":"https:\/\/www.marquespiscinas.com.br\/loja\/wp-json\/wp\/v2\/product_tag?post=263"}],"curies":[{"name":"wp","href":"https:\/\/api.w.org\/{rel}","templated":true}]}}