{"id":265,"date":"2021-02-02T15:02:16","date_gmt":"2021-02-02T18:02:16","guid":{"rendered":"https:\/\/www.marquespiscinas.com.br\/loja\/?post_type=product&#038;p=265"},"modified":"2024-04-30T11:15:59","modified_gmt":"2024-04-30T14:15:59","slug":"ralo-quebra-onda-premium-flat-aco-inox-316","status":"publish","type":"product","link":"https:\/\/www.marquespiscinas.com.br\/loja\/produto\/ralo-quebra-onda-premium-flat-aco-inox-316\/","title":{"rendered":"Ralo quebra onda Premium flat a\u00e7o inox 316"},"content":{"rendered":"<p>Em sua instala\u00e7\u00e3o deve ser posicionado de forma que a l\u00e2mina da \u00e1gua fique centralizada na pe\u00e7a, evitando assim o trasbordamento da piscina. O dispostivo \u00e9 feito para encaixe em tubula\u00e7\u00e3o de 50mm<\/p>\n","protected":false},"excerpt":{"rendered":"<p>Em sua instala\u00e7\u00e3o deve ser posicionado de forma que a l\u00e2mina da \u00e1gua fique centralizada na pe\u00e7a, evitando assim o trasbordamento da piscina. O dispostivo \u00e9 feito para encaixe em tubula\u00e7\u00e3o de 50mm<\/p>\n","protected":false},"featured_media":266,"comment_status":"open","ping_status":"closed","template":"","meta":[],"product_brand":[],"product_cat":[25],"product_tag":[],"class_list":{"0":"post-265","1":"product","2":"type-product","3":"status-publish","4":"has-post-thumbnail","6":"product_cat-acessorios-2","8":"first","9":"onbackorder","10":"shipping-taxable","11":"purchasable","12":"product-type-simple"},"jetpack_sharing_enabled":true,"_links":{"self":[{"href":"https:\/\/www.marquespiscinas.com.br\/loja\/wp-json\/wp\/v2\/product\/265","targetHints":{"allow":["GET"]}}],"collection":[{"href":"https:\/\/www.marquespiscinas.com.br\/loja\/wp-json\/wp\/v2\/product"}],"about":[{"href":"https:\/\/www.marquespiscinas.com.br\/loja\/wp-json\/wp\/v2\/types\/product"}],"replies":[{"embeddable":true,"href":"https:\/\/www.marquespiscinas.com.br\/loja\/wp-json\/wp\/v2\/comments?post=265"}],"wp:featuredmedia":[{"embeddable":true,"href":"https:\/\/www.marquespiscinas.com.br\/loja\/wp-json\/wp\/v2\/media\/266"}],"wp:attachment":[{"href":"https:\/\/www.marquespiscinas.com.br\/loja\/wp-json\/wp\/v2\/media?parent=265"}],"wp:term":[{"taxonomy":"product_brand","embeddable":true,"href":"https:\/\/www.marquespiscinas.com.br\/loja\/wp-json\/wp\/v2\/product_brand?post=265"},{"taxonomy":"product_cat","embeddable":true,"href":"https:\/\/www.marquespiscinas.com.br\/loja\/wp-json\/wp\/v2\/product_cat?post=265"},{"taxonomy":"product_tag","embeddable":true,"href":"https:\/\/www.marquespiscinas.com.br\/loja\/wp-json\/wp\/v2\/product_tag?post=265"}],"curies":[{"name":"wp","href":"https:\/\/api.w.org\/{rel}","templated":true}]}}