{"id":267,"date":"2021-02-19T13:59:35","date_gmt":"2021-02-19T16:59:35","guid":{"rendered":"https:\/\/www.marquespiscinas.com.br\/loja\/?post_type=product&#038;p=267"},"modified":"2023-01-27T16:45:55","modified_gmt":"2023-01-27T19:45:55","slug":"skimmer-boca-pequena","status":"publish","type":"product","link":"https:\/\/www.marquespiscinas.com.br\/loja\/produto\/skimmer-boca-pequena\/","title":{"rendered":"Skimmer Boca Pequena"},"content":{"rendered":"<p>skimmers promovem a movimenta\u00e7\u00e3o e remo\u00e7\u00e3o constante da camada superficial da \u00e1gua da piscina, retirando as impurezas em suspens\u00e3o na l\u00e2mina d\u00e1gua da piscina, onde se encontra o maior \u00edndice de contamina\u00e7\u00e3o, em fun\u00e7\u00e3o da menor presen\u00e7a do teor de cloro, maior n\u00famero de microrganismo, al\u00e9m dos res\u00edduos flutuantes como insetos, folhas, cabelos, pap\u00e9is, \u00f3leos bronzeadores, secre\u00e7\u00f5es buco &#8211; nasais etc. A Sodramar possui dois tipos de coadeiras em sua linha de fabrica\u00e7\u00e3o ; para piscinas de alvenaria, vinil e fibra , sendo estes nas op\u00e7\u00f5es boca larga e boca pequena. Fabricados em termopl\u00e1stico de alta qualidade (ABS), possuem insertos em lat\u00e3o e sa\u00edda para acoplamento de aspira\u00e7\u00e3o, o que reduz o custo da obra. Nos modelos boca larga e boca pequena existe o sistema exclusivo de regulagem de altura , adaptando-se aos diferentes tipos de revestimentos no piso. Sua instala\u00e7\u00e3o dever\u00e1 ser feita sempre na parede que fizer oposi\u00e7\u00e3o ao fluxo de retorno da piscina ; e de prefer\u00eancia contr\u00e1rio as correntes de vento de maior freq\u00fc\u00eancia facilmente constatadas no inicio das obras (posicionamento e constru\u00e7\u00e3o da piscina) possibilitando desta forma o perfeito funcionamento do sistema sem oposi\u00e7\u00e3o de for\u00e7as<\/p>\n","protected":false},"excerpt":{"rendered":"<p>skimmers promovem a movimenta\u00e7\u00e3o e remo\u00e7\u00e3o constante da camada superficial da \u00e1gua da piscina, retirando as impurezas em suspens\u00e3o na l\u00e2mina d\u00e1gua da piscina, onde se encontra o maior \u00edndice de contamina\u00e7\u00e3o, em fun\u00e7\u00e3o da menor presen\u00e7a do teor de cloro, maior n\u00famero de microrganismo, al\u00e9m dos res\u00edduos flutuantes como insetos, folhas, cabelos, pap\u00e9is, \u00f3leos [&hellip;]<\/p>\n","protected":false},"featured_media":268,"comment_status":"open","ping_status":"closed","template":"","meta":[],"product_brand":[],"product_cat":[25],"product_tag":[],"class_list":{"0":"post-267","1":"product","2":"type-product","3":"status-publish","4":"has-post-thumbnail","6":"product_cat-acessorios-2","8":"first","9":"onbackorder","10":"shipping-taxable","11":"purchasable","12":"product-type-simple"},"jetpack_sharing_enabled":true,"_links":{"self":[{"href":"https:\/\/www.marquespiscinas.com.br\/loja\/wp-json\/wp\/v2\/product\/267","targetHints":{"allow":["GET"]}}],"collection":[{"href":"https:\/\/www.marquespiscinas.com.br\/loja\/wp-json\/wp\/v2\/product"}],"about":[{"href":"https:\/\/www.marquespiscinas.com.br\/loja\/wp-json\/wp\/v2\/types\/product"}],"replies":[{"embeddable":true,"href":"https:\/\/www.marquespiscinas.com.br\/loja\/wp-json\/wp\/v2\/comments?post=267"}],"wp:featuredmedia":[{"embeddable":true,"href":"https:\/\/www.marquespiscinas.com.br\/loja\/wp-json\/wp\/v2\/media\/268"}],"wp:attachment":[{"href":"https:\/\/www.marquespiscinas.com.br\/loja\/wp-json\/wp\/v2\/media?parent=267"}],"wp:term":[{"taxonomy":"product_brand","embeddable":true,"href":"https:\/\/www.marquespiscinas.com.br\/loja\/wp-json\/wp\/v2\/product_brand?post=267"},{"taxonomy":"product_cat","embeddable":true,"href":"https:\/\/www.marquespiscinas.com.br\/loja\/wp-json\/wp\/v2\/product_cat?post=267"},{"taxonomy":"product_tag","embeddable":true,"href":"https:\/\/www.marquespiscinas.com.br\/loja\/wp-json\/wp\/v2\/product_tag?post=267"}],"curies":[{"name":"wp","href":"https:\/\/api.w.org\/{rel}","templated":true}]}}