{"id":27,"date":"2021-01-19T11:14:23","date_gmt":"2021-01-19T14:14:23","guid":{"rendered":"https:\/\/www.marquespiscinas.com.br\/loja\/?post_type=product&#038;p=27"},"modified":"2023-05-12T09:56:21","modified_gmt":"2023-05-12T12:56:21","slug":"cloro-pace-10-kg","status":"publish","type":"product","link":"https:\/\/www.marquespiscinas.com.br\/loja\/produto\/cloro-pace-10-kg\/","title":{"rendered":"Cloro PACE 10 kg"},"content":{"rendered":"<p>O <b>Pace<\/b>\u00a0A\u00e7\u00e3o Total \u00e9 um\u00a0<b>cloro<\/b>\u00a0granulado estabilizado de alta performance, com a\u00e7\u00e3o virucida comprovada contra os v\u00edrus presentes na \u00e1gua, causadores de diarreia, v\u00f4mito e febre.<\/p>\n","protected":false},"excerpt":{"rendered":"<p>O Pace\u00a0A\u00e7\u00e3o Total \u00e9 um\u00a0cloro\u00a0granulado estabilizado de alta performance, com a\u00e7\u00e3o virucida comprovada contra os v\u00edrus presentes na \u00e1gua, causadores de diarreia, v\u00f4mito e febre.<\/p>\n","protected":false},"featured_media":28,"comment_status":"open","ping_status":"closed","template":"","meta":[],"product_brand":[],"product_cat":[24],"product_tag":[],"class_list":{"0":"post-27","1":"product","2":"type-product","3":"status-publish","4":"has-post-thumbnail","6":"product_cat-tratamento","8":"first","9":"instock","10":"shipping-taxable","11":"purchasable","12":"product-type-simple"},"jetpack_sharing_enabled":true,"_links":{"self":[{"href":"https:\/\/www.marquespiscinas.com.br\/loja\/wp-json\/wp\/v2\/product\/27","targetHints":{"allow":["GET"]}}],"collection":[{"href":"https:\/\/www.marquespiscinas.com.br\/loja\/wp-json\/wp\/v2\/product"}],"about":[{"href":"https:\/\/www.marquespiscinas.com.br\/loja\/wp-json\/wp\/v2\/types\/product"}],"replies":[{"embeddable":true,"href":"https:\/\/www.marquespiscinas.com.br\/loja\/wp-json\/wp\/v2\/comments?post=27"}],"wp:featuredmedia":[{"embeddable":true,"href":"https:\/\/www.marquespiscinas.com.br\/loja\/wp-json\/wp\/v2\/media\/28"}],"wp:attachment":[{"href":"https:\/\/www.marquespiscinas.com.br\/loja\/wp-json\/wp\/v2\/media?parent=27"}],"wp:term":[{"taxonomy":"product_brand","embeddable":true,"href":"https:\/\/www.marquespiscinas.com.br\/loja\/wp-json\/wp\/v2\/product_brand?post=27"},{"taxonomy":"product_cat","embeddable":true,"href":"https:\/\/www.marquespiscinas.com.br\/loja\/wp-json\/wp\/v2\/product_cat?post=27"},{"taxonomy":"product_tag","embeddable":true,"href":"https:\/\/www.marquespiscinas.com.br\/loja\/wp-json\/wp\/v2\/product_tag?post=27"}],"curies":[{"name":"wp","href":"https:\/\/api.w.org\/{rel}","templated":true}]}}