{"id":275,"date":"2021-03-10T15:15:39","date_gmt":"2021-03-10T18:15:39","guid":{"rendered":"https:\/\/www.marquespiscinas.com.br\/loja\/?post_type=product&#038;p=275"},"modified":"2023-01-27T16:39:52","modified_gmt":"2023-01-27T19:39:52","slug":"sauna-steam-inox-6-kw-p-ate-6m%c2%b3","status":"publish","type":"product","link":"https:\/\/www.marquespiscinas.com.br\/loja\/produto\/sauna-steam-inox-6-kw-p-ate-6m%c2%b3\/","title":{"rendered":"Sauna Steam Inox 6 kw p\/ at\u00e9 6m\u00b3"},"content":{"rendered":"<p>Utilizar uma sauna com frequ\u00eancia traz diversos benef\u00edcios a sua sa\u00fade, como preven\u00e7\u00e3o de problemas respirat\u00f3rios e relaxamento muscular. Al\u00e9m de ser uma pr\u00e1tica saud\u00e1vel, ainda \u00e9 higi\u00eanica e relaxadora. No entanto, para poder banhar-se em uma sauna, voc\u00ea precisa ter um amplo espa\u00e7o para a constru\u00e7\u00e3o de um ambiente adequado, e muitas vezes isto n\u00e3o \u00e9 vi\u00e1vel. A Sauna Steam Inox 6kw foi desenvolvida pensando nestas ocasi\u00f5es. O modelo oferece todos os benef\u00edcios de um banho de sauna sem precisar construir um c\u00f4modo de sauna. Com a Sauna Steam Inox 6kw voc\u00ea consegue facilmente transformar o seu banheiro em uma agrad\u00e1vel sauna. Sendo perfeito para quem n\u00e3o demanda de um ambiente adequado para saunas e at\u00e9 mesmo pequenos espa\u00e7os, a Sauna Steam Inox 6kw garante todos os benef\u00edcios de uma sauna, mas ocupando apenas o espa\u00e7o de seu box. A Sauna Steam Inox 6kw \u00e9 ideal para ser utilizada at\u00e9 mesmo apartamentos. A \u00fanica coisa que voc\u00ea precisa ter \u00e9 um box fechado at\u00e9 o teto.<\/p>\n<p>Devido \u00e0s in\u00fameras solicita\u00e7\u00f5es de engenheiros e arquitetos, a Sodramar lan\u00e7a o gerador de vapor Steam Inox. Ele \u00e9 ideal para quem sonha em ter uma sauna em casa mas n\u00e3o tem espa\u00e7o, com ele voc\u00ea pode transformar seu banheiro em uma sauna facilmente. O Gerador de vapor Steam Inox tamb\u00e9m \u00e9 \u00fatil para quem deseja deixar o aparelho dentro do c\u00f4modo da sauna. O aparelho dentro do c\u00f4modo da sauna melhora a est\u00e9tica da \u00e1rea de lazer pois n\u00e3o ocupa espa\u00e7o externo. Ele foi desenvolvido especialmente para funcionar dentro do ambiente da sauna, produzido em a\u00e7o inox o que garante uma maior durabilidade.<\/p>\n<p>ATEN\u00c7\u00c3O: O Gerador de Vapor Steam Inox necessita de um Comando Sodramar para funcionar (Digital ou Anal\u00f3gico), al\u00e9m de acionar ele monitora e controla a temperatura.<\/p>\n","protected":false},"excerpt":{"rendered":"<p>Utilizar uma sauna com frequ\u00eancia traz diversos benef\u00edcios a sua sa\u00fade, como preven\u00e7\u00e3o de problemas respirat\u00f3rios e relaxamento muscular. Al\u00e9m de ser uma pr\u00e1tica saud\u00e1vel, ainda \u00e9 higi\u00eanica e relaxadora. No entanto, para poder banhar-se em uma sauna, voc\u00ea precisa ter um amplo espa\u00e7o para a constru\u00e7\u00e3o de um ambiente adequado, e muitas vezes isto [&hellip;]<\/p>\n","protected":false},"featured_media":274,"comment_status":"open","ping_status":"closed","template":"","meta":[],"product_brand":[],"product_cat":[18],"product_tag":[],"class_list":{"0":"post-275","1":"product","2":"type-product","3":"status-publish","4":"has-post-thumbnail","6":"product_cat-saunas","8":"first","9":"onbackorder","10":"shipping-taxable","11":"purchasable","12":"product-type-simple"},"jetpack_sharing_enabled":true,"_links":{"self":[{"href":"https:\/\/www.marquespiscinas.com.br\/loja\/wp-json\/wp\/v2\/product\/275","targetHints":{"allow":["GET"]}}],"collection":[{"href":"https:\/\/www.marquespiscinas.com.br\/loja\/wp-json\/wp\/v2\/product"}],"about":[{"href":"https:\/\/www.marquespiscinas.com.br\/loja\/wp-json\/wp\/v2\/types\/product"}],"replies":[{"embeddable":true,"href":"https:\/\/www.marquespiscinas.com.br\/loja\/wp-json\/wp\/v2\/comments?post=275"}],"wp:featuredmedia":[{"embeddable":true,"href":"https:\/\/www.marquespiscinas.com.br\/loja\/wp-json\/wp\/v2\/media\/274"}],"wp:attachment":[{"href":"https:\/\/www.marquespiscinas.com.br\/loja\/wp-json\/wp\/v2\/media?parent=275"}],"wp:term":[{"taxonomy":"product_brand","embeddable":true,"href":"https:\/\/www.marquespiscinas.com.br\/loja\/wp-json\/wp\/v2\/product_brand?post=275"},{"taxonomy":"product_cat","embeddable":true,"href":"https:\/\/www.marquespiscinas.com.br\/loja\/wp-json\/wp\/v2\/product_cat?post=275"},{"taxonomy":"product_tag","embeddable":true,"href":"https:\/\/www.marquespiscinas.com.br\/loja\/wp-json\/wp\/v2\/product_tag?post=275"}],"curies":[{"name":"wp","href":"https:\/\/api.w.org\/{rel}","templated":true}]}}