{"id":276,"date":"2021-03-10T15:19:28","date_gmt":"2021-03-10T18:19:28","guid":{"rendered":"https:\/\/www.marquespiscinas.com.br\/loja\/?post_type=product&#038;p=276"},"modified":"2023-01-27T16:39:43","modified_gmt":"2023-01-27T19:39:43","slug":"sauna-steam-inox-12kw-p-ate-18m%c2%b3","status":"publish","type":"product","link":"https:\/\/www.marquespiscinas.com.br\/loja\/produto\/sauna-steam-inox-12kw-p-ate-18m%c2%b3\/","title":{"rendered":"Sauna Steam Inox 12kw p\/ at\u00e9 18m\u00b3"},"content":{"rendered":"<p>A Sodramar idealizou e desenvolveu a Sauna Steam Inox 12kw com a inten\u00e7\u00e3o de encontrar uma solu\u00e7\u00e3o para que as pessoas tivessem como tomar banho de sauna sem ter que construir um ambiente prop\u00edcio para esta atividade. Com a Sauna Steam Inox 12kw, voc\u00ea pode banhar-se em uma sauna sem sair de casa. Isso mesmo. O modelo oferece todos os benef\u00edcios que um banho de sauna traz a sua sa\u00fade e a sua higiene dentro de sua casa. Para isso, voc\u00ea s\u00f3 necessita ter um box fechado at\u00e9 o teto. A Sauna Steam Inox 12kw dissipa o vapor quente no seu box.<\/p>\n<p>&nbsp;<\/p>\n<h3>Benef\u00edcios da Sauna Steam Inox 12kw<\/h3>\n<p>Com um custo-benef\u00edcio excelente, a Sauna Steam Inox 12kw \u00e9 um produto indispens\u00e1vel para quem deseja desfrutar de relaxantes banhos de sauna, mas n\u00e3o tem condi\u00e7\u00f5es de construir um ambiente espec\u00edfico para tal. O modelo ainda \u00e9 muito resistente e supera todas as suas expectativas quanto \u00e0 qualidade e efici\u00eancia.<\/p>\n<p>&nbsp;<\/p>\n<div>Devido \u00e0s in\u00fameras solicita\u00e7\u00f5es de engenheiros e arquitetos, a Sodramar lan\u00e7a o gerador de vapor Steam Inox. Ele \u00e9 ideal para quem sonha em ter uma sauna em casa mas n\u00e3o tem espa\u00e7o, com ele voc\u00ea pode transformar seu banheiro em uma sauna facilmente. O Gerador de vapor Steam Inox tamb\u00e9m \u00e9 \u00fatil para quem deseja deixar o aparelho dentro do c\u00f4modo da sauna. O aparelho dentro do c\u00f4modo da sauna melhora a est\u00e9tica da \u00e1rea de lazer pois n\u00e3o ocupa espa\u00e7o externo. Ele foi desenvolvido especialmente para funcionar dentro do ambiente da sauna, produzido em a\u00e7o inox o que garante uma maior durabilidade.<\/div>\n<div><strong>ATEN\u00c7\u00c3O: O Gerador de Vapor Steam Inox necessita de um Comando Sodramar para funcionar (Digital ou Anal\u00f3gico), al\u00e9m de acionar ele monitora e controla a temperatura.<\/strong><\/div>\n","protected":false},"excerpt":{"rendered":"<p>A Sodramar idealizou e desenvolveu a Sauna Steam Inox 12kw com a inten\u00e7\u00e3o de encontrar uma solu\u00e7\u00e3o para que as pessoas tivessem como tomar banho de sauna sem ter que construir um ambiente prop\u00edcio para esta atividade. Com a Sauna Steam Inox 12kw, voc\u00ea pode banhar-se em uma sauna sem sair de casa. Isso mesmo. [&hellip;]<\/p>\n","protected":false},"featured_media":274,"comment_status":"open","ping_status":"closed","template":"","meta":[],"product_brand":[],"product_cat":[18],"product_tag":[],"class_list":{"0":"post-276","1":"product","2":"type-product","3":"status-publish","4":"has-post-thumbnail","6":"product_cat-saunas","8":"first","9":"onbackorder","10":"shipping-taxable","11":"purchasable","12":"product-type-simple"},"jetpack_sharing_enabled":true,"_links":{"self":[{"href":"https:\/\/www.marquespiscinas.com.br\/loja\/wp-json\/wp\/v2\/product\/276","targetHints":{"allow":["GET"]}}],"collection":[{"href":"https:\/\/www.marquespiscinas.com.br\/loja\/wp-json\/wp\/v2\/product"}],"about":[{"href":"https:\/\/www.marquespiscinas.com.br\/loja\/wp-json\/wp\/v2\/types\/product"}],"replies":[{"embeddable":true,"href":"https:\/\/www.marquespiscinas.com.br\/loja\/wp-json\/wp\/v2\/comments?post=276"}],"wp:featuredmedia":[{"embeddable":true,"href":"https:\/\/www.marquespiscinas.com.br\/loja\/wp-json\/wp\/v2\/media\/274"}],"wp:attachment":[{"href":"https:\/\/www.marquespiscinas.com.br\/loja\/wp-json\/wp\/v2\/media?parent=276"}],"wp:term":[{"taxonomy":"product_brand","embeddable":true,"href":"https:\/\/www.marquespiscinas.com.br\/loja\/wp-json\/wp\/v2\/product_brand?post=276"},{"taxonomy":"product_cat","embeddable":true,"href":"https:\/\/www.marquespiscinas.com.br\/loja\/wp-json\/wp\/v2\/product_cat?post=276"},{"taxonomy":"product_tag","embeddable":true,"href":"https:\/\/www.marquespiscinas.com.br\/loja\/wp-json\/wp\/v2\/product_tag?post=276"}],"curies":[{"name":"wp","href":"https:\/\/api.w.org\/{rel}","templated":true}]}}