{"id":286,"date":"2021-03-10T16:13:09","date_gmt":"2021-03-10T19:13:09","guid":{"rendered":"https:\/\/www.marquespiscinas.com.br\/loja\/?post_type=product&#038;p=286"},"modified":"2023-01-27T15:22:06","modified_gmt":"2023-01-27T18:22:06","slug":"sauna-9kw-inox-p-ate-100m%c2%b3","status":"publish","type":"product","link":"https:\/\/www.marquespiscinas.com.br\/loja\/produto\/sauna-9kw-inox-p-ate-100m%c2%b3\/","title":{"rendered":"Sauna 9kw Inox p\/ at\u00e9 10,0m\u00b3"},"content":{"rendered":"<p>A sauna Compact Line Inox foi projetada para ambientes de sauna \u00famida com medidas entre 6 e 50 m\u00b3. Possui reservat\u00f3rio em a\u00e7o inox, que garante maior resist\u00eancia e durabilidade do produto.<\/p>\n","protected":false},"excerpt":{"rendered":"<p>A sauna Compact Line Inox foi projetada para ambientes de sauna \u00famida com medidas entre 6 e 50 m\u00b3. Possui reservat\u00f3rio em a\u00e7o inox, que garante maior resist\u00eancia e durabilidade do produto.<\/p>\n","protected":false},"featured_media":287,"comment_status":"open","ping_status":"closed","template":"","meta":[],"product_brand":[],"product_cat":[18],"product_tag":[],"class_list":{"0":"post-286","1":"product","2":"type-product","3":"status-publish","4":"has-post-thumbnail","6":"product_cat-saunas","8":"first","9":"onbackorder","10":"shipping-taxable","11":"purchasable","12":"product-type-simple"},"jetpack_sharing_enabled":true,"_links":{"self":[{"href":"https:\/\/www.marquespiscinas.com.br\/loja\/wp-json\/wp\/v2\/product\/286","targetHints":{"allow":["GET"]}}],"collection":[{"href":"https:\/\/www.marquespiscinas.com.br\/loja\/wp-json\/wp\/v2\/product"}],"about":[{"href":"https:\/\/www.marquespiscinas.com.br\/loja\/wp-json\/wp\/v2\/types\/product"}],"replies":[{"embeddable":true,"href":"https:\/\/www.marquespiscinas.com.br\/loja\/wp-json\/wp\/v2\/comments?post=286"}],"wp:featuredmedia":[{"embeddable":true,"href":"https:\/\/www.marquespiscinas.com.br\/loja\/wp-json\/wp\/v2\/media\/287"}],"wp:attachment":[{"href":"https:\/\/www.marquespiscinas.com.br\/loja\/wp-json\/wp\/v2\/media?parent=286"}],"wp:term":[{"taxonomy":"product_brand","embeddable":true,"href":"https:\/\/www.marquespiscinas.com.br\/loja\/wp-json\/wp\/v2\/product_brand?post=286"},{"taxonomy":"product_cat","embeddable":true,"href":"https:\/\/www.marquespiscinas.com.br\/loja\/wp-json\/wp\/v2\/product_cat?post=286"},{"taxonomy":"product_tag","embeddable":true,"href":"https:\/\/www.marquespiscinas.com.br\/loja\/wp-json\/wp\/v2\/product_tag?post=286"}],"curies":[{"name":"wp","href":"https:\/\/api.w.org\/{rel}","templated":true}]}}