{"id":289,"date":"2021-03-10T16:27:13","date_gmt":"2021-03-10T19:27:13","guid":{"rendered":"https:\/\/www.marquespiscinas.com.br\/loja\/?post_type=product&#038;p=289"},"modified":"2024-04-30T11:14:14","modified_gmt":"2024-04-30T14:14:14","slug":"caixa-de-passagem-com-base-quadrada-e-tampa-inox","status":"publish","type":"product","link":"https:\/\/www.marquespiscinas.com.br\/loja\/produto\/caixa-de-passagem-com-base-quadrada-e-tampa-inox\/","title":{"rendered":"Caixa de Passagem com Base Quadrada e Tampa Inox"},"content":{"rendered":"<p>A Caixa de Passagem Inox \u00e9 um produto que torna a instala\u00e7\u00e3o e manuten\u00e7\u00e3o da ilumina\u00e7\u00e3o de sua piscina muito mais f\u00e1cil. O principal diferencial do modelo \u00e9 o fato de ele contar com um exclusivo sistema que faz com que a caixa se adapte \u00e0 qualquer tipo de acabamento de borda de piscina.<\/p>\n<h2>Benef\u00edcios da Caixa de Passagem Inox<\/h2>\n<div>Por ser um produto que facilita muito a sua vida, a Caixa de Passagem Inox n\u00e3o pode faltar em sua piscina. Com ela, voc\u00ea consegue fazer a manuten\u00e7\u00e3o da ilumina\u00e7\u00e3o com muito mais facilidade, al\u00e9m de ser um produto muito resistente e dur\u00e1vel. O custo-benef\u00edcio da Caixa de Passagem Inox tamb\u00e9m merece destaque, uma vez que o produto desempenha a sua fun\u00e7\u00e3o com muita qualidade e est\u00e1 dispon\u00edvel a um \u00f3timo pre\u00e7o.<\/div>\n<div>Com fabrica\u00e7\u00e3o em termopl\u00e1stico (ABS) injetado, a caixa de passagem Sodramar possui tampa em A\u00e7o ou ABS fixada com quatro parafusos em a\u00e7o inox, guarni\u00e7\u00e3o de borracha, sistema prensa cabo, quatro sa\u00eddas opcionais de 3\/4 col\u00e1vel,e \u00e9 a \u00fanica no mercado com exclusivo sistema de prolongador que permite sua adapta\u00e7\u00e3o a qualquer tipo de acabamento na borda da piscina. Tem por finalidade facilitar a manuten\u00e7\u00e3o e instala\u00e7\u00e3o da ilumina\u00e7\u00e3o subaqu\u00e1tica da piscina.<\/div>\n","protected":false},"excerpt":{"rendered":"<p>A Caixa de Passagem Inox \u00e9 um produto que torna a instala\u00e7\u00e3o e manuten\u00e7\u00e3o da ilumina\u00e7\u00e3o de sua piscina muito mais f\u00e1cil. O principal diferencial do modelo \u00e9 o fato de ele contar com um exclusivo sistema que faz com que a caixa se adapte \u00e0 qualquer tipo de acabamento de borda de piscina. Benef\u00edcios [&hellip;]<\/p>\n","protected":false},"featured_media":290,"comment_status":"open","ping_status":"closed","template":"","meta":[],"product_brand":[],"product_cat":[25,17],"product_tag":[],"class_list":{"0":"post-289","1":"product","2":"type-product","3":"status-publish","4":"has-post-thumbnail","6":"product_cat-acessorios-2","7":"product_cat-construcao","9":"first","10":"onbackorder","11":"shipping-taxable","12":"purchasable","13":"product-type-simple"},"jetpack_sharing_enabled":true,"_links":{"self":[{"href":"https:\/\/www.marquespiscinas.com.br\/loja\/wp-json\/wp\/v2\/product\/289","targetHints":{"allow":["GET"]}}],"collection":[{"href":"https:\/\/www.marquespiscinas.com.br\/loja\/wp-json\/wp\/v2\/product"}],"about":[{"href":"https:\/\/www.marquespiscinas.com.br\/loja\/wp-json\/wp\/v2\/types\/product"}],"replies":[{"embeddable":true,"href":"https:\/\/www.marquespiscinas.com.br\/loja\/wp-json\/wp\/v2\/comments?post=289"}],"wp:featuredmedia":[{"embeddable":true,"href":"https:\/\/www.marquespiscinas.com.br\/loja\/wp-json\/wp\/v2\/media\/290"}],"wp:attachment":[{"href":"https:\/\/www.marquespiscinas.com.br\/loja\/wp-json\/wp\/v2\/media?parent=289"}],"wp:term":[{"taxonomy":"product_brand","embeddable":true,"href":"https:\/\/www.marquespiscinas.com.br\/loja\/wp-json\/wp\/v2\/product_brand?post=289"},{"taxonomy":"product_cat","embeddable":true,"href":"https:\/\/www.marquespiscinas.com.br\/loja\/wp-json\/wp\/v2\/product_cat?post=289"},{"taxonomy":"product_tag","embeddable":true,"href":"https:\/\/www.marquespiscinas.com.br\/loja\/wp-json\/wp\/v2\/product_tag?post=289"}],"curies":[{"name":"wp","href":"https:\/\/api.w.org\/{rel}","templated":true}]}}