{"id":293,"date":"2021-03-11T09:23:54","date_gmt":"2021-03-11T12:23:54","guid":{"rendered":"https:\/\/www.marquespiscinas.com.br\/loja\/?post_type=product&#038;p=293"},"modified":"2023-01-27T15:17:58","modified_gmt":"2023-01-27T18:17:58","slug":"cascata-para-piscina-em-aco-inox-canyon","status":"publish","type":"product","link":"https:\/\/www.marquespiscinas.com.br\/loja\/produto\/cascata-para-piscina-em-aco-inox-canyon\/","title":{"rendered":"Cascata para piscina em A\u00e7o inox Canyon"},"content":{"rendered":"<div class=\"info padding-left-sm small-12 large-5\">\n<div class=\"descResumida text-center large-text-left\">\n<div>\n<p>As cascatas Sodramar tem a finalidade de agregar valor a sua piscina. Com design moderno e inovador, elas embelezam seu ambiente de lazer com quedas d&#8217;\u00e1gua que proporcionam uma sensa\u00e7\u00e3o refrescante de relaxamento e divers\u00e3o, al\u00e9m de contribuir no processo de oxigena\u00e7\u00e3o da \u00e1gua de sua piscina. S\u00e3o desenvolvidas em a\u00e7o inoxid\u00e1vel e materiais n\u00e3o ferrosos, oferecendo excelente resist\u00eancia e durabilidade.<\/p>\n<p><strong>Cascata em a\u00e7o inox 304<\/strong><\/p>\n<\/div>\n<\/div>\n<\/div>\n","protected":false},"excerpt":{"rendered":"<p>As cascatas Sodramar tem a finalidade de agregar valor a sua piscina. Com design moderno e inovador, elas embelezam seu ambiente de lazer com quedas d&#8217;\u00e1gua que proporcionam uma sensa\u00e7\u00e3o refrescante de relaxamento e divers\u00e3o, al\u00e9m de contribuir no processo de oxigena\u00e7\u00e3o da \u00e1gua de sua piscina. S\u00e3o desenvolvidas em a\u00e7o inoxid\u00e1vel e materiais n\u00e3o [&hellip;]<\/p>\n","protected":false},"featured_media":294,"comment_status":"open","ping_status":"closed","template":"","meta":[],"product_brand":[],"product_cat":[26],"product_tag":[],"class_list":{"0":"post-293","1":"product","2":"type-product","3":"status-publish","4":"has-post-thumbnail","6":"product_cat-cascatas","8":"first","9":"onbackorder","10":"shipping-taxable","11":"purchasable","12":"product-type-simple"},"jetpack_sharing_enabled":true,"_links":{"self":[{"href":"https:\/\/www.marquespiscinas.com.br\/loja\/wp-json\/wp\/v2\/product\/293","targetHints":{"allow":["GET"]}}],"collection":[{"href":"https:\/\/www.marquespiscinas.com.br\/loja\/wp-json\/wp\/v2\/product"}],"about":[{"href":"https:\/\/www.marquespiscinas.com.br\/loja\/wp-json\/wp\/v2\/types\/product"}],"replies":[{"embeddable":true,"href":"https:\/\/www.marquespiscinas.com.br\/loja\/wp-json\/wp\/v2\/comments?post=293"}],"wp:featuredmedia":[{"embeddable":true,"href":"https:\/\/www.marquespiscinas.com.br\/loja\/wp-json\/wp\/v2\/media\/294"}],"wp:attachment":[{"href":"https:\/\/www.marquespiscinas.com.br\/loja\/wp-json\/wp\/v2\/media?parent=293"}],"wp:term":[{"taxonomy":"product_brand","embeddable":true,"href":"https:\/\/www.marquespiscinas.com.br\/loja\/wp-json\/wp\/v2\/product_brand?post=293"},{"taxonomy":"product_cat","embeddable":true,"href":"https:\/\/www.marquespiscinas.com.br\/loja\/wp-json\/wp\/v2\/product_cat?post=293"},{"taxonomy":"product_tag","embeddable":true,"href":"https:\/\/www.marquespiscinas.com.br\/loja\/wp-json\/wp\/v2\/product_tag?post=293"}],"curies":[{"name":"wp","href":"https:\/\/api.w.org\/{rel}","templated":true}]}}