{"id":295,"date":"2021-03-11T09:32:21","date_gmt":"2021-03-11T12:32:21","guid":{"rendered":"https:\/\/www.marquespiscinas.com.br\/loja\/?post_type=product&#038;p=295"},"modified":"2024-04-30T11:13:41","modified_gmt":"2024-04-30T14:13:41","slug":"cascata-para-piscina-canyon-pratic-jr","status":"publish","type":"product","link":"https:\/\/www.marquespiscinas.com.br\/loja\/produto\/cascata-para-piscina-canyon-pratic-jr\/","title":{"rendered":"Cascata para piscina Canyon Pratic Jr"},"content":{"rendered":"<p>A linha de Cascatas em a\u00e7o inox Pratic Jr, possui a mesma qualidade, beleza e acabamento das Cascatas tradicionais com um custo benef\u00edcio melhor, s\u00e3o ideais para piscinas menores.<br \/>\nAs cascatas Sodramar tem a finalidade de agregar valor a sua piscina. Com design moderno e inovador, elas embelezam seu ambiente de lazer com quedas d&#8217;\u00e1gua que proporcionam uma sensa\u00e7\u00e3o refrescante de relaxamento e divers\u00e3o, al\u00e9m de contribuir no processo de oxigena\u00e7\u00e3o da \u00e1gua de sua piscina. S\u00e3o desenvolvidas em a\u00e7o inoxid\u00e1vel e materiais n\u00e3o ferrosos, oferecendo excelente resist\u00eancia e durabilidade.<\/p>\n<h2>Cascata Canyon Pratic Jr<\/h2>\n<p>Sendo uma op\u00e7\u00e3o perfeita para embelezar a sua \u00e1rea de piscina com muita eleg\u00e2ncia e qualidade, a Cascata Canyon Pratic Jr ainda oferece muita divers\u00e3o e relaxamento, com um refrescante banho. O produto apresenta uma \u00f3tima qualidade, contando com um design moderno e inovador, que torna o seu ambiente de piscina um local mais atraente. A Cascata Canyon Pratic Jr tem o mesmo n\u00edvel de qualidade do que as cascatas tradicionais, por\u00e9m, s\u00e3o perfeitas para piscinas menores. Al\u00e9m de deixar o ambiente mais bonito, oferecer uma op\u00e7\u00e3o de diversas e relaxamento, a Cascata Canyon Pratic Jr ainda auxilia muito no processo de oxigena\u00e7\u00e3o da \u00e1gua de sua piscina. Por ser fabricada com materiais de alta qualidade, a Cascata Canyon Pratic Jr apresenta muita durabilidade e resist\u00eancia.<\/p>\n<p>&nbsp;<\/p>\n<h3>Descri\u00e7\u00e3o da Cascata Canyon Pratic Jr<\/h3>\n<p>A vaz\u00e3o m\u00ednima da Cascata Canyon Pratic Jr \u00e9 de 7200 l\/h, enquanto a sua vaz\u00e3o m\u00e1xima \u00e9 de 13000 l\/h. A vaz\u00e3o ideal para o modelo \u00e9 de 10000 l\/h. O modelo \u00e9 fabricado em a\u00e7o inox, o que garante ao modelo uma excelente resist\u00eancia e durabilidade, tendo uma vida \u00fatil muito longa caso seja bem conservada.<\/p>\n","protected":false},"excerpt":{"rendered":"<p>A linha de Cascatas em a\u00e7o inox Pratic Jr, possui a mesma qualidade, beleza e acabamento das Cascatas tradicionais com um custo benef\u00edcio melhor, s\u00e3o ideais para piscinas menores. As cascatas Sodramar tem a finalidade de agregar valor a sua piscina. Com design moderno e inovador, elas embelezam seu ambiente de lazer com quedas d&#8217;\u00e1gua [&hellip;]<\/p>\n","protected":false},"featured_media":296,"comment_status":"open","ping_status":"closed","template":"","meta":[],"product_brand":[],"product_cat":[26],"product_tag":[],"class_list":{"0":"post-295","1":"product","2":"type-product","3":"status-publish","4":"has-post-thumbnail","6":"product_cat-cascatas","8":"first","9":"instock","10":"shipping-taxable","11":"purchasable","12":"product-type-simple"},"jetpack_sharing_enabled":true,"_links":{"self":[{"href":"https:\/\/www.marquespiscinas.com.br\/loja\/wp-json\/wp\/v2\/product\/295","targetHints":{"allow":["GET"]}}],"collection":[{"href":"https:\/\/www.marquespiscinas.com.br\/loja\/wp-json\/wp\/v2\/product"}],"about":[{"href":"https:\/\/www.marquespiscinas.com.br\/loja\/wp-json\/wp\/v2\/types\/product"}],"replies":[{"embeddable":true,"href":"https:\/\/www.marquespiscinas.com.br\/loja\/wp-json\/wp\/v2\/comments?post=295"}],"wp:featuredmedia":[{"embeddable":true,"href":"https:\/\/www.marquespiscinas.com.br\/loja\/wp-json\/wp\/v2\/media\/296"}],"wp:attachment":[{"href":"https:\/\/www.marquespiscinas.com.br\/loja\/wp-json\/wp\/v2\/media?parent=295"}],"wp:term":[{"taxonomy":"product_brand","embeddable":true,"href":"https:\/\/www.marquespiscinas.com.br\/loja\/wp-json\/wp\/v2\/product_brand?post=295"},{"taxonomy":"product_cat","embeddable":true,"href":"https:\/\/www.marquespiscinas.com.br\/loja\/wp-json\/wp\/v2\/product_cat?post=295"},{"taxonomy":"product_tag","embeddable":true,"href":"https:\/\/www.marquespiscinas.com.br\/loja\/wp-json\/wp\/v2\/product_tag?post=295"}],"curies":[{"name":"wp","href":"https:\/\/api.w.org\/{rel}","templated":true}]}}