{"id":30,"date":"2021-01-19T11:17:18","date_gmt":"2021-01-19T14:17:18","guid":{"rendered":"https:\/\/www.marquespiscinas.com.br\/loja\/?post_type=product&#038;p=30"},"modified":"2022-09-14T15:42:22","modified_gmt":"2022-09-14T18:42:22","slug":"cloro-hth-10x1-10-kg","status":"publish","type":"product","link":"https:\/\/www.marquespiscinas.com.br\/loja\/produto\/cloro-hth-10x1-10-kg\/","title":{"rendered":"Cloro HTH 10&#215;1 10 kg"},"content":{"rendered":"<p>O\u00a0<b>hth<\/b>\u00a0<b>Cloro<\/b> Aditivado 10em1\u00a0 \u00e9 multia\u00e7\u00e3o, elimina bact\u00e9rias e fungos, d\u00e1 brilho \u00e0 \u00e1gua, pois intensifica sua cristalinidade, previne \u00e1gua verde e clarifica continuamente atrav\u00e9s da elimina\u00e7\u00e3o de micropart\u00edculas na filtra\u00e7\u00e3o. O resultado \u00e9 uma \u00e1gua de piscina t\u00e3o pura e cristalina que at\u00e9 brilha.<\/p>\n","protected":false},"excerpt":{"rendered":"<p>O\u00a0hth\u00a0Cloro Aditivado 10em1\u00a0 \u00e9 multia\u00e7\u00e3o, elimina bact\u00e9rias e fungos, d\u00e1 brilho \u00e0 \u00e1gua, pois intensifica sua cristalinidade, previne \u00e1gua verde e clarifica continuamente atrav\u00e9s da elimina\u00e7\u00e3o de micropart\u00edculas na filtra\u00e7\u00e3o. O resultado \u00e9 uma \u00e1gua de piscina t\u00e3o pura e cristalina que at\u00e9 brilha.<\/p>\n","protected":false},"featured_media":31,"comment_status":"open","ping_status":"closed","template":"","meta":[],"product_brand":[],"product_cat":[24],"product_tag":[],"class_list":{"0":"post-30","1":"product","2":"type-product","3":"status-publish","4":"has-post-thumbnail","6":"product_cat-tratamento","8":"first","9":"instock","10":"sale","11":"shipping-taxable","12":"purchasable","13":"product-type-simple"},"jetpack_sharing_enabled":true,"_links":{"self":[{"href":"https:\/\/www.marquespiscinas.com.br\/loja\/wp-json\/wp\/v2\/product\/30","targetHints":{"allow":["GET"]}}],"collection":[{"href":"https:\/\/www.marquespiscinas.com.br\/loja\/wp-json\/wp\/v2\/product"}],"about":[{"href":"https:\/\/www.marquespiscinas.com.br\/loja\/wp-json\/wp\/v2\/types\/product"}],"replies":[{"embeddable":true,"href":"https:\/\/www.marquespiscinas.com.br\/loja\/wp-json\/wp\/v2\/comments?post=30"}],"wp:featuredmedia":[{"embeddable":true,"href":"https:\/\/www.marquespiscinas.com.br\/loja\/wp-json\/wp\/v2\/media\/31"}],"wp:attachment":[{"href":"https:\/\/www.marquespiscinas.com.br\/loja\/wp-json\/wp\/v2\/media?parent=30"}],"wp:term":[{"taxonomy":"product_brand","embeddable":true,"href":"https:\/\/www.marquespiscinas.com.br\/loja\/wp-json\/wp\/v2\/product_brand?post=30"},{"taxonomy":"product_cat","embeddable":true,"href":"https:\/\/www.marquespiscinas.com.br\/loja\/wp-json\/wp\/v2\/product_cat?post=30"},{"taxonomy":"product_tag","embeddable":true,"href":"https:\/\/www.marquespiscinas.com.br\/loja\/wp-json\/wp\/v2\/product_tag?post=30"}],"curies":[{"name":"wp","href":"https:\/\/api.w.org\/{rel}","templated":true}]}}