{"id":301,"date":"2021-03-12T15:36:02","date_gmt":"2021-03-12T18:36:02","guid":{"rendered":"https:\/\/www.marquespiscinas.com.br\/loja\/?post_type=product&#038;p=301"},"modified":"2023-01-27T16:35:40","modified_gmt":"2023-01-27T19:35:40","slug":"cascata-de-embutir-40-cm","status":"publish","type":"product","link":"https:\/\/www.marquespiscinas.com.br\/loja\/produto\/cascata-de-embutir-40-cm\/","title":{"rendered":"Cascata de embutir 40 cm"},"content":{"rendered":"<p>A Cascata de embutir possui design moderno e proporciona efeitos incr\u00edveis, a cascata al\u00e9m de proporcionar beleza na sua piscina, promove momentos de relaxamento f\u00edsico e mental, al\u00e9m de contribuir no processo de oxigena\u00e7\u00e3o da \u00e1gua de sua piscina.<\/p>\n<p>A Cascata de Embutir em fibra de vidro, \u00e9 confeccionada nas larguras de l\u00e2minas que variam de 40 cm \u00e0 1,80 cm.<\/p>\n<div class=\"ancoraDescricao\"><\/div>\n","protected":false},"excerpt":{"rendered":"<p>A Cascata de embutir possui design moderno e proporciona efeitos incr\u00edveis, a cascata al\u00e9m de proporcionar beleza na sua piscina, promove momentos de relaxamento f\u00edsico e mental, al\u00e9m de contribuir no processo de oxigena\u00e7\u00e3o da \u00e1gua de sua piscina. A Cascata de Embutir em fibra de vidro, \u00e9 confeccionada nas larguras de l\u00e2minas que variam [&hellip;]<\/p>\n","protected":false},"featured_media":302,"comment_status":"open","ping_status":"closed","template":"","meta":[],"product_brand":[],"product_cat":[26],"product_tag":[],"class_list":{"0":"post-301","1":"product","2":"type-product","3":"status-publish","4":"has-post-thumbnail","6":"product_cat-cascatas","8":"first","9":"onbackorder","10":"shipping-taxable","11":"purchasable","12":"product-type-simple"},"jetpack_sharing_enabled":true,"_links":{"self":[{"href":"https:\/\/www.marquespiscinas.com.br\/loja\/wp-json\/wp\/v2\/product\/301","targetHints":{"allow":["GET"]}}],"collection":[{"href":"https:\/\/www.marquespiscinas.com.br\/loja\/wp-json\/wp\/v2\/product"}],"about":[{"href":"https:\/\/www.marquespiscinas.com.br\/loja\/wp-json\/wp\/v2\/types\/product"}],"replies":[{"embeddable":true,"href":"https:\/\/www.marquespiscinas.com.br\/loja\/wp-json\/wp\/v2\/comments?post=301"}],"wp:featuredmedia":[{"embeddable":true,"href":"https:\/\/www.marquespiscinas.com.br\/loja\/wp-json\/wp\/v2\/media\/302"}],"wp:attachment":[{"href":"https:\/\/www.marquespiscinas.com.br\/loja\/wp-json\/wp\/v2\/media?parent=301"}],"wp:term":[{"taxonomy":"product_brand","embeddable":true,"href":"https:\/\/www.marquespiscinas.com.br\/loja\/wp-json\/wp\/v2\/product_brand?post=301"},{"taxonomy":"product_cat","embeddable":true,"href":"https:\/\/www.marquespiscinas.com.br\/loja\/wp-json\/wp\/v2\/product_cat?post=301"},{"taxonomy":"product_tag","embeddable":true,"href":"https:\/\/www.marquespiscinas.com.br\/loja\/wp-json\/wp\/v2\/product_tag?post=301"}],"curies":[{"name":"wp","href":"https:\/\/api.w.org\/{rel}","templated":true}]}}