{"id":305,"date":"2021-03-12T15:48:28","date_gmt":"2021-03-12T18:48:28","guid":{"rendered":"https:\/\/www.marquespiscinas.com.br\/loja\/?post_type=product&#038;p=305"},"modified":"2023-01-27T16:32:25","modified_gmt":"2023-01-27T19:32:25","slug":"cascata-para-piscina-03-quedas-aco-inox","status":"publish","type":"product","link":"https:\/\/www.marquespiscinas.com.br\/loja\/produto\/cascata-para-piscina-03-quedas-aco-inox\/","title":{"rendered":"Cascata para piscina 03 Quedas A\u00e7o Inox"},"content":{"rendered":"<p>A cascata 3 Quedas, \u00e9 mais um produto da Sodramar que trar\u00e1 beleza e sofistica\u00e7\u00e3o para o seu ambiente de lazer. Al\u00e9m de cuidar da \u00e1gua da sua piscina para que seu lazer seja ainda melhor.<\/p>\n","protected":false},"excerpt":{"rendered":"<p>A cascata 3 Quedas, \u00e9 mais um produto da Sodramar que trar\u00e1 beleza e sofistica\u00e7\u00e3o para o seu ambiente de lazer. Al\u00e9m de cuidar da \u00e1gua da sua piscina para que seu lazer seja ainda melhor.<\/p>\n","protected":false},"featured_media":306,"comment_status":"open","ping_status":"closed","template":"","meta":[],"product_brand":[],"product_cat":[26],"product_tag":[],"class_list":{"0":"post-305","1":"product","2":"type-product","3":"status-publish","4":"has-post-thumbnail","6":"product_cat-cascatas","8":"first","9":"onbackorder","10":"sale","11":"shipping-taxable","12":"purchasable","13":"product-type-simple"},"jetpack_sharing_enabled":true,"_links":{"self":[{"href":"https:\/\/www.marquespiscinas.com.br\/loja\/wp-json\/wp\/v2\/product\/305","targetHints":{"allow":["GET"]}}],"collection":[{"href":"https:\/\/www.marquespiscinas.com.br\/loja\/wp-json\/wp\/v2\/product"}],"about":[{"href":"https:\/\/www.marquespiscinas.com.br\/loja\/wp-json\/wp\/v2\/types\/product"}],"replies":[{"embeddable":true,"href":"https:\/\/www.marquespiscinas.com.br\/loja\/wp-json\/wp\/v2\/comments?post=305"}],"wp:featuredmedia":[{"embeddable":true,"href":"https:\/\/www.marquespiscinas.com.br\/loja\/wp-json\/wp\/v2\/media\/306"}],"wp:attachment":[{"href":"https:\/\/www.marquespiscinas.com.br\/loja\/wp-json\/wp\/v2\/media?parent=305"}],"wp:term":[{"taxonomy":"product_brand","embeddable":true,"href":"https:\/\/www.marquespiscinas.com.br\/loja\/wp-json\/wp\/v2\/product_brand?post=305"},{"taxonomy":"product_cat","embeddable":true,"href":"https:\/\/www.marquespiscinas.com.br\/loja\/wp-json\/wp\/v2\/product_cat?post=305"},{"taxonomy":"product_tag","embeddable":true,"href":"https:\/\/www.marquespiscinas.com.br\/loja\/wp-json\/wp\/v2\/product_tag?post=305"}],"curies":[{"name":"wp","href":"https:\/\/api.w.org\/{rel}","templated":true}]}}