{"id":307,"date":"2021-03-12T15:58:04","date_gmt":"2021-03-12T18:58:04","guid":{"rendered":"https:\/\/www.marquespiscinas.com.br\/loja\/?post_type=product&#038;p=307"},"modified":"2024-04-30T11:11:49","modified_gmt":"2024-04-30T14:11:49","slug":"sal-especial-para-piscinas-easyclor-nautilus-25kg","status":"publish","type":"product","link":"https:\/\/www.marquespiscinas.com.br\/loja\/produto\/sal-especial-para-piscinas-easyclor-nautilus-25kg\/","title":{"rendered":"Sal Especial Para Piscinas Easyclor Nautilus 25kg"},"content":{"rendered":"<p>O Sal Especial para Piscinas EasyClor Nautilus proporciona um tratamento da \u00e1gua da piscina de forma muito mais f\u00e1cil, conveniente e econ\u00f4mica, em conjunto com o Gerador de Cloro. O Sal, mat\u00e9ria prima utilizada na fabrica\u00e7\u00e3o do cloro atrav\u00e9s do Gerador de Cloro, deve ser aplicado diretamente na \u00e1gua da piscina.<\/p>\n<p>O Gerador de Cloro \u00e9 um equipamento que deve ser instalado na casa de m\u00e1quinas e funciona quando se filtra ou recircula a \u00e1gua da piscina. Quando a \u00e1gua com sal passa pela c\u00e9lula eletrol\u00edtica do Gerador de Cloro, gera cloro automaticamente atrav\u00e9s de um processo chamado eletr\u00f3lise.<\/p>\n<p>Dispon\u00edvel em saco de 25 Kg.<\/p>\n","protected":false},"excerpt":{"rendered":"<p>O Sal Especial para Piscinas EasyClor Nautilus proporciona um tratamento da \u00e1gua da piscina de forma muito mais f\u00e1cil, conveniente e econ\u00f4mica, em conjunto com o Gerador de Cloro. O Sal, mat\u00e9ria prima utilizada na fabrica\u00e7\u00e3o do cloro atrav\u00e9s do Gerador de Cloro, deve ser aplicado diretamente na \u00e1gua da piscina. O Gerador de Cloro [&hellip;]<\/p>\n","protected":false},"featured_media":308,"comment_status":"open","ping_status":"closed","template":"","meta":[],"product_brand":[],"product_cat":[24],"product_tag":[],"class_list":{"0":"post-307","1":"product","2":"type-product","3":"status-publish","4":"has-post-thumbnail","6":"product_cat-tratamento","8":"first","9":"instock","10":"shipping-taxable","11":"purchasable","12":"product-type-simple"},"jetpack_sharing_enabled":true,"_links":{"self":[{"href":"https:\/\/www.marquespiscinas.com.br\/loja\/wp-json\/wp\/v2\/product\/307","targetHints":{"allow":["GET"]}}],"collection":[{"href":"https:\/\/www.marquespiscinas.com.br\/loja\/wp-json\/wp\/v2\/product"}],"about":[{"href":"https:\/\/www.marquespiscinas.com.br\/loja\/wp-json\/wp\/v2\/types\/product"}],"replies":[{"embeddable":true,"href":"https:\/\/www.marquespiscinas.com.br\/loja\/wp-json\/wp\/v2\/comments?post=307"}],"wp:featuredmedia":[{"embeddable":true,"href":"https:\/\/www.marquespiscinas.com.br\/loja\/wp-json\/wp\/v2\/media\/308"}],"wp:attachment":[{"href":"https:\/\/www.marquespiscinas.com.br\/loja\/wp-json\/wp\/v2\/media?parent=307"}],"wp:term":[{"taxonomy":"product_brand","embeddable":true,"href":"https:\/\/www.marquespiscinas.com.br\/loja\/wp-json\/wp\/v2\/product_brand?post=307"},{"taxonomy":"product_cat","embeddable":true,"href":"https:\/\/www.marquespiscinas.com.br\/loja\/wp-json\/wp\/v2\/product_cat?post=307"},{"taxonomy":"product_tag","embeddable":true,"href":"https:\/\/www.marquespiscinas.com.br\/loja\/wp-json\/wp\/v2\/product_tag?post=307"}],"curies":[{"name":"wp","href":"https:\/\/api.w.org\/{rel}","templated":true}]}}