{"id":315,"date":"2021-03-18T13:24:25","date_gmt":"2021-03-18T16:24:25","guid":{"rendered":"https:\/\/www.marquespiscinas.com.br\/loja\/?post_type=product&#038;p=315"},"modified":"2025-10-13T17:50:59","modified_gmt":"2025-10-13T20:50:59","slug":"cloro-genco-1-kg","status":"publish","type":"product","link":"https:\/\/www.marquespiscinas.com.br\/loja\/produto\/cloro-genco-1-kg\/","title":{"rendered":"Cloro Genco 3 em 1  1 kg"},"content":{"rendered":"<p>&nbsp;<\/p>\n<h1>Cloro Genco 3&#215;1<\/h1>\n<p dir=\"ltr\">Al\u00e9m de ser um poderoso agente desinfetante para \u00e1guas de piscinas,tamb\u00e9m possui propriedades auxiliares como clarificante e algist\u00e1tico. \u2026 O\u00a0<b>Cloro Genco<\/b>\u00a0Multi A\u00e7\u00e3o 3 em 1 \u00e9 de f\u00e1cil solubilidade,n\u00e3o deixa a \u00e1gua leitosa, n\u00e3o altera o pH e \u00e9 recomendado para todos os tipos de piscinas.<\/p>\n","protected":false},"excerpt":{"rendered":"<p>&nbsp; Cloro Genco 3&#215;1 Al\u00e9m de ser um poderoso agente desinfetante para \u00e1guas de piscinas,tamb\u00e9m possui propriedades auxiliares como clarificante e algist\u00e1tico. \u2026 O\u00a0Cloro Genco\u00a0Multi A\u00e7\u00e3o 3 em 1 \u00e9 de f\u00e1cil solubilidade,n\u00e3o deixa a \u00e1gua leitosa, n\u00e3o altera o pH e \u00e9 recomendado para todos os tipos de piscinas.<\/p>\n","protected":false},"featured_media":316,"comment_status":"open","ping_status":"closed","template":"","meta":[],"product_brand":[],"product_cat":[24],"product_tag":[],"class_list":{"0":"post-315","1":"product","2":"type-product","3":"status-publish","4":"has-post-thumbnail","6":"product_cat-tratamento","8":"first","9":"outofstock","10":"shipping-taxable","11":"purchasable","12":"product-type-simple"},"jetpack_sharing_enabled":true,"_links":{"self":[{"href":"https:\/\/www.marquespiscinas.com.br\/loja\/wp-json\/wp\/v2\/product\/315","targetHints":{"allow":["GET"]}}],"collection":[{"href":"https:\/\/www.marquespiscinas.com.br\/loja\/wp-json\/wp\/v2\/product"}],"about":[{"href":"https:\/\/www.marquespiscinas.com.br\/loja\/wp-json\/wp\/v2\/types\/product"}],"replies":[{"embeddable":true,"href":"https:\/\/www.marquespiscinas.com.br\/loja\/wp-json\/wp\/v2\/comments?post=315"}],"wp:featuredmedia":[{"embeddable":true,"href":"https:\/\/www.marquespiscinas.com.br\/loja\/wp-json\/wp\/v2\/media\/316"}],"wp:attachment":[{"href":"https:\/\/www.marquespiscinas.com.br\/loja\/wp-json\/wp\/v2\/media?parent=315"}],"wp:term":[{"taxonomy":"product_brand","embeddable":true,"href":"https:\/\/www.marquespiscinas.com.br\/loja\/wp-json\/wp\/v2\/product_brand?post=315"},{"taxonomy":"product_cat","embeddable":true,"href":"https:\/\/www.marquespiscinas.com.br\/loja\/wp-json\/wp\/v2\/product_cat?post=315"},{"taxonomy":"product_tag","embeddable":true,"href":"https:\/\/www.marquespiscinas.com.br\/loja\/wp-json\/wp\/v2\/product_tag?post=315"}],"curies":[{"name":"wp","href":"https:\/\/api.w.org\/{rel}","templated":true}]}}