{"id":342,"date":"2021-05-10T13:35:53","date_gmt":"2021-05-10T16:35:53","guid":{"rendered":"https:\/\/www.marquespiscinas.com.br\/loja\/?post_type=product&#038;p=342"},"modified":"2024-01-18T11:12:07","modified_gmt":"2024-01-18T14:12:07","slug":"diminuidor-de-ph-e-alcalinidade-hidroazul-1l","status":"publish","type":"product","link":"https:\/\/www.marquespiscinas.com.br\/loja\/produto\/diminuidor-de-ph-e-alcalinidade-hidroazul-1l\/","title":{"rendered":"Diminuidor de pH e Alcalinidade Hidroazul 1L"},"content":{"rendered":"<p>Para diminuir a alcalinidade:<br \/>\nUtilize o produto concentrado, conforme tabela do produto, diretamente sobre a \u00e1gua em um \u00fanico ponto. Deixe em repouso por 8 horas. S\u00f3 libere a piscina ap\u00f3s esse per\u00edodo.<\/p>\n<p>Para diminuir o pH:<br \/>\nDilua o produto em um balde com \u00e1gua, conforme tabela do produto, e recircule por no m\u00ednimo 30 minutos para homogeneizar a solu\u00e7\u00e3o. A piscina poder\u00e1 ser usada 2 horas ap\u00f3s a aplica\u00e7\u00e3o do produto. pH medido, Dosagem para cada m\u00b38,4 ou +7,5ml8,0 a 8,35ml7,8 a 7,93ml<\/p>\n","protected":false},"excerpt":{"rendered":"<p><span class=\"hgKElc\">Produto concentrado e de f\u00e1cil dosagem para corrigir o\u00a0<b>pH<\/b>\u00a0e a Alcalinidade elevados. Indispens\u00e1vel no tratamento de \u00e1gua e de piscinas.<\/span><\/p>\n","protected":false},"featured_media":524,"comment_status":"open","ping_status":"closed","template":"","meta":[],"product_brand":[],"product_cat":[24],"product_tag":[],"class_list":{"0":"post-342","1":"product","2":"type-product","3":"status-publish","4":"has-post-thumbnail","6":"product_cat-tratamento","8":"first","9":"instock","10":"shipping-taxable","11":"purchasable","12":"product-type-simple"},"jetpack_sharing_enabled":true,"_links":{"self":[{"href":"https:\/\/www.marquespiscinas.com.br\/loja\/wp-json\/wp\/v2\/product\/342","targetHints":{"allow":["GET"]}}],"collection":[{"href":"https:\/\/www.marquespiscinas.com.br\/loja\/wp-json\/wp\/v2\/product"}],"about":[{"href":"https:\/\/www.marquespiscinas.com.br\/loja\/wp-json\/wp\/v2\/types\/product"}],"replies":[{"embeddable":true,"href":"https:\/\/www.marquespiscinas.com.br\/loja\/wp-json\/wp\/v2\/comments?post=342"}],"wp:featuredmedia":[{"embeddable":true,"href":"https:\/\/www.marquespiscinas.com.br\/loja\/wp-json\/wp\/v2\/media\/524"}],"wp:attachment":[{"href":"https:\/\/www.marquespiscinas.com.br\/loja\/wp-json\/wp\/v2\/media?parent=342"}],"wp:term":[{"taxonomy":"product_brand","embeddable":true,"href":"https:\/\/www.marquespiscinas.com.br\/loja\/wp-json\/wp\/v2\/product_brand?post=342"},{"taxonomy":"product_cat","embeddable":true,"href":"https:\/\/www.marquespiscinas.com.br\/loja\/wp-json\/wp\/v2\/product_cat?post=342"},{"taxonomy":"product_tag","embeddable":true,"href":"https:\/\/www.marquespiscinas.com.br\/loja\/wp-json\/wp\/v2\/product_tag?post=342"}],"curies":[{"name":"wp","href":"https:\/\/api.w.org\/{rel}","templated":true}]}}