{"id":344,"date":"2021-05-10T13:41:35","date_gmt":"2021-05-10T16:41:35","guid":{"rendered":"https:\/\/www.marquespiscinas.com.br\/loja\/?post_type=product&#038;p=344"},"modified":"2022-09-19T16:47:41","modified_gmt":"2022-09-19T19:47:41","slug":"limpa-bordas-hidroazul-1l","status":"publish","type":"product","link":"https:\/\/www.marquespiscinas.com.br\/loja\/produto\/limpa-bordas-hidroazul-1l\/","title":{"rendered":"Limpa Bordas Hidroazul 1L"},"content":{"rendered":"<p>MODO DE USO:<br \/>\n1- Coloque um pouco do produto em uma esponja previamente umedecida com \u00e1gua e friccione nas bordas da piscina, acima do n\u00edvel da \u00e1gua.<br \/>\n2 &#8211; Evite molhar a esponja ao limpar a borda para n\u00e3o diluir e enfraquecer o produto.<br \/>\n3 &#8211; Esfregue as \u00e1reas manchadas at\u00e9 a remo\u00e7\u00e3o da sujeira.<br \/>\n4 &#8211; Enx\u00e1gue a borda, j\u00e1 limpa, com a pr\u00f3pria \u00e1gua da piscina.<\/p>\n<p><strong>ATEN\u00c7\u00c3O: Nunca utilize esponjas de a\u00e7o ou similares.<\/strong><\/p>\n","protected":false},"excerpt":{"rendered":"<p>O \u00fanico em gel biodegrad\u00e1vel com suave perfume que n\u00e3o irrita as m\u00e3os. Possui f\u00f3rmula super concentrada que rende 3 vezes mais que os similares. Remove \u00f3leos e gorduras das bordas das piscinas, infl\u00e1veis e m\u00f3veis pl\u00e1sticos. N\u00e3o altera o pH e n\u00e3o provoca espuma.<\/p>\n<p>Limpa Bordas Hidroazul \u00e9 um produto especialmente desenvolvido para remover \u00f3leo e gordura das bordas das piscinas, evitando a prolifera\u00e7\u00e3o de micro-organismos.<\/p>\n","protected":false},"featured_media":525,"comment_status":"open","ping_status":"closed","template":"","meta":[],"product_brand":[],"product_cat":[24],"product_tag":[],"class_list":{"0":"post-344","1":"product","2":"type-product","3":"status-publish","4":"has-post-thumbnail","6":"product_cat-tratamento","8":"first","9":"instock","10":"shipping-taxable","11":"purchasable","12":"product-type-simple"},"jetpack_sharing_enabled":true,"_links":{"self":[{"href":"https:\/\/www.marquespiscinas.com.br\/loja\/wp-json\/wp\/v2\/product\/344","targetHints":{"allow":["GET"]}}],"collection":[{"href":"https:\/\/www.marquespiscinas.com.br\/loja\/wp-json\/wp\/v2\/product"}],"about":[{"href":"https:\/\/www.marquespiscinas.com.br\/loja\/wp-json\/wp\/v2\/types\/product"}],"replies":[{"embeddable":true,"href":"https:\/\/www.marquespiscinas.com.br\/loja\/wp-json\/wp\/v2\/comments?post=344"}],"wp:featuredmedia":[{"embeddable":true,"href":"https:\/\/www.marquespiscinas.com.br\/loja\/wp-json\/wp\/v2\/media\/525"}],"wp:attachment":[{"href":"https:\/\/www.marquespiscinas.com.br\/loja\/wp-json\/wp\/v2\/media?parent=344"}],"wp:term":[{"taxonomy":"product_brand","embeddable":true,"href":"https:\/\/www.marquespiscinas.com.br\/loja\/wp-json\/wp\/v2\/product_brand?post=344"},{"taxonomy":"product_cat","embeddable":true,"href":"https:\/\/www.marquespiscinas.com.br\/loja\/wp-json\/wp\/v2\/product_cat?post=344"},{"taxonomy":"product_tag","embeddable":true,"href":"https:\/\/www.marquespiscinas.com.br\/loja\/wp-json\/wp\/v2\/product_tag?post=344"}],"curies":[{"name":"wp","href":"https:\/\/api.w.org\/{rel}","templated":true}]}}