{"id":346,"date":"2021-05-10T13:45:24","date_gmt":"2021-05-10T16:45:24","guid":{"rendered":"https:\/\/www.marquespiscinas.com.br\/loja\/?post_type=product&#038;p=346"},"modified":"2023-03-14T16:29:26","modified_gmt":"2023-03-14T19:29:26","slug":"elevador-de-ph-hidroazul-1l","status":"publish","type":"product","link":"https:\/\/www.marquespiscinas.com.br\/loja\/produto\/elevador-de-ph-hidroazul-1l\/","title":{"rendered":"Elevador de pH Hidroazul 1L"},"content":{"rendered":"<p>MODO DE USO:<\/p>\n<p>Dilua o produto em um balde com \u00e1gua, conforme a tabela abaixo, e recircule por no m\u00ednimo 30 minutos para homogeneizar a solu\u00e7\u00e3o. A piscina poder\u00e1 ser usada 2 horas ap\u00f3s a aplica\u00e7\u00e3o do produto.<\/p>\n<table id=\"alter\" style=\"height: 227px;\" border=\"1px\" width=\"533\" cellspacing=\"0\" cellpadding=\"5px\">\n<tbody>\n<tr>\n<td><b>pH encontrado<\/b><\/td>\n<td><b>Dosagem de Elevador de pH para cada m\u00b3<\/b><\/td>\n<\/tr>\n<tr>\n<td>7,0 a 7,2<\/td>\n<td><center>10 ml<\/center><\/td>\n<\/tr>\n<tr>\n<td>6,8 a 7,0<\/td>\n<td><center>15 ml<\/center><\/td>\n<\/tr>\n<tr>\n<td style=\"text-align: center;\">abaixo de 6,8<\/td>\n<td style=\"text-align: center;\"><center>20 ml<\/center><\/td>\n<\/tr>\n<\/tbody>\n<\/table>\n<p>O Elevador de pH \u00e9 um produto destinado a elevar o pH da \u00e1gua de piscinas, neutralizando a acidez e corrigindo o equilibro qu\u00edmico da \u00e1gua. A \u00e1gua com o pH correto evita ard\u00eancia dos olhos e o endurecimento dos cabelos, torna mais eficaz a a\u00e7\u00e3o dos produtos qu\u00edmicos e auxilia no processo de clarifica\u00e7\u00e3o. Sua formula\u00e7\u00e3o possui subst\u00e2ncias b\u00e1sicas altamente eficazes. \u00c9 altamente sol\u00favel, facilitando assim o tratamento.<\/p>\n","protected":false},"excerpt":{"rendered":"<p>Produto l\u00edquido concentrado de f\u00e1cil dosagem para corrigir o pH baixo. Neutraliza a acidez da \u00e1gua, evitando a ard\u00eancia dos olhos e o endurecimento do cabelo, tornando mais eficiente a a\u00e7\u00e3o do cloro.<\/p>\n","protected":false},"featured_media":522,"comment_status":"open","ping_status":"closed","template":"","meta":[],"product_brand":[],"product_cat":[24],"product_tag":[],"class_list":{"0":"post-346","1":"product","2":"type-product","3":"status-publish","4":"has-post-thumbnail","6":"product_cat-tratamento","8":"first","9":"outofstock","10":"shipping-taxable","11":"purchasable","12":"product-type-simple"},"jetpack_sharing_enabled":true,"_links":{"self":[{"href":"https:\/\/www.marquespiscinas.com.br\/loja\/wp-json\/wp\/v2\/product\/346","targetHints":{"allow":["GET"]}}],"collection":[{"href":"https:\/\/www.marquespiscinas.com.br\/loja\/wp-json\/wp\/v2\/product"}],"about":[{"href":"https:\/\/www.marquespiscinas.com.br\/loja\/wp-json\/wp\/v2\/types\/product"}],"replies":[{"embeddable":true,"href":"https:\/\/www.marquespiscinas.com.br\/loja\/wp-json\/wp\/v2\/comments?post=346"}],"wp:featuredmedia":[{"embeddable":true,"href":"https:\/\/www.marquespiscinas.com.br\/loja\/wp-json\/wp\/v2\/media\/522"}],"wp:attachment":[{"href":"https:\/\/www.marquespiscinas.com.br\/loja\/wp-json\/wp\/v2\/media?parent=346"}],"wp:term":[{"taxonomy":"product_brand","embeddable":true,"href":"https:\/\/www.marquespiscinas.com.br\/loja\/wp-json\/wp\/v2\/product_brand?post=346"},{"taxonomy":"product_cat","embeddable":true,"href":"https:\/\/www.marquespiscinas.com.br\/loja\/wp-json\/wp\/v2\/product_cat?post=346"},{"taxonomy":"product_tag","embeddable":true,"href":"https:\/\/www.marquespiscinas.com.br\/loja\/wp-json\/wp\/v2\/product_tag?post=346"}],"curies":[{"name":"wp","href":"https:\/\/api.w.org\/{rel}","templated":true}]}}