{"id":350,"date":"2021-05-11T09:12:06","date_gmt":"2021-05-11T12:12:06","guid":{"rendered":"https:\/\/www.marquespiscinas.com.br\/loja\/?post_type=product&#038;p=350"},"modified":"2023-01-27T15:16:18","modified_gmt":"2023-01-27T18:16:18","slug":"elevador-de-ph-hidroazul-2-kg","status":"publish","type":"product","link":"https:\/\/www.marquespiscinas.com.br\/loja\/produto\/elevador-de-ph-hidroazul-2-kg\/","title":{"rendered":"Elevador de pH Hidroazul 2 kg"},"content":{"rendered":"<p>Procedimento para aplicar o Elevador de pH (BARRILHA LEVE):<br \/>\n1 \u2013 Coloque o filtro na posi\u00e7\u00e3o recircular;<br \/>\n2 \u2013 Adicione o Elevador de pH (BARRILHA LEVE) em um balde pl\u00e1stico com \u00e1gua em seguida jogue sobre a superf\u00edcie da piscina;<br \/>\n3 \u2013 Deixe o filtro da piscina ligado no m\u00ednimo duas horas;<br \/>\n4 \u2013 Ap\u00f3s 12 horas confira novamente o pH e corrija se for necess\u00e1rio.<\/p>\n<p><strong>ATEN\u00c7\u00c3O: Uso restrito em piscinas.<\/strong><\/p>\n","protected":false},"excerpt":{"rendered":"<p>A\u00a0<b>Barrilha Hidroazul<\/b> \u00e9 um produto destinado a elevar o pH da \u00e1gua, \u00e9 altamente sol\u00favel e isenta de impurezas.<\/p>\n","protected":false},"featured_media":513,"comment_status":"open","ping_status":"closed","template":"","meta":[],"product_brand":[],"product_cat":[24],"product_tag":[],"class_list":{"0":"post-350","1":"product","2":"type-product","3":"status-publish","4":"has-post-thumbnail","6":"product_cat-tratamento","8":"first","9":"outofstock","10":"shipping-taxable","11":"purchasable","12":"product-type-simple"},"jetpack_sharing_enabled":true,"_links":{"self":[{"href":"https:\/\/www.marquespiscinas.com.br\/loja\/wp-json\/wp\/v2\/product\/350","targetHints":{"allow":["GET"]}}],"collection":[{"href":"https:\/\/www.marquespiscinas.com.br\/loja\/wp-json\/wp\/v2\/product"}],"about":[{"href":"https:\/\/www.marquespiscinas.com.br\/loja\/wp-json\/wp\/v2\/types\/product"}],"replies":[{"embeddable":true,"href":"https:\/\/www.marquespiscinas.com.br\/loja\/wp-json\/wp\/v2\/comments?post=350"}],"wp:featuredmedia":[{"embeddable":true,"href":"https:\/\/www.marquespiscinas.com.br\/loja\/wp-json\/wp\/v2\/media\/513"}],"wp:attachment":[{"href":"https:\/\/www.marquespiscinas.com.br\/loja\/wp-json\/wp\/v2\/media?parent=350"}],"wp:term":[{"taxonomy":"product_brand","embeddable":true,"href":"https:\/\/www.marquespiscinas.com.br\/loja\/wp-json\/wp\/v2\/product_brand?post=350"},{"taxonomy":"product_cat","embeddable":true,"href":"https:\/\/www.marquespiscinas.com.br\/loja\/wp-json\/wp\/v2\/product_cat?post=350"},{"taxonomy":"product_tag","embeddable":true,"href":"https:\/\/www.marquespiscinas.com.br\/loja\/wp-json\/wp\/v2\/product_tag?post=350"}],"curies":[{"name":"wp","href":"https:\/\/api.w.org\/{rel}","templated":true}]}}