{"id":356,"date":"2021-05-14T15:57:38","date_gmt":"2021-05-14T18:57:38","guid":{"rendered":"https:\/\/www.marquespiscinas.com.br\/loja\/?post_type=product&#038;p=356"},"modified":"2024-01-18T11:05:48","modified_gmt":"2024-01-18T14:05:48","slug":"pastilha-premium-hidroazul","status":"publish","type":"product","link":"https:\/\/www.marquespiscinas.com.br\/loja\/produto\/pastilha-premium-hidroazul\/","title":{"rendered":"Pastilha Premium Hidroazul 200g"},"content":{"rendered":"<p>MODO DE USO:<\/p>\n<p>A Pastilha Premium de Tricloro Estabilizado \u00e9 uma excelente fonte concentrada de cloro dispon\u00edvel para desinfec\u00e7\u00e3o e sanitiza\u00e7\u00e3o de piscinas. Este produto possui lenta taxa de dissolu\u00e7\u00e3o e elevado conte\u00fado de cloro, al\u00e9m de possuir agente estabilizador de cloro, que mant\u00eam o efeito sanitizante por mais tempo na piscina, sendo indicado como um \u00f3timo auxiliar na clora\u00e7\u00e3o para tratamento da \u00e1gua. Pode ser utilizado para a destina\u00e7\u00e3o domiciliar ou institucional. \u00c9 pr\u00f3prio para a elimina\u00e7\u00e3o dos microorganismos da \u00e1gua da piscina, oxida\u00e7\u00e3o de mat\u00e9ria org\u00e2nica, inibi\u00e7\u00e3o de odores desagrad\u00e1veis e para a preven\u00e7\u00e3o da transmiss\u00e3o das mais diversas doen\u00e7as infecciosas.<\/p>\n","protected":false},"excerpt":{"rendered":"<p>\u00c9 pr\u00f3prio para a elimina\u00e7\u00e3o dos microorganismos da \u00e1gua da piscina, oxida\u00e7\u00e3o de mat\u00e9ria org\u00e2nica, inibi\u00e7\u00e3o de odores desagrad\u00e1veis e para a preven\u00e7\u00e3o da transmiss\u00e3o das mais diversas doen\u00e7as infecciosas.<\/p>\n","protected":false},"featured_media":357,"comment_status":"open","ping_status":"closed","template":"","meta":[],"product_brand":[],"product_cat":[24],"product_tag":[],"class_list":{"0":"post-356","1":"product","2":"type-product","3":"status-publish","4":"has-post-thumbnail","6":"product_cat-tratamento","8":"first","9":"instock","10":"shipping-taxable","11":"purchasable","12":"product-type-simple"},"jetpack_sharing_enabled":true,"_links":{"self":[{"href":"https:\/\/www.marquespiscinas.com.br\/loja\/wp-json\/wp\/v2\/product\/356","targetHints":{"allow":["GET"]}}],"collection":[{"href":"https:\/\/www.marquespiscinas.com.br\/loja\/wp-json\/wp\/v2\/product"}],"about":[{"href":"https:\/\/www.marquespiscinas.com.br\/loja\/wp-json\/wp\/v2\/types\/product"}],"replies":[{"embeddable":true,"href":"https:\/\/www.marquespiscinas.com.br\/loja\/wp-json\/wp\/v2\/comments?post=356"}],"wp:featuredmedia":[{"embeddable":true,"href":"https:\/\/www.marquespiscinas.com.br\/loja\/wp-json\/wp\/v2\/media\/357"}],"wp:attachment":[{"href":"https:\/\/www.marquespiscinas.com.br\/loja\/wp-json\/wp\/v2\/media?parent=356"}],"wp:term":[{"taxonomy":"product_brand","embeddable":true,"href":"https:\/\/www.marquespiscinas.com.br\/loja\/wp-json\/wp\/v2\/product_brand?post=356"},{"taxonomy":"product_cat","embeddable":true,"href":"https:\/\/www.marquespiscinas.com.br\/loja\/wp-json\/wp\/v2\/product_cat?post=356"},{"taxonomy":"product_tag","embeddable":true,"href":"https:\/\/www.marquespiscinas.com.br\/loja\/wp-json\/wp\/v2\/product_tag?post=356"}],"curies":[{"name":"wp","href":"https:\/\/api.w.org\/{rel}","templated":true}]}}